{"id":5014,"date":"2023-07-13T09:40:14","date_gmt":"2023-07-13T12:40:14","guid":{"rendered":"http:\/\/komsa.com.ar\/tienda\/?post_type=product&#038;p=5014"},"modified":"2025-04-07T09:02:29","modified_gmt":"2025-04-07T12:02:29","slug":"hp-scanjet-enterprise-flow-7500","status":"publish","type":"product","link":"https:\/\/komsa.com.ar\/tienda\/producto\/hp-scanjet-enterprise-flow-7500\/","title":{"rendered":"HP Scanjet Enterprise Flow 7500"},"content":{"rendered":"<div class=\"wpb-content-wrapper\"><p>[vc_row][vc_column][vc_custom_heading text=\u00bbESCANER PLANO &#8211; HP Scanjet Enterprise Flow 7500&#8243; font_container=\u00bbtag:h3|text_align:left|color:%233691ad\u00bb use_theme_fonts=\u00bbyes\u00bb el_class=\u00bbsemibold\u00bb][vc_column_text]Integre f\u00e1cilmente este esc\u00e1ner de superficie plana legal en los flujos de trabajo de los documentos. Obtenga un escaneo r\u00e1pido y una gesti\u00f3n fiable del papel con la tecnolog\u00eda HP Scanjet Enterprise Flow 7500 . Los grupos de trabajo pueden mejorar los escaneos con un conjunto de software de escaneo completo.<\/p>\n<h4>Obtenga un escaneo r\u00e1pido y unos resultados de imagen excelentes<\/h4>\n<ul>\n<li>Obtenga un escaneo r\u00e1pido y fiable: hasta 50 ppm\/100 ipm con 200 ppp en blanco y negro, escala de grises y color.<\/li>\n<li>Escanee con el escaner hp flow 7500 hasta 100 p\u00e1ginas a la vez y elija entre una variedad de tipos de papel, grosores y tama\u00f1os: hasta 86 cm (34 pulgadas) de longitud.<\/li>\n<li>Escanee libros, libros de contabilidad, notas, tarjetas, etc. utilizando el esc\u00e1ner de superficie plana.<\/li>\n<li>Personalice los perfiles de escaneo y acceda f\u00e1cilmente a ellos, utilizando la pantalla LCD de cuatro l\u00edneas.<\/li>\n<\/ul>\n<h4>Integre y mejore f\u00e1cilmente la gesti\u00f3n de documentos<\/h4>\n<ul>\n<li>Simplifica las tareas de escaneado con HP Scan Premium y mejora las im\u00e1genes autom\u00e1ticamente para obtener escaneados perfectos.<\/li>\n<li>Integre perfectamente este esc\u00e1ner en flujos de trabajo existentes utilizando controladores con todas las funciones.<\/li>\n<li>Optimice los escaneos con capacidades de OCR integradas y, a continuaci\u00f3n, gu\u00e1rdelos en una variedad de formatos de archivo.<\/li>\n<li>Seleccione entre varios destinos de escaneo. Agregue meta datos para buscar, archivar y compartir f\u00e1cilmente.<\/li>\n<\/ul>\n<h4>Cuente con la fiabilidad de HP y ahorre tiempo valioso<\/h4>\n<ul>\n<li>Escanee con seguridad: la tecnolog\u00eda HP EveryPage hace que los proyectos de escaneo se ejecuten sin problemas.<\/li>\n<li>Cuente con funcionamiento fiable todo el d\u00eda con un esc\u00e1ner resistente,dise\u00f1ado para gestionar hasta 3.000 p\u00e1ginas escaneadas al d\u00eda.<\/li>\n<li>Haga f\u00e1cilmente un seguimiento de las especificaciones del sistema y del estado de su esc\u00e1ner con HP Web Jet admin.<\/li>\n<li>Aproveche la garant\u00eda de un a\u00f1o y los complementos con el respaldo de la cobertura ganadora de premios de HP.<\/li>\n<\/ul>\n<p>[\/vc_column_text][\/vc_column][\/vc_row][vc_row css=\u00bb.vc_custom_1513651159719{margin-top: 20px !important;margin-bottom: 20px !important;}\u00bb][vc_column]<div class=\"mf-single-image align-center \"><span class=\"thumbnail\" ><img loading=\"lazy\" decoding=\"async\" src=\"https:\/\/komsa.com.ar\/tienda\/wp-content\/themes\/martfury\/images\/transparent.png\" data-original=\"https:\/\/komsa.com.ar\/tienda\/wp-content\/uploads\/2023\/07\/banner-ESCANER-HP-7500.jpg\"  alt=\"HP Scanjet Enterprise Flow 7500\" class=\"lazy \" width=\"1366\" height=\"624\"><\/span><\/div>[\/vc_column][\/vc_row][vc_row][vc_column][vc_column_text]<\/p>\n<hr \/>\n<p><strong><a href=\"https:\/\/www.komsa.com.ar\/\">KOMSA<\/a>\u00a0<\/strong><\/p>\n<hr \/>\n<p>Somos los \u00fanicos Distribuidores Oficiales de la marca\u00a0<a href=\"https:\/\/www.ricoh-americalatina.com\/es-ar\/productos\" rel=\"noopener\">RICOH<\/a>\u00a0y\u00a0<a href=\"https:\/\/epson.com.ar\/workforce-pro\" rel=\"noopener\">EPSON B2B<\/a>\u00a0en el NEA con m\u00e1s de 25 a\u00f1os de permanencia en el mercado. Contamos con stock de insumos y repuestos originales. Lo invitamos a visitar nuestro amplio showroom con todos los equipos publicados exhibidos. Nuestro personal t\u00e9cnico, altamente capacitado le brindar\u00e1 el mejor servicio post ven[\/vc_column_text][\/vc_column][\/vc_row]<\/p>\n<\/div>","protected":false},"excerpt":{"rendered":"<ul>\n<li><strong>Escanee hasta 100 p\u00e1ginas a la vez<\/strong><\/li>\n<li><strong>Resoluci\u00f3n \u00f3ptica:<\/strong> 600 dpi<\/li>\n<li><strong>Velocidad:<\/strong> 50 ppm\/100 ipm<\/li>\n<\/ul>\n","protected":false},"featured_media":5021,"comment_status":"open","ping_status":"closed","template":"","meta":{"_joinchat":[]},"product_cat":[1842],"product_tag":[343,1845,1808,1846],"class_list":{"0":"post-5014","1":"product","2":"type-product","3":"status-publish","4":"has-post-thumbnail","6":"product_brand-hp","7":"product_cat-escaner","8":"product_tag-color","9":"product_tag-escaner","10":"product_tag-hp","11":"product_tag-scanner","12":"product_shipping_class-envio-gratis","14":"first","15":"instock","16":"virtual","17":"purchasable","18":"product-type-simple","19":"col-xs-6 col-sm-4","20":"col-md-3 col-lg-3","21":"un-4-cols"},"_links":{"self":[{"href":"https:\/\/komsa.com.ar\/tienda\/wp-json\/wp\/v2\/product\/5014","targetHints":{"allow":["GET"]}}],"collection":[{"href":"https:\/\/komsa.com.ar\/tienda\/wp-json\/wp\/v2\/product"}],"about":[{"href":"https:\/\/komsa.com.ar\/tienda\/wp-json\/wp\/v2\/types\/product"}],"replies":[{"embeddable":true,"href":"https:\/\/komsa.com.ar\/tienda\/wp-json\/wp\/v2\/comments?post=5014"}],"wp:featuredmedia":[{"embeddable":true,"href":"https:\/\/komsa.com.ar\/tienda\/wp-json\/wp\/v2\/media\/5021"}],"wp:attachment":[{"href":"https:\/\/komsa.com.ar\/tienda\/wp-json\/wp\/v2\/media?parent=5014"}],"wp:term":[{"taxonomy":"product_cat","embeddable":true,"href":"https:\/\/komsa.com.ar\/tienda\/wp-json\/wp\/v2\/product_cat?post=5014"},{"taxonomy":"product_tag","embeddable":true,"href":"https:\/\/komsa.com.ar\/tienda\/wp-json\/wp\/v2\/product_tag?post=5014"}],"curies":[{"name":"wp","href":"https:\/\/api.w.org\/{rel}","templated":true}]}}