{"id":5005,"date":"2023-07-13T09:13:34","date_gmt":"2023-07-13T12:13:34","guid":{"rendered":"http:\/\/komsa.com.ar\/tienda\/?post_type=product&#038;p=5005"},"modified":"2025-09-16T09:32:51","modified_gmt":"2025-09-16T12:32:51","slug":"epson-ds-780n","status":"publish","type":"product","link":"https:\/\/komsa.com.ar\/tienda\/producto\/epson-ds-780n\/","title":{"rendered":"EPSON DS 780N"},"content":{"rendered":"<div class=\"wpb-content-wrapper\"><p>[vc_row][vc_column][vc_custom_heading text=\u00bbESCANER EPSON DS 780N &#8211; FULL COLOR\u00bb font_container=\u00bbtag:h3|text_align:left|color:%233691ad\u00bb use_theme_fonts=\u00bbyes\u00bb el_class=\u00bbsemibold\u00bb][vc_column_text]<\/p>\n<h4>La soluci\u00f3n inteligente de alta velocidad con m\u00f3dulo de red integrado, pantalla t\u00e1ctil y gran rendimiento para oficinas<\/h4>\n<p>El esc\u00e1ner d\u00faplex a color EPSON DS 780N es una soluci\u00f3n de escaneo inteligente de alta velocidad perfecta para mejorar el flujo de trabajo en grupos, mantener el control de toda la informaci\u00f3n confidencial y aumentar la eficiencia de las operaciones y los procesos de negocio. Cuenta con una pantalla t\u00e1ctil muy f\u00e1cil de usar y un m\u00f3dulo de red integrado.<\/p>\n<p>La intuitiva pantalla t\u00e1ctil de la Epson Workforce DS-780DN ofrece r\u00e1pido acceso a 30 trabajos definidos por el usuario y la conexi\u00f3n a redes ofrece un f\u00e1cil intercambio de documentos entre grupos de trabajo. Agilice su negocio y escanee a una alta velocidad mediante el alimentador autom\u00e1tico de documentos (ADF) con capacidad de hasta 100 p\u00e1ginas.<\/p>\n<p>Los drivers TWAIN e ISIS\u00ae garantizan la integraci\u00f3n perfecta con los programas de software existentes para gesti\u00f3n de documentos del escaner EPSON DS 780N. La compatibilidad de la l\u00ednea DS con ISIS permite incrementar la eficiencia en la captura de documentos que puede recopilar informaci\u00f3n en diversos formatos y desde diversos medios, haciendolo perfecto para la oficina.[\/vc_column_text][\/vc_column][\/vc_row][vc_row css=\u00bb.vc_custom_1513651159719{margin-top: 20px !important;margin-bottom: 20px !important;}\u00bb][vc_column]<div class=\"mf-single-image align-center \"><span class=\"thumbnail\" ><img loading=\"lazy\" decoding=\"async\" src=\"https:\/\/komsa.com.ar\/tienda\/wp-content\/themes\/martfury\/images\/transparent.png\" data-original=\"https:\/\/komsa.com.ar\/tienda\/wp-content\/uploads\/2023\/07\/banner-EPSON-DS-780N.jpg\"  alt=\"EPSON DS 780N\" class=\"lazy \" width=\"1366\" height=\"624\"><\/span><\/div>[\/vc_column][\/vc_row][vc_row][vc_column][vc_column_text]<\/p>\n<hr \/>\n<p><strong><a href=\"https:\/\/www.komsa.com.ar\/\">KOMSA<\/a>\u00a0<\/strong><\/p>\n<hr \/>\n<p>Somos los \u00fanicos Distribuidores Oficiales de la marca\u00a0<a href=\"https:\/\/www.ricoh-americalatina.com\/es-ar\/productos\" rel=\"noopener\">RICOH<\/a>\u00a0y\u00a0<a href=\"https:\/\/epson.com.ar\/workforce-pro\" rel=\"noopener\">EPSON B2B<\/a>\u00a0en el NEA con m\u00e1s de 25 a\u00f1os de permanencia en el mercado. Contamos con stock de insumos y repuestos originales. Lo invitamos a visitar nuestro amplio showroom con todos los equipos publicados exhibidos. Nuestro personal t\u00e9cnico, altamente capacitado le brindar\u00e1 el mejor servicio post ven[\/vc_column_text][\/vc_column][\/vc_row]<\/p>\n<\/div>","protected":false},"excerpt":{"rendered":"<ul>\n<li><strong>Esc\u00e1ner con de alimentador autom\u00e1tico de 100 hojas<\/strong><\/li>\n<li><strong>Resoluci\u00f3n \u00f3ptica:<\/strong> 600 dpi<\/li>\n<li><strong>Velocidad:<\/strong> 45 ppm \/ 90 ipm<sup>2<\/sup><\/li>\n<\/ul>\n","protected":false},"featured_media":5011,"comment_status":"open","ping_status":"closed","template":"","meta":{"_joinchat":[]},"product_cat":[1842,1843],"product_tag":[343,341,1845,1846],"class_list":{"0":"post-5005","1":"product","2":"type-product","3":"status-publish","4":"has-post-thumbnail","6":"product_brand-epson","7":"product_cat-escaner","8":"product_cat-escaner-color","9":"product_tag-color","10":"product_tag-epson","11":"product_tag-escaner","12":"product_tag-scanner","13":"product_shipping_class-envio-gratis","15":"first","16":"instock","17":"shipping-taxable","18":"purchasable","19":"product-type-simple","20":"col-xs-6 col-sm-4","21":"col-md-3 col-lg-3","22":"un-4-cols"},"_links":{"self":[{"href":"https:\/\/komsa.com.ar\/tienda\/wp-json\/wp\/v2\/product\/5005","targetHints":{"allow":["GET"]}}],"collection":[{"href":"https:\/\/komsa.com.ar\/tienda\/wp-json\/wp\/v2\/product"}],"about":[{"href":"https:\/\/komsa.com.ar\/tienda\/wp-json\/wp\/v2\/types\/product"}],"replies":[{"embeddable":true,"href":"https:\/\/komsa.com.ar\/tienda\/wp-json\/wp\/v2\/comments?post=5005"}],"wp:featuredmedia":[{"embeddable":true,"href":"https:\/\/komsa.com.ar\/tienda\/wp-json\/wp\/v2\/media\/5011"}],"wp:attachment":[{"href":"https:\/\/komsa.com.ar\/tienda\/wp-json\/wp\/v2\/media?parent=5005"}],"wp:term":[{"taxonomy":"product_cat","embeddable":true,"href":"https:\/\/komsa.com.ar\/tienda\/wp-json\/wp\/v2\/product_cat?post=5005"},{"taxonomy":"product_tag","embeddable":true,"href":"https:\/\/komsa.com.ar\/tienda\/wp-json\/wp\/v2\/product_tag?post=5005"}],"curies":[{"name":"wp","href":"https:\/\/api.w.org\/{rel}","templated":true}]}}