{"id":4822,"date":"2022-08-09T11:34:25","date_gmt":"2022-08-09T14:34:25","guid":{"rendered":"http:\/\/komsa.com.ar\/tienda\/?post_type=product&#038;p=4822"},"modified":"2025-04-07T09:06:41","modified_gmt":"2025-04-07T12:06:41","slug":"contadora-de-billetes-gadnic","status":"publish","type":"product","link":"https:\/\/komsa.com.ar\/tienda\/producto\/contadora-de-billetes-gadnic\/","title":{"rendered":"Contadora de Billetes GADNIC MC-01"},"content":{"rendered":"<div class=\"wpb-content-wrapper\"><p>[vc_row][vc_column][vc_column_text]<\/p>\n<h4>Acerca de la Contadora De Billetes Profesional GADNIC MC-01<\/h4>\n<p>La Contadora de Billetes Gadnic es un insumo comercial ideal para cualquier negocio o local.<\/p>\n<p>La MC-01 es un equipo compacto y estilizado. Cuenta billetes con precisi\u00f3n reduciendo el tiempo de trabajo y evitando p\u00e9rdidas debidas a errores humanos.<\/p>\n<p>\u00a1Hasta 1000 billetes por minuto! Realiza, adem\u00e1s, operaciones de adici\u00f3n y \u201cbatcheo\u201d. Es decir cuenta por lote de billetes.<\/p>\n<p>\u00a1Cont\u00e1 seguro con la Contadora de dinero Gadnic MC-01!. No solo contamos con certificados locales sino que tambi\u00e9n con certificados internacionales.[\/vc_column_text][vc_empty_space height=\u00bb10px\u00bb][\/vc_column][\/vc_row][vc_row][vc_column width=\u00bb1\/2\u2033][vc_column_text]<\/p>\n<h4><strong>CARACTERISTICAS \u2013 CONTADORA DE BILLETES GADNIC MC-01:<\/strong><\/h4>\n<ul>\n<li>Velocidad de conteo ultra r\u00e1pida<\/li>\n<li>Funciones avanzadas de conteo y armado de fajos de dinero en forma autom\u00e1tico.<\/li>\n<li>Detecci\u00f3n de moneda nacional y extranjera, compatible con la mayor\u00eda de monedas del mundo<\/li>\n<li>Detecci\u00f3n billetes falsos por UV y magnetismo, filtro MG\/UV para d\u00f3lares y euros.<\/li>\n<li>Compatible con cualquier moneda.<\/li>\n<li>Compatible con la NUEVA GENERACION DE BILLETES. ($200,$500 y $1000)<\/li>\n<li>Unicos en dar GARANTIA DE 2 A\u00d1OS.<\/li>\n<li>CARACTERISTICAS<\/li>\n<li>Cuenta 1000 billetes por minuto<\/li>\n<li>Bandeja ajustable, con capacidad de 200 billetes, tama\u00f1os: m\u00ednimo 110x50mm \u2013 m\u00e1ximo 190x90mm<\/li>\n<li>Display para visualizaci\u00f3n de las diferentes funciones programables<\/li>\n<li>LED Display de agrupaci\u00f3n de 4 d\u00edgitos LED Con teclado num\u00e9rico<\/li>\n<li>Contadora Homologada por la secretaria de Comercio<\/li>\n<li>Interlock Homologado norma Iram<\/li>\n<li>Dimensiones: 33.5 cms * 32 cms * 22 cms.<\/li>\n<li>Peso: 5 Kg.<\/li>\n<\/ul>\n<p>[\/vc_column_text][\/vc_column][vc_column width=\u00bb1\/2\u2033][vc_column_text]<\/p>\n<h4><strong>CONTENIDO DE LA CAJA:<\/strong><\/h4>\n<ul>\n<li>Contadora de Billetes certificada por la Secretaria de Comercio<\/li>\n<li>Interlock Certificado Norma Iram<\/li>\n<li>Visor extra<\/li>\n<li>6 Engranajes<\/li>\n<li>Cepillo para limpieza general del equipo<\/li>\n<li>Accesorio motor<\/li>\n<li>Accesorio Tolva<\/li>\n<li>Manual en espa\u00f1ol<\/li>\n<li>GARANTIA 2 A\u00d1OS<\/li>\n<\/ul>\n<p>[\/vc_column_text][\/vc_column][\/vc_row][vc_row css=\u00bb.vc_custom_1513651159719{margin-top: 20px !important;margin-bottom: 20px !important;}\u00bb][vc_column][vc_column_text]<\/p>\n<hr \/>\n<p><strong><a href=\"https:\/\/www.komsa.com.ar\/\">KOMSA<\/a>\u00a0<\/strong><\/p>\n<hr \/>\n<p>Somos los \u00fanicos Distribuidores Oficiales de la marca <a href=\"https:\/\/www.ricoh-americalatina.com\/es-ar\/productos\" rel=\"noopener\">RICOH<\/a> y EPSON B2B en el NEA con m\u00e1s de 25 a\u00f1os de permanencia en el mercado. Contamos con stock de insumos y repuestos originales. Lo invitamos a visitar nuestro amplio showroom con todos los equipos publicados exhibidos. Nuestro personal t\u00e9cnico, altamente capacitado le brindar\u00e1 el mejor servicio post venta.[\/vc_column_text][\/vc_column][\/vc_row]<\/p>\n<\/div>","protected":false},"excerpt":{"rendered":"<ul>\n<li>Detecta dolares, euros y nuevos pesos argentinos falsos<\/li>\n<li>Capacidad de 200 billetes<\/li>\n<li>Cuenta 1000 billetes por minuto<\/li>\n<li>Doble magnetico para deteccion de billetes<\/li>\n<li>Pantalla LED externa<\/li>\n<li>Medida de la bandeja contable es de\u00a0110x50mm\/190x90mm<\/li>\n<li>Ideal para oficinas y financieras<\/li>\n<li>Homologada en la secretaria de comercio argentina<\/li>\n<\/ul>\n","protected":false},"featured_media":4829,"comment_status":"open","ping_status":"closed","template":"","meta":{"_joinchat":[]},"product_cat":[177],"product_tag":[231,232,233],"class_list":{"0":"post-4822","1":"product","2":"type-product","3":"status-publish","4":"has-post-thumbnail","6":"product_brand-gadnic","7":"product_cat-contadora-de-billetes","8":"product_tag-billetes","9":"product_tag-contadora","10":"product_tag-contadora-de-billetes","11":"product_shipping_class-envio-gratis","13":"first","14":"outofstock","15":"shipping-taxable","16":"purchasable","17":"product-type-simple","18":"col-xs-6 col-sm-4","19":"col-md-3 col-lg-3","20":"un-4-cols"},"_links":{"self":[{"href":"https:\/\/komsa.com.ar\/tienda\/wp-json\/wp\/v2\/product\/4822","targetHints":{"allow":["GET"]}}],"collection":[{"href":"https:\/\/komsa.com.ar\/tienda\/wp-json\/wp\/v2\/product"}],"about":[{"href":"https:\/\/komsa.com.ar\/tienda\/wp-json\/wp\/v2\/types\/product"}],"replies":[{"embeddable":true,"href":"https:\/\/komsa.com.ar\/tienda\/wp-json\/wp\/v2\/comments?post=4822"}],"wp:featuredmedia":[{"embeddable":true,"href":"https:\/\/komsa.com.ar\/tienda\/wp-json\/wp\/v2\/media\/4829"}],"wp:attachment":[{"href":"https:\/\/komsa.com.ar\/tienda\/wp-json\/wp\/v2\/media?parent=4822"}],"wp:term":[{"taxonomy":"product_cat","embeddable":true,"href":"https:\/\/komsa.com.ar\/tienda\/wp-json\/wp\/v2\/product_cat?post=4822"},{"taxonomy":"product_tag","embeddable":true,"href":"https:\/\/komsa.com.ar\/tienda\/wp-json\/wp\/v2\/product_tag?post=4822"}],"curies":[{"name":"wp","href":"https:\/\/api.w.org\/{rel}","templated":true}]}}