{"id":4760,"date":"2022-04-08T12:51:24","date_gmt":"2022-04-08T12:51:24","guid":{"rendered":"http:\/\/komsa.com.ar\/tienda\/?post_type=product&#038;p=4760"},"modified":"2025-04-07T10:26:00","modified_gmt":"2025-04-07T13:26:00","slug":"epson-workforce-pro-wf-m5799","status":"publish","type":"product","link":"https:\/\/komsa.com.ar\/tienda\/producto\/epson-workforce-pro-wf-m5799\/","title":{"rendered":"EPSON Workforce Pro WF-M5799"},"content":{"rendered":"<div class=\"wpb-content-wrapper\"><p>[vc_row][vc_column][vc_custom_heading text=\u00bbMULTIFUNCION EPSON Workforce Pro WF-M5799 (B\/N)\u00bb font_container=\u00bbtag:h3|text_align:left|color:%233691ad\u00bb use_theme_fonts=\u00bbyes\u00bb el_class=\u00bbsemibold\u00bb][vc_column_text]<\/p>\n<h4>AHORRA DINERO<\/h4>\n<p>Puede ayudar a las empresas a ahorrar un m\u00ednimo de un 50% en su coste por p\u00e1gina en comparaci\u00f3n con los modelos l\u00e1ser equivalentes. Gracias a su dise\u00f1o para grupos de trabajo, tu empresa puede evitar los costes de productividad ocultos de los empleados asociados con la impresi\u00f3n centralizada. Con la <strong>EPSON WorkForce Pro WF-M5799<\/strong>\u00a0reduce a\u00fan m\u00e1s los costes cambiando menos los consumibles gracias a su innovador sistema de consumibles de tinta.<\/p>\n<h4>ALTA PRODUCTIVIDAD SIN APENAS INTERVENCI\u00d3N<\/h4>\n<p>Adem\u00e1s de proporcionar el tiempo de impresi\u00f3n de la primera p\u00e1gina m\u00e1s r\u00e1pido de su segmento en monocromas (4,8 segundos), tambi\u00e9n la EPSON WF-M5799 ofrece la mayor velocidad de escaneado a color (24 ipm). Imprime hasta 10 000 p\u00e1ginas en monocromo sin cambiar los consumibles gracias al mayor rendimiento de tinta de este segmento. La mayor capacidad de papel est\u00e1ndar (330 hojas) de este segmento de mercado.<\/p>\n<h4><strong>REDUCE EL IMPACTO<\/strong><\/h4>\n<p>Aprovecha el bajo consumo de energ\u00eda de la\u00a0<strong>EPSON WorkForce Pro WF-M5799<\/strong>\u00a0sin renunciar a unos resultados ultran\u00edtidos, con al menos un 90% menos de energ\u00eda que los modelos l\u00e1ser equivalentes.<\/p>\n<h4><strong>IDEAL PARA SU EMPRESA<\/strong><\/h4>\n<p>Una gama de software y herramientas que proporcionan opciones de impresi\u00f3n seguras, un escaneado eficiente y ayuda para gestionar dispositivos de forma remota. Gracias a la conectividad NFC e inal\u00e1mbrica, tambi\u00e9n admite la impresi\u00f3n desde dispositivos m\u00f3viles en la EPSON WF-M5799. Adem\u00e1s, con su interfaz de usuario y pantalla t\u00e1ctil inspiradas en los smartphones, en la <strong>EPSON WorkForce Pro WF-M5799<\/strong>\u00a0su uso resulta muy intuitivo. La plataforma abierta de Epson y nuestro trabajo con desarrolladores de software independientes aportan soluciones adicionales, como el software de gesti\u00f3n de impresiones PaperCut. Disponible a trav\u00e9s del servicio de impresi\u00f3n gestionado de Epson:\u00a0<a href=\"https:\/\/www.epson.es\/verticals\/print365\" rel=\"noopener\">Print365.<\/a><\/p>\n<div class=\"pl_about_us_widget \"><\/div>\n<p>[\/vc_column_text][\/vc_column][\/vc_row][vc_row css=\u00bb.vc_custom_1513651159719{margin-top: 20px !important;margin-bottom: 20px !important;}\u00bb][vc_column]<div class=\"mf-single-image align-left \"><span class=\"thumbnail\" ><img loading=\"lazy\" decoding=\"async\" src=\"https:\/\/komsa.com.ar\/tienda\/wp-content\/themes\/martfury\/images\/transparent.png\" data-original=\"https:\/\/komsa.com.ar\/tienda\/wp-content\/uploads\/2020\/05\/banner-epson-wf-c5790.jpg\"  alt=\"EPSON Workforce Pro WF-C5790\" class=\"lazy \" width=\"1366\" height=\"624\"><\/span><\/div>[\/vc_column][\/vc_row][vc_row][vc_column][vc_column_text]<\/p>\n<hr \/>\n<p><strong><a href=\"https:\/\/www.komsa.com.ar\/\">KOMSA<\/a>\u00a0<\/strong><\/p>\n<hr \/>\n<p>Somos los \u00fanicos Distribuidores Oficiales de la marca\u00a0<a href=\"https:\/\/www.ricoh-americalatina.com\/es-ar\/productos\" rel=\"noopener\">RICOH<\/a> &#8211;\u00a0<a href=\"https:\/\/epson.com.ar\/workforce-pro\" rel=\"noopener\">EPSON B2B<\/a> y HP en el NEA con m\u00e1s de 25 a\u00f1os de permanencia en el mercado. Contamos con stock de insumos y repuestos originales. Lo invitamos a visitar nuestro amplio showroom con todos los equipos publicados exhibidos. Nuestro personal t\u00e9cnico, altamente capacitado le brindar\u00e1 el mejor servicio post venta.[\/vc_column_text][\/vc_column][\/vc_row]<\/p>\n<\/div>","protected":false},"excerpt":{"rendered":"<ul>\n<li class=\"lead\"><strong>Velocidad:<\/strong> 34 p\u00e1ginas por minuto (Simple)<\/li>\n<li class=\"lead\"><strong>Ciclo Mensual:<\/strong> 4.100 p\u00e1ginas mensuales<\/li>\n<li class=\"lead\"><strong>D\u00faplex autom\u00e1tico<\/strong> (doble faz)<\/li>\n<li class=\"lead\"><strong>Tama\u00f1o de Papel:<\/strong> A4 &#8211; Oficio<\/li>\n<li><strong>Gramaje de Papel: <\/strong>Hasta 64 \u2013 256 g\/m\u00b2<\/li>\n<li class=\"lead\"><strong>Impresi\u00f3n desde tu celular<\/strong><\/li>\n<\/ul>\n","protected":false},"featured_media":4761,"comment_status":"open","ping_status":"closed","template":"","meta":{"_joinchat":[]},"product_cat":[15,210],"product_tag":[1811,341,342,344],"class_list":{"0":"post-4760","1":"product","2":"type-product","3":"status-publish","4":"has-post-thumbnail","6":"product_brand-epson","7":"product_cat-fotocopiadoras","8":"product_cat-fotocopiadoras-blanco-negro","9":"product_tag-b-n","10":"product_tag-epson","11":"product_tag-epson-workforce","12":"product_tag-tinta-pigmentada","13":"product_shipping_class-envio-gratis","15":"first","16":"outofstock","17":"shipping-taxable","18":"purchasable","19":"product-type-simple","20":"col-xs-6 col-sm-4","21":"col-md-3 col-lg-3","22":"un-4-cols"},"_links":{"self":[{"href":"https:\/\/komsa.com.ar\/tienda\/wp-json\/wp\/v2\/product\/4760","targetHints":{"allow":["GET"]}}],"collection":[{"href":"https:\/\/komsa.com.ar\/tienda\/wp-json\/wp\/v2\/product"}],"about":[{"href":"https:\/\/komsa.com.ar\/tienda\/wp-json\/wp\/v2\/types\/product"}],"replies":[{"embeddable":true,"href":"https:\/\/komsa.com.ar\/tienda\/wp-json\/wp\/v2\/comments?post=4760"}],"wp:featuredmedia":[{"embeddable":true,"href":"https:\/\/komsa.com.ar\/tienda\/wp-json\/wp\/v2\/media\/4761"}],"wp:attachment":[{"href":"https:\/\/komsa.com.ar\/tienda\/wp-json\/wp\/v2\/media?parent=4760"}],"wp:term":[{"taxonomy":"product_cat","embeddable":true,"href":"https:\/\/komsa.com.ar\/tienda\/wp-json\/wp\/v2\/product_cat?post=4760"},{"taxonomy":"product_tag","embeddable":true,"href":"https:\/\/komsa.com.ar\/tienda\/wp-json\/wp\/v2\/product_tag?post=4760"}],"curies":[{"name":"wp","href":"https:\/\/api.w.org\/{rel}","templated":true}]}}