{"id":4702,"date":"2021-11-23T14:31:01","date_gmt":"2021-11-23T14:31:01","guid":{"rendered":"http:\/\/komsa.com.ar\/tienda\/?post_type=product&#038;p=4702"},"modified":"2024-03-08T09:59:08","modified_gmt":"2024-03-08T12:59:08","slug":"hp-laser-432fdn","status":"publish","type":"product","link":"https:\/\/komsa.com.ar\/tienda\/producto\/hp-laser-432fdn\/","title":{"rendered":"HP Laser 432fdn"},"content":{"rendered":"<div class=\"wpb-content-wrapper\"><p>[vc_row][vc_column][vc_custom_heading text=\u00bbHP Laser 432fdn &#8211; Multifuncion Laser B\/N\u00bb font_container=\u00bbtag:h3|text_align:left|color:%233691ad\u00bb use_theme_fonts=\u00bbyes\u00bb el_class=\u00bbsemibold\u00bb][vc_column_text]<a href=\"https:\/\/www.komsa.com.ar\/profile\/hp-laser-432fdn\/\">Impresora multifunci\u00f3n HP Laser 432fdn<\/a>, r\u00e1pida con calidad profesional a bajos costos de funcionamiento<\/p>\n<p>Empresas que necesitan un dispositivo multifunci\u00f3n f\u00e1cil de usar para imprimir, escanear, copiar y enviar por fax una variedad de documentos y presentaciones.[\/vc_column_text][vc_row_inner][vc_column_inner width=\u00bb1\/2&#8243;][vc_column_text]<\/p>\n<h4>Alta velocidad, costos bajos<\/h4>\n<p>\u25cf Complete tareas con rapidez gracias a la impresi\u00f3n, el escaneo, el copiado y el env\u00edo de documentos por fax de alta velocidad.<br \/>\n\u25cf Cuente con una calidad de impresi\u00f3n uniforme.<br \/>\n\u25cf Acceda a opciones adicionales de impresi\u00f3n para documentos profesionales.<br \/>\n\u25cf Ayude a mantener los costos bajos con un vers\u00e1til sistema de insumos de dos piezas.[\/vc_column_text][\/vc_column_inner][vc_column_inner width=\u00bb1\/2&#8243;][vc_column_text]<\/p>\n<h4>Ayude a aumentar la productividad con funciones vers\u00e1tiles<\/h4>\n<p>\u25cf Complete tareas con rapidez y eficiencia, mientras ahorra en papel y tiempo, con el escaneo y la impresi\u00f3n a<br \/>\ndoble cara.<br \/>\n\u25cf Optimice la realizaci\u00f3n de tareas con un dise\u00f1o f\u00e1cil de usar con la HP 432FDN<br \/>\n\u25cf Mantenga el negocio en movimiento con una impresora multifunci\u00f3n que requiere poca intervenci\u00f3n.[\/vc_column_text][\/vc_column_inner][\/vc_row_inner][\/vc_column][\/vc_row][vc_row css=\u00bb.vc_custom_1513651159719{margin-top: 20px !important;margin-bottom: 20px !important;}\u00bb][vc_column]<div class=\"mf-single-image align-left \"><span class=\"thumbnail\" ><img loading=\"lazy\" decoding=\"async\" src=\"https:\/\/komsa.com.ar\/tienda\/wp-content\/themes\/martfury\/images\/transparent.png\" data-original=\"https:\/\/komsa.com.ar\/tienda\/wp-content\/uploads\/2021\/11\/banner-hp432.jpg\"  alt=\"HP Laser 432fdn\" class=\"lazy \" width=\"1366\" height=\"624\"><\/span><\/div>[\/vc_column][\/vc_row][vc_row][vc_column][vc_column_text]<\/p>\n<hr \/>\n<p><strong><a href=\"https:\/\/www.komsa.com.ar\/\">KOMSA<\/a>\u00a0<\/strong><\/p>\n<hr \/>\n<p>Somos los \u00fanicos Distribuidores Oficiales de la marca\u00a0<a href=\"https:\/\/www.ricoh-americalatina.com\/es-ar\/productos\" rel=\"noopener\">RICOH<\/a>\u00a0y\u00a0<a href=\"https:\/\/epson.com.ar\/workforce-pro\" rel=\"noopener\">EPSON B2B<\/a>\u00a0en el NEA con m\u00e1s de 25 a\u00f1os de permanencia en el mercado. Contamos con stock de insumos y repuestos originales. Lo invitamos a visitar nuestro amplio showroom con todos los equipos publicados exhibidos. Nuestro personal t\u00e9cnico, altamente capacitado le brindar\u00e1 el mejor servicio post venta.[\/vc_column_text][\/vc_column][\/vc_row]<\/p>\n<\/div>","protected":false},"excerpt":{"rendered":"<ul>\n<li class=\"lead\"><strong>Velocidad:<\/strong> 40 p\u00e1ginas por minuto<\/li>\n<li class=\"lead\"><strong>Ciclo Mensual:<\/strong> 1.500 a 3.500 p\u00e1ginas mensuales<\/li>\n<li class=\"lead\"><strong>D\u00faplex autom\u00e1tico<\/strong> (doble faz)<\/li>\n<li class=\"lead\"><strong>Tama\u00f1o de Papel:<\/strong>\u00a0 A4<\/li>\n<li><strong>Gramaje de Papel:\u00a0<\/strong>Hasta 105 g\/m\u00b2<\/li>\n<li class=\"lead\"><strong>Impresi\u00f3n desde tu celular<\/strong><\/li>\n<\/ul>\n","protected":false},"featured_media":4703,"comment_status":"open","ping_status":"closed","template":"","meta":{"_joinchat":[]},"product_cat":[15,210],"product_tag":[1811,1809,1808,1810],"class_list":{"0":"post-4702","1":"product","2":"type-product","3":"status-publish","4":"has-post-thumbnail","6":"product_brand-hp","7":"product_cat-fotocopiadoras","8":"product_cat-fotocopiadoras-blanco-negro","9":"product_tag-b-n","10":"product_tag-fotocopiadora-hp","11":"product_tag-hp","12":"product_tag-multifuncion-hp","13":"product_shipping_class-envio-gratis","15":"first","16":"instock","17":"shipping-taxable","18":"product-type-simple","19":"col-xs-6 col-sm-4","20":"col-md-3 col-lg-3","21":"un-4-cols"},"_links":{"self":[{"href":"https:\/\/komsa.com.ar\/tienda\/wp-json\/wp\/v2\/product\/4702","targetHints":{"allow":["GET"]}}],"collection":[{"href":"https:\/\/komsa.com.ar\/tienda\/wp-json\/wp\/v2\/product"}],"about":[{"href":"https:\/\/komsa.com.ar\/tienda\/wp-json\/wp\/v2\/types\/product"}],"replies":[{"embeddable":true,"href":"https:\/\/komsa.com.ar\/tienda\/wp-json\/wp\/v2\/comments?post=4702"}],"wp:featuredmedia":[{"embeddable":true,"href":"https:\/\/komsa.com.ar\/tienda\/wp-json\/wp\/v2\/media\/4703"}],"wp:attachment":[{"href":"https:\/\/komsa.com.ar\/tienda\/wp-json\/wp\/v2\/media?parent=4702"}],"wp:term":[{"taxonomy":"product_cat","embeddable":true,"href":"https:\/\/komsa.com.ar\/tienda\/wp-json\/wp\/v2\/product_cat?post=4702"},{"taxonomy":"product_tag","embeddable":true,"href":"https:\/\/komsa.com.ar\/tienda\/wp-json\/wp\/v2\/product_tag?post=4702"}],"curies":[{"name":"wp","href":"https:\/\/api.w.org\/{rel}","templated":true}]}}