{"id":4675,"date":"2021-10-26T15:00:52","date_gmt":"2021-10-26T15:00:52","guid":{"rendered":"http:\/\/komsa.com.ar\/tienda\/?post_type=product&#038;p=4675"},"modified":"2025-10-14T08:37:41","modified_gmt":"2025-10-14T11:37:41","slug":"caja-de-mantenimiento-epson-c5790","status":"publish","type":"product","link":"https:\/\/komsa.com.ar\/tienda\/producto\/caja-de-mantenimiento-epson-c5790\/","title":{"rendered":"Caja de Mantenimiento EPSON C5790"},"content":{"rendered":"<h2>Caja de Mantenimiento EPSON C5790 \u2013 T6716<\/h2>\n<p>La Caja de mantenimiento EPSON c5790 \/ T6716 almacena la tinta que se vac\u00eda del sistema durante la limpieza del cabezal de impresi\u00f3n. Su impresora y el software le permitir\u00e1n saber cuando es necesario reemplazar el Tanque de mantenimiento.<\/p>\n<p><strong>Modelos Compactibles<\/strong><strong>:<\/strong><\/p>\n<ul>\n<li>Impresora Epson WorkForce Pro WF-C579R,<\/li>\n<li>Impresora Monocrom\u00e1tica WorkForce Pro WF-M5299,<\/li>\n<li>Impresora Multifuncional Monocrom\u00e1tica WorkForce Pro WF-M5799,<\/li>\n<li>Impresora Epson WorkForce Pro WF-C5290,<\/li>\n<li>Impresora Multifuncional WorkForce Pro WF-C5790<\/li>\n<\/ul>\n<p>KIT DE MANTENIMIENTO EPSON WF C5290 \u2013 WF C5790 \u2013 100% originales.<\/p>\n<hr \/>\n<p><strong><a href=\"https:\/\/www.komsa.com.ar\/\">KOMSA<\/a>\u00a0<\/strong><\/p>\n<hr \/>\n<p>Somos los \u00fanicos Distribuidores Oficiales de la marca\u00a0<a href=\"https:\/\/www.ricoh-americalatina.com\/es-ar\/productos\" rel=\"noopener\">RICOH<\/a>\u00a0y EPSON B2B en el NEA con m\u00e1s de 25 a\u00f1os de permanencia en el mercado. Contamos con el mayor stock de insumos y repuestos originales del pa\u00eds. Lo invitamos a visitar nuestro amplio showroom con todos los equipos publicados exhibidos. Nuestro personal t\u00e9cnico, altamente capacitado le brindar\u00e1 el mejor servicio post venta.<\/p>\n","protected":false},"excerpt":{"rendered":"<ul>\n<li>KIT de mantenimiento EPSON T6716<\/li>\n<li>100% Original<\/li>\n<li>Rendimiento: 75.000 p\u00e1g.<\/li>\n<\/ul>\n","protected":false},"featured_media":4678,"comment_status":"open","ping_status":"closed","template":"","meta":{"_joinchat":[]},"product_cat":[1804],"product_tag":[1805,341,1806],"class_list":{"0":"post-4675","1":"product","2":"type-product","3":"status-publish","4":"has-post-thumbnail","6":"product_brand-epson","7":"product_cat-caja-de-mantenimiento-epson","8":"product_tag-caja-de-mantenimiento","9":"product_tag-epson","10":"product_tag-kit-de-mantenimiento","12":"first","13":"outofstock","14":"shipping-taxable","15":"purchasable","16":"product-type-simple","17":"col-xs-6 col-sm-4","18":"col-md-3 col-lg-3","19":"un-4-cols"},"_links":{"self":[{"href":"https:\/\/komsa.com.ar\/tienda\/wp-json\/wp\/v2\/product\/4675","targetHints":{"allow":["GET"]}}],"collection":[{"href":"https:\/\/komsa.com.ar\/tienda\/wp-json\/wp\/v2\/product"}],"about":[{"href":"https:\/\/komsa.com.ar\/tienda\/wp-json\/wp\/v2\/types\/product"}],"replies":[{"embeddable":true,"href":"https:\/\/komsa.com.ar\/tienda\/wp-json\/wp\/v2\/comments?post=4675"}],"wp:featuredmedia":[{"embeddable":true,"href":"https:\/\/komsa.com.ar\/tienda\/wp-json\/wp\/v2\/media\/4678"}],"wp:attachment":[{"href":"https:\/\/komsa.com.ar\/tienda\/wp-json\/wp\/v2\/media?parent=4675"}],"wp:term":[{"taxonomy":"product_cat","embeddable":true,"href":"https:\/\/komsa.com.ar\/tienda\/wp-json\/wp\/v2\/product_cat?post=4675"},{"taxonomy":"product_tag","embeddable":true,"href":"https:\/\/komsa.com.ar\/tienda\/wp-json\/wp\/v2\/product_tag?post=4675"}],"curies":[{"name":"wp","href":"https:\/\/api.w.org\/{rel}","templated":true}]}}