{"id":4250,"date":"2020-09-07T13:45:28","date_gmt":"2020-09-07T13:45:28","guid":{"rendered":"http:\/\/komsa.com.ar\/tienda\/?post_type=product&#038;p=4250"},"modified":"2025-04-07T09:09:32","modified_gmt":"2025-04-07T12:09:32","slug":"master-duplicadora-ricoh-jp-10m","status":"publish","type":"product","link":"https:\/\/komsa.com.ar\/tienda\/producto\/master-duplicadora-ricoh-jp-10m\/","title":{"rendered":"Master RICOH JP 10M"},"content":{"rendered":"<div class=\"wpb-content-wrapper\"><p>[vc_row][vc_column][vc_custom_heading text=\u00bbMASTER DUPLICADORA RICOH JP 10M\u00bb font_container=\u00bbtag:h2|font_size:16|text_align:left\u00bb use_theme_fonts=\u00bbyes\u00bb el_class=\u00bbsemibold\u00bb][vc_column_text]Master RICOH JP 10M B4 Original \u2013 Para duplicadora digital RICOH<\/p>\n<p><strong>Gramaje de papel:<\/strong> 125g<br \/>\n<strong>Diametro<\/strong>: 280mm x 125mm<br \/>\n<strong>Modelo:<\/strong> ricoh priport master jp-10m<\/p>\n<p><strong>Equipos Compatibles<\/strong><\/p>\n<ul>\n<li>Ricoh Priport JP1050 \/ 1045 \/ 1055<\/li>\n<\/ul>\n<p><strong>MASTER Duplicadora RICOH JP 10M \u2013 100% originales.<\/strong><\/p>\n<p><a href=\"https:\/\/www.komsa.com.ar\/\"><strong>KOMSA SA<\/strong><\/a><\/p>\n<p>Somos los \u00fanicos Distribuidores Oficiales de la marca <a href=\"https:\/\/www.ricoh-americalatina.com\/es-ar\/productos\" rel=\"noopener\"><strong>RICOH<\/strong><\/a> en el NEA con m\u00e1s de 25 a\u00f1os de permanencia en el mercado. Contamos con el mayor stock de insumos y repuestos originales del pa\u00eds. Lo invitamos a visitar nuestro amplio showroom con todos los equipos publicados exhibidos. Nuestro personal t\u00e9cnico, altamente capacitado le brindar\u00e1 el mejor servicio post venta.[\/vc_column_text][\/vc_column][\/vc_row]<\/p>\n<\/div>","protected":false},"excerpt":{"rendered":"<ul>\n<li><strong>Modelos:<\/strong> RICOH Priport JP 1050M &#8211; JP 1055<\/li>\n<li><strong>Dimensiones: <\/strong>280mm x 125mm<\/li>\n<li><strong>Marca:<\/strong> RICOH 100% Original<\/li>\n<\/ul>\n","protected":false},"featured_media":4247,"comment_status":"open","ping_status":"closed","template":"","meta":{"_joinchat":[]},"product_cat":[1776],"product_tag":[1778,1777],"class_list":{"0":"post-4250","1":"product","2":"type-product","3":"status-publish","4":"has-post-thumbnail","6":"product_brand-ricoh","7":"product_cat-master-original-ricoh","8":"product_tag-master-priport","9":"product_tag-master-ricoh","11":"first","12":"instock","13":"shipping-taxable","14":"purchasable","15":"product-type-simple","16":"col-xs-6 col-sm-4","17":"col-md-3 col-lg-3","18":"un-4-cols"},"_links":{"self":[{"href":"https:\/\/komsa.com.ar\/tienda\/wp-json\/wp\/v2\/product\/4250","targetHints":{"allow":["GET"]}}],"collection":[{"href":"https:\/\/komsa.com.ar\/tienda\/wp-json\/wp\/v2\/product"}],"about":[{"href":"https:\/\/komsa.com.ar\/tienda\/wp-json\/wp\/v2\/types\/product"}],"replies":[{"embeddable":true,"href":"https:\/\/komsa.com.ar\/tienda\/wp-json\/wp\/v2\/comments?post=4250"}],"wp:featuredmedia":[{"embeddable":true,"href":"https:\/\/komsa.com.ar\/tienda\/wp-json\/wp\/v2\/media\/4247"}],"wp:attachment":[{"href":"https:\/\/komsa.com.ar\/tienda\/wp-json\/wp\/v2\/media?parent=4250"}],"wp:term":[{"taxonomy":"product_cat","embeddable":true,"href":"https:\/\/komsa.com.ar\/tienda\/wp-json\/wp\/v2\/product_cat?post=4250"},{"taxonomy":"product_tag","embeddable":true,"href":"https:\/\/komsa.com.ar\/tienda\/wp-json\/wp\/v2\/product_tag?post=4250"}],"curies":[{"name":"wp","href":"https:\/\/api.w.org\/{rel}","templated":true}]}}