{"id":3906,"date":"2020-06-18T12:30:12","date_gmt":"2020-06-18T12:30:12","guid":{"rendered":"http:\/\/komsa.com.ar\/tienda\/producto\/sin%20categor\u00eda\/epson-wf-c17590-copy\/"},"modified":"2025-04-07T09:12:26","modified_gmt":"2025-04-07T12:12:26","slug":"ricoh-pro-8200s","status":"publish","type":"product","link":"https:\/\/komsa.com.ar\/tienda\/producto\/ricoh-pro-8200s\/","title":{"rendered":"RICOH Pro 8200s"},"content":{"rendered":"<div class=\"wpb-content-wrapper\"><p>[vc_row][vc_column][vc_custom_heading text=\u00bbMULTIFUNCION DE PRODUCCION &#8211; RICOH PRO 8200s &#8211; Blanco y Negro\u00bb font_container=\u00bbtag:h3|text_align:left|color:%233691ad\u00bb use_theme_fonts=\u00bbyes\u00bb el_class=\u00bbsemibold\u00bb][vc_column_text]<\/p>\n<h4>Simplifica la impresi\u00f3n de producci\u00f3n para todos<\/h4>\n<p>Nunca fue tan f\u00e1cil captar al p\u00fablico. Utiliza la <strong>RICOH Pro 8200s<\/strong> para imprimir, fotocopiar o escanear grandes vol\u00famenes de boletines, folletos, propuestas, presentaciones y m\u00e1s en blanco y negro con velocidad, facilidad y precisi\u00f3n \u2014 sin la ayuda de un operador exclusivo. Con el panel de control de pantalla t\u00e1ctil de 10.4&#8243;, los finalizadores automatizados, la compatibilidad con diversos medios y m\u00e1s, puedes compartir informaci\u00f3n de forma r\u00e1pida y econ\u00f3mica en entornos corporativos, religiosos y educativos.<\/p>\n<h4>Encuentra tu especialidad<\/h4>\n<p>Tanto si eres un operador de impresora experto o un usuario principiante, la impresora de produccion <strong>RICOH Pro 8200s<\/strong> est\u00e1 dise\u00f1ada para brindar resultados r\u00e1pidos y convenientes a todas las personas y en todo momento. Entrega manuales, boletines, formularios NCR y m\u00e1s a hasta 13&#8243; x 19.2&#8243; con facilidad. Escoge la bandeja opcional de multidesv\u00edo para hojas de pancarta para imprimir en una amplia variedad de papeles sin revestir de hasta 13&#8243; x 27.5&#8243; para materiales de oficina o escolares gen\u00e9ricos. Produce postales y tarjetas gruesas de hasta 350 g\/m<sup>2<\/sup>. Incluso puedes a\u00f1adir datos de impresi\u00f3n variables en medios preimpresos, lo que te da opciones de impresi\u00f3n m\u00e1s flexibles.<\/p>\n<h4>Digital\u00edzate y gana velocidad<\/h4>\n<p>Para compartir m\u00e1s informaci\u00f3n con m\u00e1s personas no es necesario tener m\u00e1s equipos. Escoge la impresora multifuncion <strong>RICOH Pro 8200s<\/strong> para escanear hasta 220 im\u00e1genes por minuto en una sola pasada desde el alimentador autom\u00e1tico de documentos. Utiliza una amplia variedad de capacidades de \u0093escaneo a\u0094 \u2014incluyendo escanear a email, carpeta, URL, PDF y m\u00e1s\u2014 y comparte documentos en formato electr\u00f3nico con colegas, clientes, padres y alumnos en poco tiempo para que puedan tomar decisiones m\u00e1s r\u00e1pidas e informadas.<\/p>\n<h4>Haz correr la voz<\/h4>\n<p>Imprime hasta 96 p\u00e1ginas en blanco y negro por minuto (ppm) para compartir informaci\u00f3n cr\u00edtica r\u00e1pidamente. Aumenta la capacidad de papel a 12,650 hojas desde nueve fuentes e imprime por per\u00edodos prolongados. Observa la luz de aviso al operador desde el otro lado de la sala para saber el estado del sistema. Sigue la animaci\u00f3n LED que ahorra tiempo para eliminar los atascos de papel r\u00e1pidamente. Realiza m\u00e1s tareas de mantenimiento t\u00fa mismo, como por ejemplo reemplazar el t\u00f3ner, sin la asistencia de un t\u00e9cnico.<\/p>\n<h4>Crea un acabado profesional<\/h4>\n<p>Automatiza las tareas de finalizado \u2014 incluyendo engrapado, encuadernaci\u00f3n con costura, desdoblado de bordes, interposici\u00f3n, encuadernaci\u00f3n de anillos y m\u00e1s \u2014 con opciones de finalizado m\u00faltiples. Incluso el plegado puede automatizarse, por lo que cualquier usuario puede crear documentos elegantes y profesionales con facilidad.[\/vc_column_text][\/vc_column][\/vc_row][vc_row css=\u00bb.vc_custom_1513651159719{margin-top: 20px !important;margin-bottom: 20px !important;}\u00bb][vc_column]<div class=\"mf-single-image align-left \"><span class=\"thumbnail\" ><img loading=\"lazy\" decoding=\"async\" src=\"https:\/\/komsa.com.ar\/tienda\/wp-content\/themes\/martfury\/images\/transparent.png\" data-original=\"https:\/\/komsa.com.ar\/tienda\/wp-content\/uploads\/2020\/06\/banner-ricoh-pro-8200s.jpg\"  alt=\"\" class=\"lazy \" width=\"1366\" height=\"624\"><\/span><\/div>[\/vc_column][\/vc_row][vc_row][vc_column][vc_column_text]<\/p>\n<hr \/>\n<p><strong><a href=\"https:\/\/www.komsa.com.ar\/\">KOMSA<\/a>\u00a0<\/strong><\/p>\n<hr \/>\n<p>Somos los \u00fanicos Distribuidores Oficiales de la marca <a href=\"https:\/\/www.ricoh-americalatina.com\/es-ar\/productos\" rel=\"noopener\">RICOH<\/a> y EPSON B2B en el NEA con m\u00e1s de 25 a\u00f1os de permanencia en el mercado. Contamos con stock de insumos y repuestos originales. Lo invitamos a visitar nuestro amplio showroom con todos los equipos publicados exhibidos. Nuestro personal t\u00e9cnico, altamente capacitado le brindar\u00e1 el mejor servicio post venta.[\/vc_column_text][\/vc_column][\/vc_row]<\/p>\n<\/div>","protected":false},"excerpt":{"rendered":"<ul>\n<li class=\"lead\"><strong>Velocidad:<\/strong> 96 p\u00e1ginas por minuto<\/li>\n<li class=\"lead\"><strong>Ciclo Mensual:<\/strong> 1.000.000 p\u00e1ginas mensuales<\/li>\n<li class=\"lead\"><strong>D\u00faplex autom\u00e1tico<\/strong> (doble faz)<\/li>\n<li class=\"lead\"><strong>Tama\u00f1o de Papel:<\/strong> A3, A4, oficio y legal<\/li>\n<li class=\"lead\"><strong>Impresi\u00f3n desde tu celular<\/strong><\/li>\n<\/ul>\n","protected":false},"featured_media":3910,"comment_status":"open","ping_status":"closed","template":"","meta":{"_joinchat":[]},"product_cat":[130,75],"product_tag":[331,1430,1431],"class_list":{"0":"post-3906","1":"product","2":"type-product","3":"status-publish","4":"has-post-thumbnail","6":"product_brand-ricoh","7":"product_cat-hoja-cortada","8":"product_cat-impresoras-de-produccion","9":"product_tag-ricoh","10":"product_tag-ricoh-pro","11":"product_tag-ricoh-produccion","13":"first","14":"instock","15":"shipping-taxable","16":"purchasable","17":"product-type-simple","18":"col-xs-6 col-sm-4","19":"col-md-3 col-lg-3","20":"un-4-cols"},"_links":{"self":[{"href":"https:\/\/komsa.com.ar\/tienda\/wp-json\/wp\/v2\/product\/3906","targetHints":{"allow":["GET"]}}],"collection":[{"href":"https:\/\/komsa.com.ar\/tienda\/wp-json\/wp\/v2\/product"}],"about":[{"href":"https:\/\/komsa.com.ar\/tienda\/wp-json\/wp\/v2\/types\/product"}],"replies":[{"embeddable":true,"href":"https:\/\/komsa.com.ar\/tienda\/wp-json\/wp\/v2\/comments?post=3906"}],"wp:featuredmedia":[{"embeddable":true,"href":"https:\/\/komsa.com.ar\/tienda\/wp-json\/wp\/v2\/media\/3910"}],"wp:attachment":[{"href":"https:\/\/komsa.com.ar\/tienda\/wp-json\/wp\/v2\/media?parent=3906"}],"wp:term":[{"taxonomy":"product_cat","embeddable":true,"href":"https:\/\/komsa.com.ar\/tienda\/wp-json\/wp\/v2\/product_cat?post=3906"},{"taxonomy":"product_tag","embeddable":true,"href":"https:\/\/komsa.com.ar\/tienda\/wp-json\/wp\/v2\/product_tag?post=3906"}],"curies":[{"name":"wp","href":"https:\/\/api.w.org\/{rel}","templated":true}]}}