{"id":3850,"date":"2020-06-09T13:28:52","date_gmt":"2020-06-09T13:28:52","guid":{"rendered":"http:\/\/komsa.com.ar\/tienda\/producto\/sin%20categor\u00eda\/tinta-epson-wf-c5790-magenta-copy\/"},"modified":"2025-09-16T09:37:17","modified_gmt":"2025-09-16T12:37:17","slug":"tinta-epson-wf-6590-magenta","status":"publish","type":"product","link":"https:\/\/komsa.com.ar\/tienda\/producto\/tinta-epson-wf-6590-magenta\/","title":{"rendered":"Tinta EPSON WF-6590 Magenta"},"content":{"rendered":"<div class=\"wpb-content-wrapper\"><p>[vc_row][vc_column][vc_custom_heading text=\u00bbTINTA EPSON WF-6590 Magenta\u00bb font_container=\u00bbtag:h2|font_size:16|text_align:left\u00bb use_theme_fonts=\u00bbyes\u00bb el_class=\u00bbsemibold\u00bb][vc_column_text]<strong>TINTA PARA MULTIFUNCION EPSON WORKFORCE PRO<\/strong><\/p>\n<p><strong>Modelo:<\/strong> T748 XXL<br \/>\n<strong>Rendimiento:<\/strong> 7.000 paginas<br \/>\n<strong>Color:<\/strong> Magenta<br \/>\n<strong>Capacidad:<\/strong> 68 ml<\/p>\n<p><strong>Modelos Compactibles<\/strong><strong>:<\/strong><\/p>\n<ul>\n<li>WF-6090<\/li>\n<li>WF-6590<\/li>\n<\/ul>\n<p><strong>Cartucho Tinta EPSON WF-6590 Magenta <\/strong>&#8211; 100% originales.<\/p>\n<hr \/>\n<p><strong><a href=\"https:\/\/www.komsa.com.ar\/\">KOMSA<\/a>\u00a0<\/strong><\/p>\n<hr \/>\n<p>Somos los \u00fanicos Distribuidores Oficiales de la marca <a href=\"https:\/\/www.ricoh-americalatina.com\/es-ar\/productos\" rel=\"noopener\">RICOH<\/a> y EPSON B2B en el NEA con m\u00e1s de 25 a\u00f1os de permanencia en el mercado. Contamos con el mayor stock de insumos y repuestos originales del pa\u00eds. Lo invitamos a visitar nuestro amplio showroom con todos los equipos publicados exhibidos. Nuestro personal t\u00e9cnico, altamente capacitado le brindar\u00e1 el mejor servicio post venta.[\/vc_column_text][\/vc_column][\/vc_row]<\/p>\n<\/div>","protected":false},"excerpt":{"rendered":"<ul>\n<li><strong>Rendimiento:<\/strong> 7.000 p\u00e1ginas.<\/li>\n<li><b>Modelos Compatibles: <\/b>WF-6090 \/ WF-6590<\/li>\n<li><strong>Marca:<\/strong> EPSON 100% Original<\/li>\n<li><strong>Color:<\/strong> Magenta<\/li>\n<\/ul>\n","protected":false},"featured_media":3855,"comment_status":"open","ping_status":"closed","template":"","meta":{"_joinchat":[]},"product_cat":[172,203,207],"product_tag":[1231,1215],"class_list":{"0":"post-3850","1":"product","2":"type-product","3":"status-publish","4":"has-post-thumbnail","6":"product_brand-epson","7":"product_cat-insumos","8":"product_cat-tinta-epson-workforce","9":"product_cat-tinta-magenta","10":"product_tag-tinta-epson","11":"product_tag-tinta-magenta","13":"first","14":"instock","15":"shipping-taxable","16":"purchasable","17":"product-type-simple","18":"col-xs-6 col-sm-4","19":"col-md-3 col-lg-3","20":"un-4-cols"},"_links":{"self":[{"href":"https:\/\/komsa.com.ar\/tienda\/wp-json\/wp\/v2\/product\/3850","targetHints":{"allow":["GET"]}}],"collection":[{"href":"https:\/\/komsa.com.ar\/tienda\/wp-json\/wp\/v2\/product"}],"about":[{"href":"https:\/\/komsa.com.ar\/tienda\/wp-json\/wp\/v2\/types\/product"}],"replies":[{"embeddable":true,"href":"https:\/\/komsa.com.ar\/tienda\/wp-json\/wp\/v2\/comments?post=3850"}],"wp:featuredmedia":[{"embeddable":true,"href":"https:\/\/komsa.com.ar\/tienda\/wp-json\/wp\/v2\/media\/3855"}],"wp:attachment":[{"href":"https:\/\/komsa.com.ar\/tienda\/wp-json\/wp\/v2\/media?parent=3850"}],"wp:term":[{"taxonomy":"product_cat","embeddable":true,"href":"https:\/\/komsa.com.ar\/tienda\/wp-json\/wp\/v2\/product_cat?post=3850"},{"taxonomy":"product_tag","embeddable":true,"href":"https:\/\/komsa.com.ar\/tienda\/wp-json\/wp\/v2\/product_tag?post=3850"}],"curies":[{"name":"wp","href":"https:\/\/api.w.org\/{rel}","templated":true}]}}