{"id":3847,"date":"2020-06-09T13:27:45","date_gmt":"2020-06-09T13:27:45","guid":{"rendered":"http:\/\/komsa.com.ar\/tienda\/producto\/sin%20categor\u00eda\/tinta-epson-wf-c5790-yellow-copy\/"},"modified":"2025-09-16T09:37:23","modified_gmt":"2025-09-16T12:37:23","slug":"tinta-epson-wf-6590-yellow","status":"publish","type":"product","link":"https:\/\/komsa.com.ar\/tienda\/producto\/tinta-epson-wf-6590-yellow\/","title":{"rendered":"Tinta EPSON WF-6590 Yellow"},"content":{"rendered":"<h3><strong>Tinta EPSON WF-6590 yellow<\/strong><\/h3>\n<p><strong>Modelo:<\/strong> T748 XXL<br \/>\n<strong>Rendimiento:<\/strong> 7.000 paginas<br \/>\n<strong>Color:<\/strong> Yellow \/ Amarillo<br \/>\n<strong>Capacidad:<\/strong> 68 ml<\/p>\n<p><strong>Modelos Compactibles<\/strong><strong>:<\/strong><\/p>\n<ul>\n<li>WF-6090<\/li>\n<li>WF-6590<\/li>\n<\/ul>\n<h5><strong>Cartucho Tinta EPSON WF 6590 Yellow <\/strong>&#8211; 100% originales.<\/h5>\n<hr \/>\n<p><strong><a href=\"https:\/\/www.komsa.com.ar\/\">KOMSA<\/a>\u00a0<\/strong><\/p>\n<hr \/>\n<p>Somos los \u00fanicos Distribuidores Oficiales de la marca <a href=\"https:\/\/www.ricoh-americalatina.com\/es-ar\/productos\" rel=\"noopener\">RICOH<\/a> y EPSON B2B en el NEA con m\u00e1s de 25 a\u00f1os de permanencia en el mercado. Contamos con el mayor stock de insumos y repuestos originales del pa\u00eds. Lo invitamos a visitar nuestro amplio showroom con todos los equipos publicados exhibidos. Nuestro personal t\u00e9cnico, altamente capacitado le brindar\u00e1 el mejor servicio post venta.<\/p>\n","protected":false},"excerpt":{"rendered":"<ul>\n<li><strong>Rendimiento:<\/strong> 7.000 p\u00e1ginas.<\/li>\n<li><b>Modelos Compatibles: <\/b>WF-6090 \/ WF-6590<\/li>\n<li><strong>Marca:<\/strong> EPSON 100% Original<\/li>\n<li><strong>Color:<\/strong> Yellow \/ Amarillo<\/li>\n<\/ul>\n","protected":false},"featured_media":3852,"comment_status":"open","ping_status":"closed","template":"","meta":{"_joinchat":[]},"product_cat":[172,203,205],"product_tag":[1230,1231,1229],"class_list":{"0":"post-3847","1":"product","2":"type-product","3":"status-publish","4":"has-post-thumbnail","6":"product_brand-epson","7":"product_cat-insumos","8":"product_cat-tinta-epson-workforce","9":"product_cat-tinta-amarilla-yellow","10":"product_tag-tinta-amarilla","11":"product_tag-tinta-epson","12":"product_tag-tinta-yellow","14":"first","15":"instock","16":"shipping-taxable","17":"purchasable","18":"product-type-simple","19":"col-xs-6 col-sm-4","20":"col-md-3 col-lg-3","21":"un-4-cols"},"_links":{"self":[{"href":"https:\/\/komsa.com.ar\/tienda\/wp-json\/wp\/v2\/product\/3847","targetHints":{"allow":["GET"]}}],"collection":[{"href":"https:\/\/komsa.com.ar\/tienda\/wp-json\/wp\/v2\/product"}],"about":[{"href":"https:\/\/komsa.com.ar\/tienda\/wp-json\/wp\/v2\/types\/product"}],"replies":[{"embeddable":true,"href":"https:\/\/komsa.com.ar\/tienda\/wp-json\/wp\/v2\/comments?post=3847"}],"wp:featuredmedia":[{"embeddable":true,"href":"https:\/\/komsa.com.ar\/tienda\/wp-json\/wp\/v2\/media\/3852"}],"wp:attachment":[{"href":"https:\/\/komsa.com.ar\/tienda\/wp-json\/wp\/v2\/media?parent=3847"}],"wp:term":[{"taxonomy":"product_cat","embeddable":true,"href":"https:\/\/komsa.com.ar\/tienda\/wp-json\/wp\/v2\/product_cat?post=3847"},{"taxonomy":"product_tag","embeddable":true,"href":"https:\/\/komsa.com.ar\/tienda\/wp-json\/wp\/v2\/product_tag?post=3847"}],"curies":[{"name":"wp","href":"https:\/\/api.w.org\/{rel}","templated":true}]}}