{"id":3827,"date":"2020-06-09T09:18:57","date_gmt":"2020-06-09T12:18:57","guid":{"rendered":"http:\/\/komsa.com.ar\/tienda\/producto\/sin%20categor\u00eda\/tinta-ricoh-dd-5450-black-copy\/"},"modified":"2025-09-16T09:38:09","modified_gmt":"2025-09-16T12:38:09","slug":"tinta-epson-wf-c5790-black","status":"publish","type":"product","link":"https:\/\/komsa.com.ar\/tienda\/producto\/tinta-epson-wf-c5790-black\/","title":{"rendered":"Tinta EPSON WF-C5790 Black"},"content":{"rendered":"<div class=\"wpb-content-wrapper\"><p>[vc_row][vc_column][vc_custom_heading text=\u00bbTINTA EPSON WF-C5790 Black\u00bb font_container=\u00bbtag:h2|font_size:16|text_align:left\u00bb use_theme_fonts=\u00bbyes\u00bb el_class=\u00bbsemibold\u00bb][vc_column_text]<strong>TINTA PARA MULTIFUNCION EPSON WORKFORCE PRO<\/strong><\/p>\n<p><strong>Modelo:<\/strong> T9461 XXL<br \/>\n<strong>Rendimiento:<\/strong> 10.000 paginas 5% de cobertura en A4.<br \/>\n<strong>Color:<\/strong> Negro \/ Black<br \/>\n<strong>Capacidad:<\/strong> 137 ml<\/p>\n<p><strong>Modelos Compactibles<\/strong><strong>:<\/strong><\/p>\n<ul>\n<li>WF-C5290<\/li>\n<li>WF-C5790<\/li>\n<\/ul>\n<p><strong>Tinta EPSON WF-C5790 Black<\/strong>\u00a0\u2013 100% originales.<\/p>\n<hr \/>\n<p><strong><a href=\"https:\/\/www.komsa.com.ar\/\">KOMSA<\/a>\u00a0<\/strong><\/p>\n<hr \/>\n<p>Somos los \u00fanicos Distribuidores Oficiales de la marca <a href=\"https:\/\/www.ricoh-americalatina.com\/es-ar\/productos\" rel=\"noopener\">RICOH<\/a> y EPSON B2B en el NEA con m\u00e1s de 25 a\u00f1os de permanencia en el mercado. Contamos con el mayor stock de insumos y repuestos originales del pa\u00eds. Lo invitamos a visitar nuestro amplio showroom con todos los equipos publicados exhibidos. Nuestro personal t\u00e9cnico, altamente capacitado le brindar\u00e1 el mejor servicio post venta.[\/vc_column_text][\/vc_column][\/vc_row]<\/p>\n<\/div>","protected":false},"excerpt":{"rendered":"<ul>\n<li><strong>Rendimiento:<\/strong> 10.000 p\u00e1ginas con 5% de cobertura en A4.<\/li>\n<li><b>Modelos Compatibles: <\/b>WF-C5290 \/ WF-C5790<\/li>\n<li><strong>Marca:<\/strong> EPSON 100% Original<\/li>\n<li><strong>Color:<\/strong> Black \/ Negro<\/li>\n<\/ul>\n","protected":false},"featured_media":3837,"comment_status":"open","ping_status":"closed","template":"","meta":{"_joinchat":[]},"product_cat":[172,203,204],"product_tag":[1186,1231,1202],"class_list":{"0":"post-3827","1":"product","2":"type-product","3":"status-publish","4":"has-post-thumbnail","6":"product_brand-epson","7":"product_cat-insumos","8":"product_cat-tinta-epson-workforce","9":"product_cat-tinta-negra-black","10":"product_tag-tinta-black","11":"product_tag-tinta-epson","12":"product_tag-tinta-negra","14":"first","15":"instock","16":"shipping-taxable","17":"purchasable","18":"product-type-simple","19":"col-xs-6 col-sm-4","20":"col-md-3 col-lg-3","21":"un-4-cols"},"_links":{"self":[{"href":"https:\/\/komsa.com.ar\/tienda\/wp-json\/wp\/v2\/product\/3827","targetHints":{"allow":["GET"]}}],"collection":[{"href":"https:\/\/komsa.com.ar\/tienda\/wp-json\/wp\/v2\/product"}],"about":[{"href":"https:\/\/komsa.com.ar\/tienda\/wp-json\/wp\/v2\/types\/product"}],"replies":[{"embeddable":true,"href":"https:\/\/komsa.com.ar\/tienda\/wp-json\/wp\/v2\/comments?post=3827"}],"wp:featuredmedia":[{"embeddable":true,"href":"https:\/\/komsa.com.ar\/tienda\/wp-json\/wp\/v2\/media\/3837"}],"wp:attachment":[{"href":"https:\/\/komsa.com.ar\/tienda\/wp-json\/wp\/v2\/media?parent=3827"}],"wp:term":[{"taxonomy":"product_cat","embeddable":true,"href":"https:\/\/komsa.com.ar\/tienda\/wp-json\/wp\/v2\/product_cat?post=3827"},{"taxonomy":"product_tag","embeddable":true,"href":"https:\/\/komsa.com.ar\/tienda\/wp-json\/wp\/v2\/product_tag?post=3827"}],"curies":[{"name":"wp","href":"https:\/\/api.w.org\/{rel}","templated":true}]}}