{"id":3772,"date":"2020-06-05T14:37:53","date_gmt":"2020-06-05T14:37:53","guid":{"rendered":"http:\/\/komsa.com.ar\/tienda\/producto\/sin%20categor\u00eda\/tinta-ricoh-vt-600-black-copy\/"},"modified":"2025-04-07T09:17:42","modified_gmt":"2025-04-07T12:17:42","slug":"tinta-ricoh-dd-5450-black","status":"publish","type":"product","link":"https:\/\/komsa.com.ar\/tienda\/producto\/tinta-ricoh-dd-5450-black\/","title":{"rendered":"Tinta RICOH DD 5450 Black"},"content":{"rendered":"<div class=\"wpb-content-wrapper\"><p>[vc_row][vc_column][vc_custom_heading text=\u00bbTINTA RICOH DD 5450 Black\u00bb font_container=\u00bbtag:h2|font_size:16|text_align:left\u00bb use_theme_fonts=\u00bbyes\u00bb el_class=\u00bbsemibold\u00bb][vc_column_text]<strong>TINTA PARA DUPLICADORA RICOH DD 5450 PRIPORT INK Type 500<\/strong><\/p>\n<p><strong>Modelo:<\/strong> PRIPORT Type 500<br \/>\n<strong>Rendimiento: <\/strong>6.000 impresiones<br \/>\n<strong>Color:<\/strong> Negro \/ Black<br \/>\n<strong>Capacidad:<\/strong> 600ml<\/p>\n<p><strong>Modelos Compactibles<\/strong><strong>:<\/strong><\/p>\n<ul>\n<li>DD 5450<\/li>\n<\/ul>\n<p><strong>Tinta RICOH DD 5450 Black<\/strong>\u00a0&#8211; 100% originales.<\/p>\n<hr \/>\n<p><strong><a href=\"https:\/\/www.komsa.com.ar\/\">KOMSA<\/a>\u00a0<\/strong><\/p>\n<hr \/>\n<p>Somos los \u00fanicos Distribuidores Oficiales de la marca <a href=\"https:\/\/www.ricoh-americalatina.com\/es-ar\/productos\" rel=\"noopener\">RICOH<\/a> en el NEA con m\u00e1s de 25 a\u00f1os de permanencia en el mercado. Contamos con el mayor stock de insumos y repuestos originales del pa\u00eds. Lo invitamos a visitar nuestro amplio showroom con todos los equipos publicados exhibidos. Nuestro personal t\u00e9cnico, altamente capacitado le brindar\u00e1 el mejor servicio post venta.[\/vc_column_text][\/vc_column][\/vc_row]<\/p>\n<\/div>","protected":false},"excerpt":{"rendered":"<ul>\n<li><strong>Rendimiento:<\/strong> 6.000 Impresiones.<\/li>\n<li><b>Modelos Compatibles: <\/b>DD 5450<\/li>\n<li><strong>Marca:<\/strong> RICOH 100% Original<\/li>\n<li><strong>Capacidad:<\/strong> 600ml.<\/li>\n<li><strong>Color:<\/strong> Black \/ Negro<\/li>\n<\/ul>\n","protected":false},"featured_media":3774,"comment_status":"open","ping_status":"closed","template":"","meta":{"_joinchat":[]},"product_cat":[172],"product_tag":[1186,1185,1202,1184],"class_list":{"0":"post-3772","1":"product","2":"type-product","3":"status-publish","4":"has-post-thumbnail","6":"product_brand-ricoh","7":"product_cat-insumos","8":"product_tag-tinta-black","9":"product_tag-tinta-duplicadora","10":"product_tag-tinta-negra","11":"product_tag-tinta-ricoh","13":"first","14":"instock","15":"shipping-taxable","16":"purchasable","17":"product-type-simple","18":"col-xs-6 col-sm-4","19":"col-md-3 col-lg-3","20":"un-4-cols"},"_links":{"self":[{"href":"https:\/\/komsa.com.ar\/tienda\/wp-json\/wp\/v2\/product\/3772","targetHints":{"allow":["GET"]}}],"collection":[{"href":"https:\/\/komsa.com.ar\/tienda\/wp-json\/wp\/v2\/product"}],"about":[{"href":"https:\/\/komsa.com.ar\/tienda\/wp-json\/wp\/v2\/types\/product"}],"replies":[{"embeddable":true,"href":"https:\/\/komsa.com.ar\/tienda\/wp-json\/wp\/v2\/comments?post=3772"}],"wp:featuredmedia":[{"embeddable":true,"href":"https:\/\/komsa.com.ar\/tienda\/wp-json\/wp\/v2\/media\/3774"}],"wp:attachment":[{"href":"https:\/\/komsa.com.ar\/tienda\/wp-json\/wp\/v2\/media?parent=3772"}],"wp:term":[{"taxonomy":"product_cat","embeddable":true,"href":"https:\/\/komsa.com.ar\/tienda\/wp-json\/wp\/v2\/product_cat?post=3772"},{"taxonomy":"product_tag","embeddable":true,"href":"https:\/\/komsa.com.ar\/tienda\/wp-json\/wp\/v2\/product_tag?post=3772"}],"curies":[{"name":"wp","href":"https:\/\/api.w.org\/{rel}","templated":true}]}}