{"id":3666,"date":"2020-06-04T12:49:34","date_gmt":"2020-06-04T12:49:34","guid":{"rendered":"http:\/\/komsa.com.ar\/tienda\/producto\/sin%20categor\u00eda\/toner-ricoh-sp-c310-black-copy\/"},"modified":"2025-04-07T09:24:38","modified_gmt":"2025-04-07T12:24:38","slug":"toner-ricoh-sp-c310-cyan","status":"publish","type":"product","link":"https:\/\/komsa.com.ar\/tienda\/producto\/toner-ricoh-sp-c310-cyan\/","title":{"rendered":"Toner RICOH SP C310 Cyan"},"content":{"rendered":"<div class=\"wpb-content-wrapper\"><p>[vc_row][vc_column][vc_custom_heading text=\u00bbTONER RICOH SP C310 Cyan\u00bb font_container=\u00bbtag:h2|font_size:16|text_align:left\u00bb use_theme_fonts=\u00bbyes\u00bb el_class=\u00bbsemibold\u00bb][vc_column_text]<strong>Toner Original RICOH SP C310<\/strong><\/p>\n<p><strong>Rendimiento: <\/strong>6.000 p\u00e1ginas con 5% de cobertura<br \/>\n<strong>Color:<\/strong> Cyan<br \/>\n<strong>Modelos Compactibles<\/strong><strong>:<\/strong><\/p>\n<ul>\n<li>RICOH SP C231N \/ SP C231SF \/ SP C232 DN \/ SP C232SF \/ SP C242ND \/ SP C242SF \/ SP C310 \/ SP C311N \/ SP C312DN \/ SP C320DN<\/li>\n<\/ul>\n<p><strong>Toner RICOH SP C310 Cyan<\/strong>\u00a0\u2013 100% originales.<\/p>\n<hr \/>\n<p><strong><a href=\"https:\/\/www.komsa.com.ar\/\">KOMSA<\/a>\u00a0<\/strong><\/p>\n<hr \/>\n<p>Somos los \u00fanicos Distribuidores Oficiales de la marca <a href=\"https:\/\/www.ricoh-americalatina.com\/es-ar\/productos\" rel=\"noopener\">RICOH<\/a> en el NEA con m\u00e1s de 25 a\u00f1os de permanencia en el mercado. Contamos con el mayor stock de insumos y repuestos originales del pa\u00eds. Lo invitamos a visitar nuestro amplio showroom con todos los equipos publicados exhibidos. Nuestro personal t\u00e9cnico, altamente capacitado le brindar\u00e1 el mejor servicio post venta.[\/vc_column_text][\/vc_column][\/vc_row]<\/p>\n<\/div>","protected":false},"excerpt":{"rendered":"<ul>\n<li><strong>Rendimiento:<\/strong> 6.000 paginas.<\/li>\n<li><b>Modelos Compatibles:<\/b> RICOH SP C231N \/ SP C231SF \/ SP C232 DN \/ SP C232SF \/ SP C242ND \/ SP C242SF \/ SP C310 \/ SP C311N \/ SP C312DN \/ SP C320DN<\/li>\n<li><strong>Marca:<\/strong> RICOH 100% Original<\/li>\n<li><strong>Color:<\/strong> Cyan<\/li>\n<\/ul>\n","protected":false},"featured_media":3653,"comment_status":"open","ping_status":"closed","template":"","meta":{"_joinchat":[]},"product_cat":[169,197,202],"product_tag":[1148,1060,989,990],"class_list":{"0":"post-3666","1":"product","2":"type-product","3":"status-publish","4":"has-post-thumbnail","6":"product_brand-ricoh","7":"product_cat-toner-original-ricoh","8":"product_cat-toner-color","9":"product_cat-toner-cyan","10":"product_tag-toner-color","11":"product_tag-toner-cyan","12":"product_tag-toner-original","13":"product_tag-toner-ricoh","15":"first","16":"instock","17":"shipping-taxable","18":"purchasable","19":"product-type-simple","20":"col-xs-6 col-sm-4","21":"col-md-3 col-lg-3","22":"un-4-cols"},"_links":{"self":[{"href":"https:\/\/komsa.com.ar\/tienda\/wp-json\/wp\/v2\/product\/3666","targetHints":{"allow":["GET"]}}],"collection":[{"href":"https:\/\/komsa.com.ar\/tienda\/wp-json\/wp\/v2\/product"}],"about":[{"href":"https:\/\/komsa.com.ar\/tienda\/wp-json\/wp\/v2\/types\/product"}],"replies":[{"embeddable":true,"href":"https:\/\/komsa.com.ar\/tienda\/wp-json\/wp\/v2\/comments?post=3666"}],"wp:featuredmedia":[{"embeddable":true,"href":"https:\/\/komsa.com.ar\/tienda\/wp-json\/wp\/v2\/media\/3653"}],"wp:attachment":[{"href":"https:\/\/komsa.com.ar\/tienda\/wp-json\/wp\/v2\/media?parent=3666"}],"wp:term":[{"taxonomy":"product_cat","embeddable":true,"href":"https:\/\/komsa.com.ar\/tienda\/wp-json\/wp\/v2\/product_cat?post=3666"},{"taxonomy":"product_tag","embeddable":true,"href":"https:\/\/komsa.com.ar\/tienda\/wp-json\/wp\/v2\/product_tag?post=3666"}],"curies":[{"name":"wp","href":"https:\/\/api.w.org\/{rel}","templated":true}]}}