{"id":3575,"date":"2020-06-01T13:58:30","date_gmt":"2020-06-01T13:58:30","guid":{"rendered":"http:\/\/komsa.com.ar\/tienda\/producto\/sin%20categor\u00eda\/toner-ricoh-mp-c3503-yellow-copy\/"},"modified":"2025-04-07T09:28:49","modified_gmt":"2025-04-07T12:28:49","slug":"toner-ricoh-mp-c3502-yellow","status":"publish","type":"product","link":"https:\/\/komsa.com.ar\/tienda\/producto\/toner-ricoh-mp-c3502-yellow\/","title":{"rendered":"Toner RICOH MP C3502 Yellow"},"content":{"rendered":"<div class=\"wpb-content-wrapper\"><p>[vc_row][vc_column][vc_custom_heading text=\u00bbTONER RICOH MP C3502 Yellow\u00bb font_container=\u00bbtag:h2|font_size:16|text_align:left\u00bb use_theme_fonts=\u00bbyes\u00bb el_class=\u00bbsemibold\u00bb][vc_column_text]Toner Original <strong>RICOH MP C3502 &#8211; YELLOW \/ AMARILLO<\/strong><\/p>\n<p><strong>Rendimiento:<\/strong> 18.000 p\u00e1ginas con 5% de cobertura<br \/>\n<strong>Color:<\/strong> YELLOW \/ AMARILLO<br \/>\n<strong>Equipos Compatibles:<\/strong><\/p>\n<ul>\n<li>RICOH MP C3002 \/ MP C3002AD \/ MP C3502 \/ MP C3502AD<\/li>\n<li>LANIER MP C3002 \/ MP C3002AD \/ MP C3502 \/ MP C3502AD<\/li>\n<li>SAVIN MP C3002 \/ MP C3002AD \/ MP C3502 \/ MP C3502AD<\/li>\n<\/ul>\n<p><strong>TONER RICOH MP C3502 YELLOW <\/strong><strong>&#8211; 100% originales.<\/strong><\/p>\n<p><a href=\"https:\/\/www.komsa.com.ar\/\"><strong>KOMSA SA<\/strong><\/a><\/p>\n<p>Somos los \u00fanicos Distribuidores Oficiales de la marca <a href=\"https:\/\/www.ricoh-americalatina.com\/es-ar\/productos\" rel=\"noopener\"><strong>RICOH<\/strong><\/a> en el NEA con m\u00e1s de 25 a\u00f1os de permanencia en el mercado. Contamos con el mayor stock de insumos y repuestos originales del pa\u00eds. Lo invitamos a visitar nuestro amplio showroom con todos los equipos publicados exhibidos. Nuestro personal t\u00e9cnico, altamente capacitado le brindar\u00e1 el mejor servicio post venta.[\/vc_column_text][\/vc_column][\/vc_row]<\/p>\n<\/div>","protected":false},"excerpt":{"rendered":"<ul>\n<li><strong>Rendimiento:<\/strong> 18.000 paginas.<\/li>\n<li><strong>Modelos:<\/strong> MP C3002 \/ C3002AD \/ C3502 \/ C3502AD<\/li>\n<li><strong>Marca:<\/strong> RICOH 100% Original<\/li>\n<li><strong>Color:<\/strong> Amarillo \/ Yellow<\/li>\n<\/ul>\n","protected":false},"featured_media":3581,"comment_status":"open","ping_status":"closed","template":"","meta":{"_joinchat":[]},"product_cat":[169,197,200],"product_tag":[1070,989,990],"class_list":{"0":"post-3575","1":"product","2":"type-product","3":"status-publish","4":"has-post-thumbnail","6":"product_brand-ricoh","7":"product_cat-toner-original-ricoh","8":"product_cat-toner-color","9":"product_cat-toner-amarillo-yellow","10":"product_tag-toner-amarillo","11":"product_tag-toner-original","12":"product_tag-toner-ricoh","14":"first","15":"instock","16":"shipping-taxable","17":"purchasable","18":"product-type-simple","19":"col-xs-6 col-sm-4","20":"col-md-3 col-lg-3","21":"un-4-cols"},"_links":{"self":[{"href":"https:\/\/komsa.com.ar\/tienda\/wp-json\/wp\/v2\/product\/3575","targetHints":{"allow":["GET"]}}],"collection":[{"href":"https:\/\/komsa.com.ar\/tienda\/wp-json\/wp\/v2\/product"}],"about":[{"href":"https:\/\/komsa.com.ar\/tienda\/wp-json\/wp\/v2\/types\/product"}],"replies":[{"embeddable":true,"href":"https:\/\/komsa.com.ar\/tienda\/wp-json\/wp\/v2\/comments?post=3575"}],"wp:featuredmedia":[{"embeddable":true,"href":"https:\/\/komsa.com.ar\/tienda\/wp-json\/wp\/v2\/media\/3581"}],"wp:attachment":[{"href":"https:\/\/komsa.com.ar\/tienda\/wp-json\/wp\/v2\/media?parent=3575"}],"wp:term":[{"taxonomy":"product_cat","embeddable":true,"href":"https:\/\/komsa.com.ar\/tienda\/wp-json\/wp\/v2\/product_cat?post=3575"},{"taxonomy":"product_tag","embeddable":true,"href":"https:\/\/komsa.com.ar\/tienda\/wp-json\/wp\/v2\/product_tag?post=3575"}],"curies":[{"name":"wp","href":"https:\/\/api.w.org\/{rel}","templated":true}]}}