{"id":3538,"date":"2020-06-01T12:42:36","date_gmt":"2020-06-01T12:42:36","guid":{"rendered":"http:\/\/komsa.com.ar\/tienda\/producto\/sin%20categor\u00eda\/toner-ricoh-mp-c3503-magenta-copy\/"},"modified":"2025-04-07T09:29:40","modified_gmt":"2025-04-07T12:29:40","slug":"toner-ricoh-mp-c305-magenta","status":"publish","type":"product","link":"https:\/\/komsa.com.ar\/tienda\/producto\/toner-ricoh-mp-c305-magenta\/","title":{"rendered":"Toner RICOH MP C305 Magenta"},"content":{"rendered":"<div class=\"wpb-content-wrapper\"><p>[vc_row][vc_column][vc_custom_heading text=\u00bbTONER RICOH MP C305 Magenta\u00bb font_container=\u00bbtag:h2|font_size:16|text_align:left\u00bb use_theme_fonts=\u00bbyes\u00bb el_class=\u00bbsemibold\u00bb][vc_column_text]Toner Original <strong>RICOH MP C305 &#8211; MAGENTA<\/strong><\/p>\n<p><strong>Rendimiento:<\/strong> 4.000 p\u00e1ginas con 5% de cobertura<br \/>\n<strong>Color:<\/strong> Magenta<br \/>\n<strong>Equipos Compatibles:<\/strong><\/p>\n<ul>\n<li>RICOH MP C305SP \/ MP C305SPF<\/li>\n<li>LANIER MP C305SP \/ MP C305SPF<\/li>\n<li>SAVIN MP C305SP \/ MP C305SPF<\/li>\n<\/ul>\n<p><strong>TONER RICOH MP C305 MAGENTA <\/strong><strong>&#8211; 100% originales.<\/strong><\/p>\n<p><a href=\"https:\/\/www.komsa.com.ar\/\"><strong>KOMSA SA<\/strong><\/a><\/p>\n<p>Somos los \u00fanicos Distribuidores Oficiales de la marca <a href=\"https:\/\/www.ricoh-americalatina.com\/es-ar\/productos\" rel=\"noopener\"><strong>RICOH<\/strong><\/a> en el NEA con m\u00e1s de 25 a\u00f1os de permanencia en el mercado. Contamos con el mayor stock de insumos y repuestos originales del pa\u00eds. Lo invitamos a visitar nuestro amplio showroom con todos los equipos publicados exhibidos. Nuestro personal t\u00e9cnico, altamente capacitado le brindar\u00e1 el mejor servicio post venta.[\/vc_column_text][\/vc_column][\/vc_row]<\/p>\n<\/div>","protected":false},"excerpt":{"rendered":"<ul>\n<li><strong>Rendimiento:<\/strong> 4.000 paginas.<\/li>\n<li><strong>Modelos:<\/strong> MP C305SP \/ MP C305SPF<\/li>\n<li><strong>Marca:<\/strong> RICOH 100% Original.<\/li>\n<li><strong>Color:<\/strong> Magenta<\/li>\n<\/ul>\n","protected":false},"featured_media":3552,"comment_status":"open","ping_status":"closed","template":"","meta":{"_joinchat":[]},"product_cat":[169,197,201],"product_tag":[1061,989,990],"class_list":{"0":"post-3538","1":"product","2":"type-product","3":"status-publish","4":"has-post-thumbnail","6":"product_brand-ricoh","7":"product_cat-toner-original-ricoh","8":"product_cat-toner-color","9":"product_cat-toner-magenta","10":"product_tag-toner-magenta","11":"product_tag-toner-original","12":"product_tag-toner-ricoh","14":"first","15":"instock","16":"shipping-taxable","17":"purchasable","18":"product-type-simple","19":"col-xs-6 col-sm-4","20":"col-md-3 col-lg-3","21":"un-4-cols"},"_links":{"self":[{"href":"https:\/\/komsa.com.ar\/tienda\/wp-json\/wp\/v2\/product\/3538","targetHints":{"allow":["GET"]}}],"collection":[{"href":"https:\/\/komsa.com.ar\/tienda\/wp-json\/wp\/v2\/product"}],"about":[{"href":"https:\/\/komsa.com.ar\/tienda\/wp-json\/wp\/v2\/types\/product"}],"replies":[{"embeddable":true,"href":"https:\/\/komsa.com.ar\/tienda\/wp-json\/wp\/v2\/comments?post=3538"}],"wp:featuredmedia":[{"embeddable":true,"href":"https:\/\/komsa.com.ar\/tienda\/wp-json\/wp\/v2\/media\/3552"}],"wp:attachment":[{"href":"https:\/\/komsa.com.ar\/tienda\/wp-json\/wp\/v2\/media?parent=3538"}],"wp:term":[{"taxonomy":"product_cat","embeddable":true,"href":"https:\/\/komsa.com.ar\/tienda\/wp-json\/wp\/v2\/product_cat?post=3538"},{"taxonomy":"product_tag","embeddable":true,"href":"https:\/\/komsa.com.ar\/tienda\/wp-json\/wp\/v2\/product_tag?post=3538"}],"curies":[{"name":"wp","href":"https:\/\/api.w.org\/{rel}","templated":true}]}}