{"id":3522,"date":"2020-06-01T11:54:15","date_gmt":"2020-06-01T11:54:15","guid":{"rendered":"http:\/\/komsa.com.ar\/tienda\/producto\/sin%20categor\u00eda\/toner-ricoh-mp-c2030-mp-c2550-cyan-copy\/"},"modified":"2025-04-07T09:30:57","modified_gmt":"2025-04-07T12:30:57","slug":"toner-ricoh-mp-c2551-cyan","status":"publish","type":"product","link":"https:\/\/komsa.com.ar\/tienda\/producto\/toner-ricoh-mp-c2551-cyan\/","title":{"rendered":"Toner RICOH MP C2551 Cyan"},"content":{"rendered":"<div class=\"wpb-content-wrapper\"><p>[vc_row][vc_column][vc_custom_heading text=\u00bbTONER RICOH MP C2551 CYAN\u00bb font_container=\u00bbtag:h2|font_size:16|text_align:left\u00bb use_theme_fonts=\u00bbyes\u00bb el_class=\u00bbsemibold\u00bb][vc_column_text]Toner <strong>RICOH MP C2551 CYAN<\/strong><\/p>\n<p><strong>Rendimiento:<\/strong> 9.500 p\u00e1ginas con 5% de cobertura<\/p>\n<p><strong>Color:<\/strong> Cyan<br \/>\n<strong>Equipos Compatibles:<\/strong><\/p>\n<ul>\n<li style=\"list-style-type: none;\">\n<ul>\n<li>RICOH Aficio MP C2030 \/ MP C2050 \/ MP C2051\/ MP C2550\/ MP C2551<\/li>\n<li>LANIER LD520C \/ LD520CL \/ LD520CSPF \/ LD525C \/\u00a0LD525CSPF<\/li>\n<\/ul>\n<\/li>\n<\/ul>\n<p><strong>TONER\u00a0RICOH MP C2551 <\/strong><strong>&#8211; 100% originales.<\/strong><\/p>\n<p><a href=\"https:\/\/www.komsa.com.ar\/\"><strong>KOMSA SA<\/strong><\/a><\/p>\n<p>Somos los \u00fanicos Distribuidores Oficiales de la marca <a href=\"https:\/\/www.ricoh-americalatina.com\/es-ar\/productos\" rel=\"noopener\"><strong>RICOH<\/strong><\/a> en el NEA con m\u00e1s de 25 a\u00f1os de permanencia en el mercado. Contamos con el mayor stock de insumos y repuestos originales del pa\u00eds. Lo invitamos a visitar nuestro amplio showroom con todos los equipos publicados exhibidos. Nuestro personal t\u00e9cnico, altamente capacitado le brindar\u00e1 el mejor servicio post venta.[\/vc_column_text][\/vc_column][\/vc_row]<\/p>\n<\/div>","protected":false},"excerpt":{"rendered":"<ul>\n<li><strong>Rendimiento:<\/strong> 9.500 paginas.<\/li>\n<li><strong>Modelos:<\/strong> MP C2030 \/ MP C2050 \/ MP C2051\/ MP C2550\/ MP C2551<\/li>\n<li><strong>Marca:<\/strong> RICOH 100% Original<\/li>\n<li><strong>Color:<\/strong> Cyan<\/li>\n<\/ul>\n","protected":false},"featured_media":3487,"comment_status":"open","ping_status":"closed","template":"","meta":{"_joinchat":[]},"product_cat":[169,197,202],"product_tag":[1060,989,990],"class_list":{"0":"post-3522","1":"product","2":"type-product","3":"status-publish","4":"has-post-thumbnail","6":"product_brand-ricoh","7":"product_cat-toner-original-ricoh","8":"product_cat-toner-color","9":"product_cat-toner-cyan","10":"product_tag-toner-cyan","11":"product_tag-toner-original","12":"product_tag-toner-ricoh","14":"first","15":"instock","16":"shipping-taxable","17":"purchasable","18":"product-type-simple","19":"col-xs-6 col-sm-4","20":"col-md-3 col-lg-3","21":"un-4-cols"},"_links":{"self":[{"href":"https:\/\/komsa.com.ar\/tienda\/wp-json\/wp\/v2\/product\/3522","targetHints":{"allow":["GET"]}}],"collection":[{"href":"https:\/\/komsa.com.ar\/tienda\/wp-json\/wp\/v2\/product"}],"about":[{"href":"https:\/\/komsa.com.ar\/tienda\/wp-json\/wp\/v2\/types\/product"}],"replies":[{"embeddable":true,"href":"https:\/\/komsa.com.ar\/tienda\/wp-json\/wp\/v2\/comments?post=3522"}],"wp:featuredmedia":[{"embeddable":true,"href":"https:\/\/komsa.com.ar\/tienda\/wp-json\/wp\/v2\/media\/3487"}],"wp:attachment":[{"href":"https:\/\/komsa.com.ar\/tienda\/wp-json\/wp\/v2\/media?parent=3522"}],"wp:term":[{"taxonomy":"product_cat","embeddable":true,"href":"https:\/\/komsa.com.ar\/tienda\/wp-json\/wp\/v2\/product_cat?post=3522"},{"taxonomy":"product_tag","embeddable":true,"href":"https:\/\/komsa.com.ar\/tienda\/wp-json\/wp\/v2\/product_tag?post=3522"}],"curies":[{"name":"wp","href":"https:\/\/api.w.org\/{rel}","templated":true}]}}