{"id":3429,"date":"2020-05-28T13:05:56","date_gmt":"2020-05-28T13:05:56","guid":{"rendered":"http:\/\/komsa.com.ar\/tienda\/producto\/sin%20categor\u00eda\/toner-ricoh-mp-1500-1900-2015-copy\/"},"modified":"2025-04-07T09:53:37","modified_gmt":"2025-04-07T12:53:37","slug":"toner-ricoh-mp-601","status":"publish","type":"product","link":"https:\/\/komsa.com.ar\/tienda\/producto\/toner-ricoh-mp-601\/","title":{"rendered":"Toner RICOH MP 601"},"content":{"rendered":"<div class=\"wpb-content-wrapper\"><p>[vc_row][vc_column][vc_custom_heading text=\u00bbTONER RICOH MP 601&#8243; font_container=\u00bbtag:h2|font_size:16|text_align:left\u00bb use_theme_fonts=\u00bbyes\u00bb el_class=\u00bbsemibold\u00bb][vc_column_text]Toner Original <strong>RICOH\u00a0<\/strong><\/p>\n<p><strong>Rendimiento:<\/strong> 25.000 p\u00e1ginas con 5% de cobertura sobre A4<br \/>\n<strong>Equipos Compatibles:<\/strong><\/p>\n<ul>\n<li style=\"list-style-type: none;\">\n<ul>\n<li>Ricoh MP 501 SPF<\/li>\n<li>Ricoh MP 601 SPF<\/li>\n<li>LANIER SP 5300DN<\/li>\n<li>LANIER SP 5310DN<\/li>\n<\/ul>\n<\/li>\n<\/ul>\n<p><strong>TONER RICOH MP 601 &#8211; 100% originales.<\/strong><\/p>\n<p><a href=\"https:\/\/www.komsa.com.ar\/\"><strong>KOMSA SA<\/strong><\/a><\/p>\n<p>Somos los \u00fanicos Distribuidores Oficiales de la marca <a href=\"https:\/\/www.ricoh-americalatina.com\/es-ar\/productos\" rel=\"noopener\"><strong>RICOH<\/strong><\/a> en el NEA con m\u00e1s de 25 a\u00f1os de permanencia en el mercado. Contamos con el mayor stock de insumos y repuestos originales del pa\u00eds. Lo invitamos a visitar nuestro amplio showroom con todos los equipos publicados exhibidos. Nuestro personal t\u00e9cnico, altamente capacitado le brindar\u00e1 el mejor servicio post venta.[\/vc_column_text][\/vc_column][\/vc_row]<\/p>\n<\/div>","protected":false},"excerpt":{"rendered":"<ul>\n<li><strong>Rendimiento:<\/strong> 25.000 paginas.<\/li>\n<li><strong>Modelos:<\/strong> RICOH MP 501 SPF &#8211; MP 601 SPF<\/li>\n<li><strong>Marca:<\/strong> RICOH 100% Original<\/li>\n<\/ul>\n","protected":false},"featured_media":3432,"comment_status":"open","ping_status":"closed","template":"","meta":{"_joinchat":[]},"product_cat":[169,198],"product_tag":[991,989,990],"class_list":{"0":"post-3429","1":"product","2":"type-product","3":"status-publish","4":"has-post-thumbnail","6":"product_brand-ricoh","7":"product_cat-toner-original-ricoh","8":"product_cat-toner-blanco-y-negro","9":"product_tag-toner-black","10":"product_tag-toner-original","11":"product_tag-toner-ricoh","13":"first","14":"instock","15":"shipping-taxable","16":"purchasable","17":"product-type-simple","18":"col-xs-6 col-sm-4","19":"col-md-3 col-lg-3","20":"un-4-cols"},"_links":{"self":[{"href":"https:\/\/komsa.com.ar\/tienda\/wp-json\/wp\/v2\/product\/3429","targetHints":{"allow":["GET"]}}],"collection":[{"href":"https:\/\/komsa.com.ar\/tienda\/wp-json\/wp\/v2\/product"}],"about":[{"href":"https:\/\/komsa.com.ar\/tienda\/wp-json\/wp\/v2\/types\/product"}],"replies":[{"embeddable":true,"href":"https:\/\/komsa.com.ar\/tienda\/wp-json\/wp\/v2\/comments?post=3429"}],"wp:featuredmedia":[{"embeddable":true,"href":"https:\/\/komsa.com.ar\/tienda\/wp-json\/wp\/v2\/media\/3432"}],"wp:attachment":[{"href":"https:\/\/komsa.com.ar\/tienda\/wp-json\/wp\/v2\/media?parent=3429"}],"wp:term":[{"taxonomy":"product_cat","embeddable":true,"href":"https:\/\/komsa.com.ar\/tienda\/wp-json\/wp\/v2\/product_cat?post=3429"},{"taxonomy":"product_tag","embeddable":true,"href":"https:\/\/komsa.com.ar\/tienda\/wp-json\/wp\/v2\/product_tag?post=3429"}],"curies":[{"name":"wp","href":"https:\/\/api.w.org\/{rel}","templated":true}]}}