{"id":3413,"date":"2020-05-28T11:36:01","date_gmt":"2020-05-28T11:36:01","guid":{"rendered":"http:\/\/komsa.com.ar\/tienda\/producto\/sin%20categor\u00eda\/toner-ricoh-original-mp-301-copy\/"},"modified":"2025-04-07T09:54:25","modified_gmt":"2025-04-07T12:54:25","slug":"toner-ricoh-mp-402spf","status":"publish","type":"product","link":"https:\/\/komsa.com.ar\/tienda\/producto\/toner-ricoh-mp-402spf\/","title":{"rendered":"Toner RICOH MP 402SPF"},"content":{"rendered":"<div class=\"wpb-content-wrapper\"><p>[vc_row][vc_column][vc_custom_heading text=\u00bbTONER RICOH MP 402SPF\u00bb font_container=\u00bbtag:h2|font_size:16|text_align:left\u00bb use_theme_fonts=\u00bbyes\u00bb el_class=\u00bbsemibold\u00bb][vc_column_text]Toner <a href=\"https:\/\/komsa.com.ar\/profile\/mp-402spf-ricoh\/\">RICOH MP 402SPF<\/a><\/p>\n<p><strong>Equipos Compatibles:<\/strong><\/p>\n<ul>\n<li style=\"list-style-type: none;\">\n<ul>\n<li style=\"list-style-type: none;\">\n<ul>\n<li>RICOH MP 401 SPF<\/li>\n<li><a href=\"https:\/\/www.ricoh-americalatina.com\/\" rel=\"noopener\">RICOH<\/a> <a href=\"http:\/\/komsa.com.ar\/tienda\/producto\/fotocopiadoras\/fotocopiadoras-blanco-negro\/ricoh-mp-402spf\/\">MP 402 SPF<\/a><\/li>\n<li>RICOH MP 4520 DN<\/li>\n<\/ul>\n<\/li>\n<\/ul>\n<\/li>\n<\/ul>\n<p><strong>Toner 100% originales.<\/strong><br \/>\n<strong>Rendimiento:<\/strong> 10.400 p\u00e1ginas con 5% de cobertura sobre A4<\/p>\n<p><strong>KOMSA SA<\/strong><\/p>\n<p>Somos los \u00fanicos Distribuidores Oficiales de la marca <strong>RICOH<\/strong> en el NEA con m\u00e1s de 25 a\u00f1os de permanencia en el mercado. Contamos con el mayor stock de insumos y repuestos originales del pa\u00eds. Lo invitamos a visitar nuestro amplio showroom con todos los equipos publicados exhibidos. Nuestro personal t\u00e9cnico, altamente capacitado le brindar\u00e1 el mejor servicio post venta.[\/vc_column_text][\/vc_column][\/vc_row]<\/p>\n<\/div>","protected":false},"excerpt":{"rendered":"<ul>\n<li><strong>Rendimiento:<\/strong> 10.400 paginas.<\/li>\n<li><strong>Modelos:<\/strong> RICOH MP 401 &#8211; MP 402 &#8211; MP 4520<\/li>\n<li><strong>Marca:<\/strong> RICOH 100% Original<\/li>\n<\/ul>\n","protected":false},"featured_media":3415,"comment_status":"open","ping_status":"closed","template":"","meta":{"_joinchat":[]},"product_cat":[169,198],"product_tag":[991,989,990],"class_list":{"0":"post-3413","1":"product","2":"type-product","3":"status-publish","4":"has-post-thumbnail","6":"product_brand-ricoh","7":"product_cat-toner-original-ricoh","8":"product_cat-toner-blanco-y-negro","9":"product_tag-toner-black","10":"product_tag-toner-original","11":"product_tag-toner-ricoh","13":"first","14":"instock","15":"shipping-taxable","16":"purchasable","17":"product-type-simple","18":"col-xs-6 col-sm-4","19":"col-md-3 col-lg-3","20":"un-4-cols"},"_links":{"self":[{"href":"https:\/\/komsa.com.ar\/tienda\/wp-json\/wp\/v2\/product\/3413","targetHints":{"allow":["GET"]}}],"collection":[{"href":"https:\/\/komsa.com.ar\/tienda\/wp-json\/wp\/v2\/product"}],"about":[{"href":"https:\/\/komsa.com.ar\/tienda\/wp-json\/wp\/v2\/types\/product"}],"replies":[{"embeddable":true,"href":"https:\/\/komsa.com.ar\/tienda\/wp-json\/wp\/v2\/comments?post=3413"}],"wp:featuredmedia":[{"embeddable":true,"href":"https:\/\/komsa.com.ar\/tienda\/wp-json\/wp\/v2\/media\/3415"}],"wp:attachment":[{"href":"https:\/\/komsa.com.ar\/tienda\/wp-json\/wp\/v2\/media?parent=3413"}],"wp:term":[{"taxonomy":"product_cat","embeddable":true,"href":"https:\/\/komsa.com.ar\/tienda\/wp-json\/wp\/v2\/product_cat?post=3413"},{"taxonomy":"product_tag","embeddable":true,"href":"https:\/\/komsa.com.ar\/tienda\/wp-json\/wp\/v2\/product_tag?post=3413"}],"curies":[{"name":"wp","href":"https:\/\/api.w.org\/{rel}","templated":true}]}}