{"id":3350,"date":"2020-05-26T14:11:20","date_gmt":"2020-05-26T14:11:20","guid":{"rendered":"http:\/\/komsa.com.ar\/tienda\/producto\/sin%20categor\u00eda\/epson-wf-c5790-copy\/"},"modified":"2025-04-15T11:05:25","modified_gmt":"2025-04-15T14:05:25","slug":"ricoh-sp-5300dn","status":"publish","type":"product","link":"https:\/\/komsa.com.ar\/tienda\/producto\/ricoh-sp-5300dn\/","title":{"rendered":"RICOH SP 5300DN"},"content":{"rendered":"<div class=\"wpb-content-wrapper\"><p>[vc_row][vc_column][vc_custom_heading text=\u00bbIMPRESORA LASER BLANCO Y NEGRO &#8211; RICOH SP 5300DN\u00bb font_container=\u00bbtag:h3|text_align:left|color:%233691ad\u00bb use_theme_fonts=\u00bbyes\u00bb el_class=\u00bbsemibold\u00bb][vc_column_text]<\/p>\n<h4>ENCUENTRA EL LUGAR PERFECTO PARA LA PRODUCTIVIDAD<\/h4>\n<p>Ofrece todas las ventajas a tu equipo con la potente y compacta impresora <strong><a href=\"https:\/\/www.komsa.com.ar\/profile\/sp-5300dn-ricoh\/\">RICOH\u00a0SP 5300DN<\/a>.<\/strong> \u00dasala como tu impresora principal en PC, Mac y entornos de impresi\u00f3n del host \u2014 ya sea que la coloques en un rinc\u00f3n, un armario o tu escritorio. Imprime hasta 52 p\u00e1g. p\/minuto (ppm) en papel de hasta 8.5\u2033 x 14\u2033 (215 mm x 355 mm) para un productividad impresionante.<\/p>\n<h4>DISFRUTA DE LA VIDA CON MENOS MANTENIMIENTO<\/h4>\n<p>No pierdas tiempo ni dinero en el mantenimiento de la <a href=\"https:\/\/www.komsa.com.ar\/profile\/sp-5300dn-ricoh\/\"><strong>RICOH SP 5300DN<\/strong><\/a>. Extendimos la vida \u00fatil de los insumos para minimizar las tareas de reposici\u00f3n engorrosas que llevan tiempo. Tampoco tienes que preocuparte por la recarga de papel. Solo a\u00f1ade cuatro fuentes de papel de 500 hojas para aumentar la capacidad total a 2,600 hojas.<\/p>\n<h4>IMPRIMA DESDE CUALQUIER LUGAR O SOBRE LA MARCHA<\/h4>\n<p>Obt\u00e9n una incre\u00edble conveniencia de impresi\u00f3n en la palma de tu mano. Usa tu laptop, smartphone o tablet, o aplicaciones en la nube de tu preferencia, para enviar informaci\u00f3n directamente a la impresora\u00a0<a href=\"https:\/\/www.komsa.com.ar\/profile\/sp-5300dn-ricoh\/\"><strong>RICOH<\/strong>\u00a0<strong>SP 5300DN<\/strong><\/a>\u00a0e imprimirla. Descargue la aplicaci\u00f3n\u00a0<a href=\"http:\/\/www.ricoh.com\/software\/connector\/\" rel=\"noopener\">RICOH Smart Device Connector<\/a>\u00a0y\u00a0<a href=\"http:\/\/www.ricoh.com\/software\/printandscan\/\" rel=\"noopener\">RICOH Smart Device Print&amp;Scan<\/a>\u00a0para Google Cloud Print para acceder a informaci\u00f3n e imprimirla desde donde sea.<\/p>\n<h4>AYUDA CUANDO LA NECESITES.<\/h4>\n<p>Mant\u00e9n el m\u00e1ximo tiempo de funcionamiento con las funciones de soporte inteligente, incluida la operaci\u00f3n remota del panel. \u00dasalo para cambiar las configuraciones en la LAN o recibir la ayuda t\u00e9cnica a trav\u00e9s del uso compartido de pantalla. Tambi\u00e9n puedes descargar la aplicaci\u00f3n How-To-Video del sitio de aplicaciones de Ricoh.<\/p>\n<h4>MAXIMIZA LOS DATOS M\u00d3VILES.<\/h4>\n<p>Usa tu Apple iPhone, iPad o Android para imprimir im\u00e1genes, documentos, fotos y m\u00e1s con la red de la oficina \u2014sin instalar controladores. \u00bfTienes medios port\u00e1tiles? Imprime desde una unidad USB o ranura para tarjeta SD sin computadora.[\/vc_column_text][\/vc_column][\/vc_row][vc_row css=\u00bb.vc_custom_1513651159719{margin-top: 20px !important;margin-bottom: 20px !important;}\u00bb][vc_column]<div class=\"mf-single-image align-left \"><span class=\"thumbnail\" ><img loading=\"lazy\" decoding=\"async\" src=\"https:\/\/komsa.com.ar\/tienda\/wp-content\/themes\/martfury\/images\/transparent.png\" data-original=\"https:\/\/komsa.com.ar\/tienda\/wp-content\/uploads\/2020\/05\/banner-sp5300.jpg\"  alt=\"\" class=\"lazy \" width=\"1366\" height=\"624\"><\/span><\/div>[\/vc_column][\/vc_row][vc_row][vc_column][vc_column_text]<\/p>\n<hr \/>\n<p><strong><a href=\"https:\/\/www.komsa.com.ar\/\">KOMSA<\/a>\u00a0<\/strong><\/p>\n<hr \/>\n<p>Somos los \u00fanicos Distribuidores Oficiales de la marca\u00a0<a href=\"https:\/\/www.ricoh-americalatina.com\/es-ar\/productos\" rel=\"noopener\">RICOH<\/a>\u00a0y\u00a0<a href=\"https:\/\/epson.com.ar\/workforce-pro\" rel=\"noopener\">EPSON B2B<\/a>\u00a0en el NEA con m\u00e1s de 25 a\u00f1os de permanencia en el mercado. Contamos con stock de insumos y repuestos originales. Lo invitamos a visitar nuestro amplio showroom con todos los equipos publicados exhibidos. Nuestro personal t\u00e9cnico, altamente capacitado le brindar\u00e1 el mejor servicio post venta.[\/vc_column_text][\/vc_column][\/vc_row]<\/p>\n<\/div>","protected":false},"excerpt":{"rendered":"<ul>\n<li class=\"lead\"><strong>Velocidad:<\/strong> 52 p\u00e1ginas por minuto<\/li>\n<li class=\"lead\"><strong>Ciclo Mensual:<\/strong> 250.000 p\u00e1ginas mensuales<\/li>\n<li class=\"lead\"><strong>D\u00faplex autom\u00e1tico<\/strong> (doble faz)<\/li>\n<li class=\"lead\"><strong>Tama\u00f1o de Papel:<\/strong> Oficio y A4<\/li>\n<li class=\"lead\"><strong>Imprima desde tu celular<\/strong><\/li>\n<\/ul>\n","protected":false},"featured_media":3354,"comment_status":"open","ping_status":"closed","template":"","meta":{"_joinchat":[]},"product_cat":[224,209],"product_tag":[892,1787,227,331],"class_list":{"0":"post-3350","1":"product","2":"type-product","3":"status-publish","4":"has-post-thumbnail","6":"product_brand-ricoh","7":"product_cat-impresoras","8":"product_cat-impresoras-blanco-negro","9":"product_tag-impresora-laser","10":"product_tag-impresora-laser-b-n","11":"product_tag-impresora-ricoh","12":"product_tag-ricoh","13":"product_shipping_class-envio-gratis","15":"first","16":"outofstock","17":"shipping-taxable","18":"purchasable","19":"product-type-simple","20":"col-xs-6 col-sm-4","21":"col-md-3 col-lg-3","22":"un-4-cols"},"_links":{"self":[{"href":"https:\/\/komsa.com.ar\/tienda\/wp-json\/wp\/v2\/product\/3350","targetHints":{"allow":["GET"]}}],"collection":[{"href":"https:\/\/komsa.com.ar\/tienda\/wp-json\/wp\/v2\/product"}],"about":[{"href":"https:\/\/komsa.com.ar\/tienda\/wp-json\/wp\/v2\/types\/product"}],"replies":[{"embeddable":true,"href":"https:\/\/komsa.com.ar\/tienda\/wp-json\/wp\/v2\/comments?post=3350"}],"wp:featuredmedia":[{"embeddable":true,"href":"https:\/\/komsa.com.ar\/tienda\/wp-json\/wp\/v2\/media\/3354"}],"wp:attachment":[{"href":"https:\/\/komsa.com.ar\/tienda\/wp-json\/wp\/v2\/media?parent=3350"}],"wp:term":[{"taxonomy":"product_cat","embeddable":true,"href":"https:\/\/komsa.com.ar\/tienda\/wp-json\/wp\/v2\/product_cat?post=3350"},{"taxonomy":"product_tag","embeddable":true,"href":"https:\/\/komsa.com.ar\/tienda\/wp-json\/wp\/v2\/product_tag?post=3350"}],"curies":[{"name":"wp","href":"https:\/\/api.w.org\/{rel}","templated":true}]}}