{"id":3287,"date":"2020-05-22T12:11:55","date_gmt":"2020-05-22T12:11:55","guid":{"rendered":"http:\/\/komsa.com.ar\/tienda\/producto\/sin%20categor\u00eda\/ricoh-mp-c2004ex-copy\/"},"modified":"2021-07-30T15:02:33","modified_gmt":"2021-07-30T15:02:33","slug":"epson-workforce-wf-c17590","status":"publish","type":"product","link":"https:\/\/komsa.com.ar\/tienda\/producto\/epson-workforce-wf-c17590\/","title":{"rendered":"EPSON Workforce WF-C17590"},"content":{"rendered":"<div class=\"wpb-content-wrapper\"><p>[vc_row][vc_column][vc_custom_heading text=\u00bbMULTIFUNCION EPSON WorkForce WF-C17590 (COLOR)\u00bb font_container=\u00bbtag:h3|text_align:left|color:%233691ad\u00bb use_theme_fonts=\u00bbyes\u00bb el_class=\u00bbsemibold\u00bb][vc_column_text]<\/p>\n<h4>ALTA VELOCIDAD<\/h4>\n<p>Descubre una calidad excelente a altas velocidades. Disfruta de una excelente calidad de imagen de manera uniforme de hasta 600 x 2400 dpi, y velocidades de impresi\u00f3n de hasta 75 im\u00e1genes por minuto a una sola cara y a doble cara con la\u00a0<a href=\"https:\/\/www.komsa.com.ar\/profile\/epson-workforce-enterprise-wf-c17590\/\"><strong>EPSON WorkForce WF-C17590<\/strong><\/a>.<\/p>\n<h4><strong>REDUCE EL IMPACTO MEDIOAMBIENTAL<\/strong><\/h4>\n<p>La\u00a0<a href=\"https:\/\/www.komsa.com.ar\/profile\/epson-workforce-enterprise-wf-c17590\/\"><strong>EPSON WorkForce WF-C17590<\/strong><\/a>\u00a0consume hasta un 88 % menos de energ\u00eda en comparaci\u00f3n con las impresoras l\u00e1ser. Con consumibles que generan pocos residuos y un simple mecanismo de trabajo , la\u00a0<a href=\"https:\/\/www.komsa.com.ar\/profile\/epson-workforce-enterprise-wf-c17590\/\"><strong>WorkForce Enterprise WF-C17590\u00a0<\/strong><\/a>reduce el impacto medioambiental de las impresiones, gracias a su soluci\u00f3n de bajo consumo de energ\u00eda que requiere menos consumibles. Disfruta de una alta capacidad de papel de hasta 5350 hojas e imprime hasta 100 000 p\u00e1ginas en blanco y negro, o 50 000 a color, sin necesidad de rellenar la tinta.<\/p>\n<h4><strong>CALIDAD SIN RENUNCIAR A NADA<\/strong><\/h4>\n<p>Aumenta la productividad sin sacrificar la calidad con esta impresora multifunci\u00f3n. La combinaci\u00f3n de la tecnolog\u00eda de cabezal de impresi\u00f3n de inyecci\u00f3n de tinta PrecisionCore de Epson, las tintas l\u00edquidas y el mecanismo de transporte eficiente del papel se traduce en una impresora que cumple todas las expectativas.<\/p>\n<h4><strong>LA INTEGRACI\u00d3N AVANZADA MEJORA EL FLUJO DE TRABAJO<\/strong><\/h4>\n<p>Benef\u00edciate de un amplio abanico de soluciones de software, desde control remoto hasta contabilidad y soluciones Follow Me. Pueden integrarse en tu infraestructura inform\u00e1tica existente para mejorar la productividad y aumentar la eficiencia.<\/p>\n<h4>IMPRESI\u00d3N<strong>\u00a0INALAMBRICA<\/strong><\/h4>\n<p><a href=\"https:\/\/epson.com\/epson-connect-wireless-printing\" rel=\"noopener\">Epson Connect<\/a>\u00a0\u2013 Imprime y comparte tus archivos desde cualquier lugar. Imprime fotos y documentos con tu smartphone, tablet o computadora m\u00f3vil, ya sea desde tu casa, la oficina o cualquier lugar.[\/vc_column_text][\/vc_column][\/vc_row][vc_row css=\u00bb.vc_custom_1513651159719{margin-top: 20px !important;margin-bottom: 20px !important;}\u00bb][vc_column]<div class=\"mf-single-image align-left \"><span class=\"thumbnail\" ><img loading=\"lazy\" decoding=\"async\" src=\"https:\/\/komsa.com.ar\/tienda\/wp-content\/themes\/martfury\/images\/transparent.png\" data-original=\"https:\/\/komsa.com.ar\/tienda\/wp-content\/uploads\/2020\/05\/banner-epson-wfc17590.jpg\"  alt=\"\" class=\"lazy \" width=\"1366\" height=\"624\"><\/span><\/div>[\/vc_column][\/vc_row][vc_row][vc_column][vc_column_text]<\/p>\n<hr \/>\n<p><strong><a href=\"https:\/\/www.komsa.com.ar\/\">KOMSA<\/a>\u00a0<\/strong><\/p>\n<hr \/>\n<p>Somos los \u00fanicos Distribuidores Oficiales de la marca <a href=\"https:\/\/www.ricoh-americalatina.com\/es-ar\/productos\" rel=\"noopener\">RICOH<\/a> y <a href=\"https:\/\/epson.com.ar\/workforce-pro\" rel=\"noopener\">EPSON B2B<\/a> en el NEA con m\u00e1s de 25 a\u00f1os de permanencia en el mercado. Contamos con stock de insumos y repuestos originales. Lo invitamos a visitar nuestro amplio showroom con todos los equipos publicados exhibidos. Nuestro personal t\u00e9cnico, altamente capacitado le brindar\u00e1 el mejor servicio post venta.[\/vc_column_text][\/vc_column][\/vc_row]<\/p>\n<\/div>","protected":false},"excerpt":{"rendered":"<ul>\n<li class=\"lead\"><strong>Velocidad:<\/strong> 75 p\u00e1ginas por minuto<\/li>\n<li class=\"lead\"><strong>Ciclo Mensual:<\/strong> 400.000 p\u00e1ginas mensuales<\/li>\n<li class=\"lead\"><strong>D\u00faplex autom\u00e1tico<\/strong> (doble faz)<\/li>\n<li class=\"lead\"><strong>Tama\u00f1o de Papel:<\/strong> A3, A4, oficio y legal<\/li>\n<li><strong>Gramaje de Papel: <\/strong>Hasta 52 \u2013 350 g\/m\u00b2<\/li>\n<li class=\"lead\"><strong>Impresi\u00f3n desde tu celular<\/strong><\/li>\n<li><strong>Incluye KIT de Tintas Originales<\/strong><\/li>\n<\/ul>\n","protected":false},"featured_media":3301,"comment_status":"open","ping_status":"closed","template":"","meta":{"_joinchat":[]},"product_cat":[15,211],"product_tag":[343,341,342,344],"class_list":{"0":"post-3287","1":"product","2":"type-product","3":"status-publish","4":"has-post-thumbnail","6":"product_brand-epson","7":"product_cat-fotocopiadoras","8":"product_cat-fotocopiadoras-color","9":"product_tag-color","10":"product_tag-epson","11":"product_tag-epson-workforce","12":"product_tag-tinta-pigmentada","13":"product_shipping_class-envio-gratis","15":"first","16":"outofstock","17":"shipping-taxable","18":"purchasable","19":"product-type-simple","20":"col-xs-6 col-sm-4","21":"col-md-3 col-lg-3","22":"un-4-cols"},"_links":{"self":[{"href":"https:\/\/komsa.com.ar\/tienda\/wp-json\/wp\/v2\/product\/3287","targetHints":{"allow":["GET"]}}],"collection":[{"href":"https:\/\/komsa.com.ar\/tienda\/wp-json\/wp\/v2\/product"}],"about":[{"href":"https:\/\/komsa.com.ar\/tienda\/wp-json\/wp\/v2\/types\/product"}],"replies":[{"embeddable":true,"href":"https:\/\/komsa.com.ar\/tienda\/wp-json\/wp\/v2\/comments?post=3287"}],"wp:featuredmedia":[{"embeddable":true,"href":"https:\/\/komsa.com.ar\/tienda\/wp-json\/wp\/v2\/media\/3301"}],"wp:attachment":[{"href":"https:\/\/komsa.com.ar\/tienda\/wp-json\/wp\/v2\/media?parent=3287"}],"wp:term":[{"taxonomy":"product_cat","embeddable":true,"href":"https:\/\/komsa.com.ar\/tienda\/wp-json\/wp\/v2\/product_cat?post=3287"},{"taxonomy":"product_tag","embeddable":true,"href":"https:\/\/komsa.com.ar\/tienda\/wp-json\/wp\/v2\/product_tag?post=3287"}],"curies":[{"name":"wp","href":"https:\/\/api.w.org\/{rel}","templated":true}]}}