{"id":3278,"date":"2020-05-21T14:52:26","date_gmt":"2020-05-21T14:52:26","guid":{"rendered":"http:\/\/komsa.com.ar\/tienda\/producto\/sin%20categor\u00eda\/ricoh-mp-2014-ad-copy\/"},"modified":"2025-04-07T09:55:05","modified_gmt":"2025-04-07T12:55:05","slug":"ricoh-mp-c2004ex","status":"publish","type":"product","link":"https:\/\/komsa.com.ar\/tienda\/producto\/ricoh-mp-c2004ex\/","title":{"rendered":"RICOH MP C2004EX"},"content":{"rendered":"<div class=\"wpb-content-wrapper\"><p>[vc_row][vc_column][vc_custom_heading text=\u00bbMULTIFUNCION RICOH MP C2004EX (COLOR)\u00bb font_container=\u00bbtag:h3|text_align:left|color:%233691ad\u00bb use_theme_fonts=\u00bbyes\u00bb el_class=\u00bbsemibold\u00bb][vc_column_text]<\/p>\n<h4><strong>COMPLETA TODOS LOS TRABAJOS, DE TODAS LAS MANERAS<\/strong><\/h4>\n<p>Realiza tareas m\u00faltiples r\u00e1pidamente con la fotocopiadora multifunci\u00f3n l\u00e1ser color\u00a0<a href=\"https:\/\/www.komsa.com.ar\/profile\/mp-c2004-c2504-ricoh\/\"><strong>RICOH<\/strong>\u00a0<strong>MP C2004EX <\/strong><\/a>. Su sensor de movimiento se activa para que puedas comenzar cuando llegas al equipo. Trabaja durante per\u00edodos largos sin interrupciones al aumentar la capacidad de papel a 2,300 hojas. Escanea documentos y comp\u00e1rtelos con muchas opciones de Escaneo a. Incluso puedes enviar contratos y otros formularios por fax directamente desde el equipo a la bandeja de entrada de tu email para ahorrar papel.<\/p>\n<h4><strong>IMPRIME CON OPCIONES DE MATERIALES COLORIDOS<\/strong><\/h4>\n<p>Imprime pr\u00e1cticamente cualquier documento en colores vivos a una velocidad de hasta 20 \u2013 25 p\u00e1ginas por minuto (ppm) y 1200 x 1200 dpi, incluso con resmas de papel grueso de hasta 300 gsm, \u2014 incluyendo postales y sobres. La\u00a0<strong><a href=\"https:\/\/www.komsa.com.ar\/profile\/mp-c2004-c2504-ricoh\/\">RICOH MP C2004EX<\/a>\u00a0<\/strong>se vuelve a calibrar durante el proceso para mantener colores intensos. Imprime tama\u00f1os de papel de hasta 12\u2033 x 18\u2033 (304.8 mm x 457.2 mm).<\/p>\n<h4><strong>NO DUDES EN TRABAJAR EN DONDE QUIERAS<\/strong><\/h4>\n<p>Lev\u00e1ntate, mu\u00e9vete \u2014 y mant\u00e9n la productividad. Desde tu smartphone o tablet, Descargue la aplicaci\u00f3n\u00a0<a href=\"http:\/\/www.ricoh.com\/software\/connector\/\" rel=\"noopener\">RICOH Smart Device Connector<\/a>\u00a0y\u00a0<a href=\"http:\/\/www.ricoh.com\/software\/printandscan\/\" rel=\"noopener\">RICOH Smart Device Print&amp;Scan<\/a>\u00a0y conecta la fotocopiadora\u00a0<a href=\"https:\/\/www.komsa.com.ar\/profile\/mp-c2004-c2504-ricoh\/\"><strong>RICOH MP C2004EX <\/strong><\/a>. Accede a informaci\u00f3n desde tu equipo o aplicaci\u00f3n en la nube favorita e impr\u00edmela o comp\u00e1rtela desde la impresora multifunci\u00f3n sin herramientas, softwares ni controladores adicionales. Tambi\u00e9n puedes escanear documentos originales y enviar archivos digitales directamente a tu smartphone para llevarlos contigo o compartirlos con otras personas.<\/p>\n<h4><strong>FINALIZADO A TU MANERA<\/strong><\/h4>\n<p>Puedes elegir entre tres finalizadores potentes y vers\u00e1tiles para la RICOH 2004, que incluyen dos finalizadores internos para ahorrar espacio y un finalizador con funci\u00f3n de encuadernado para 1,000 hojas. Elige el que mejor se adapte a las necesidades exclusivas de tu entorno de trabajo.[\/vc_column_text][\/vc_column][\/vc_row][vc_row css=\u00bb.vc_custom_1513651159719{margin-top: 20px !important;margin-bottom: 20px !important;}\u00bb][vc_column]<div class=\"mf-single-image align-left \"><span class=\"thumbnail\" ><img loading=\"lazy\" decoding=\"async\" src=\"https:\/\/komsa.com.ar\/tienda\/wp-content\/themes\/martfury\/images\/transparent.png\" data-original=\"https:\/\/komsa.com.ar\/tienda\/wp-content\/uploads\/2020\/05\/banner-mpc2004.jpg\"  alt=\"\" class=\"lazy \" width=\"1366\" height=\"624\"><\/span><\/div>[\/vc_column][\/vc_row][vc_row][vc_column][vc_column_text]<\/p>\n<hr \/>\n<p><strong><a href=\"https:\/\/www.komsa.com.ar\/\">KOMSA<\/a>\u00a0<\/strong><\/p>\n<hr \/>\n<p>Somos los \u00fanicos Distribuidores Oficiales de la marca\u00a0<a href=\"https:\/\/www.ricoh-americalatina.com\/es-ar\/productos\" rel=\"noopener\">RICOH<\/a>\u00a0y\u00a0<a href=\"https:\/\/epson.com.ar\/workforce-pro\" rel=\"noopener\">EPSON B2B<\/a>\u00a0en el NEA con m\u00e1s de 25 a\u00f1os de permanencia en el mercado. Contamos con stock de insumos y repuestos originales. Lo invitamos a visitar nuestro amplio showroom con todos los equipos publicados exhibidos. Nuestro personal t\u00e9cnico, altamente capacitado le brindar\u00e1 el mejor servicio post venta.[\/vc_column_text][\/vc_column][\/vc_row]<\/p>\n<\/div>","protected":false},"excerpt":{"rendered":"<ul>\n<li class=\"lead\"><strong>Velocidad:<\/strong> 20 p\u00e1ginas por minuto<\/li>\n<li class=\"lead\"><strong>Ciclo Mensual:<\/strong> 10.000 p\u00e1ginas mensuales<\/li>\n<li class=\"lead\"><strong>D\u00faplex autom\u00e1tico<\/strong> (doble faz)<\/li>\n<li class=\"lead\"><strong>Tama\u00f1o de Papel:<\/strong> A3, A4, oficio y legal<\/li>\n<li><strong>Gramaje de Papel:\u00a0<\/strong>Hasta 52 \u2013 300 g\/m\u00b2<\/li>\n<li class=\"lead\"><strong>Impresi\u00f3n desde tu celular<\/strong><\/li>\n<\/ul>\n","protected":false},"featured_media":3284,"comment_status":"open","ping_status":"closed","template":"","meta":{"_joinchat":[]},"product_cat":[15,211],"product_tag":[343,1799,331],"class_list":{"0":"post-3278","1":"product","2":"type-product","3":"status-publish","4":"has-post-thumbnail","6":"product_brand-ricoh","7":"product_cat-fotocopiadoras","8":"product_cat-fotocopiadoras-color","9":"product_tag-color","10":"product_tag-fotocopiadora-color-laser","11":"product_tag-ricoh","12":"product_shipping_class-envio-gratis","14":"first","15":"outofstock","16":"shipping-taxable","17":"purchasable","18":"product-type-simple","19":"col-xs-6 col-sm-4","20":"col-md-3 col-lg-3","21":"un-4-cols"},"_links":{"self":[{"href":"https:\/\/komsa.com.ar\/tienda\/wp-json\/wp\/v2\/product\/3278","targetHints":{"allow":["GET"]}}],"collection":[{"href":"https:\/\/komsa.com.ar\/tienda\/wp-json\/wp\/v2\/product"}],"about":[{"href":"https:\/\/komsa.com.ar\/tienda\/wp-json\/wp\/v2\/types\/product"}],"replies":[{"embeddable":true,"href":"https:\/\/komsa.com.ar\/tienda\/wp-json\/wp\/v2\/comments?post=3278"}],"wp:featuredmedia":[{"embeddable":true,"href":"https:\/\/komsa.com.ar\/tienda\/wp-json\/wp\/v2\/media\/3284"}],"wp:attachment":[{"href":"https:\/\/komsa.com.ar\/tienda\/wp-json\/wp\/v2\/media?parent=3278"}],"wp:term":[{"taxonomy":"product_cat","embeddable":true,"href":"https:\/\/komsa.com.ar\/tienda\/wp-json\/wp\/v2\/product_cat?post=3278"},{"taxonomy":"product_tag","embeddable":true,"href":"https:\/\/komsa.com.ar\/tienda\/wp-json\/wp\/v2\/product_tag?post=3278"}],"curies":[{"name":"wp","href":"https:\/\/api.w.org\/{rel}","templated":true}]}}