{"id":3263,"date":"2020-05-21T12:29:13","date_gmt":"2020-05-21T12:29:13","guid":{"rendered":"http:\/\/komsa.com.ar\/tienda\/producto\/sin%20categor\u00eda\/ricoh-mp-2555sp-copy-2\/"},"modified":"2025-04-15T11:05:46","modified_gmt":"2025-04-15T14:05:46","slug":"ricoh-mp-5054","status":"publish","type":"product","link":"https:\/\/komsa.com.ar\/tienda\/producto\/ricoh-mp-5054\/","title":{"rendered":"RICOH MP 5054"},"content":{"rendered":"<div class=\"wpb-content-wrapper\"><p>[vc_row][vc_column][vc_custom_heading text=\u00bbMULTIFUNCION LASER RICOH MP 5054 (BLANCO Y NEGRO)\u00bb font_container=\u00bbtag:h3|text_align:left|color:%233691ad\u00bb use_theme_fonts=\u00bbyes\u00bb el_class=\u00bbsemibold\u00bb][vc_column_text]<\/p>\n<h4>ADMINISTRA Y MUEVE LA INFORMACION CON PRECISION<\/h4>\n<p>Utiliza la Impresora multifunci\u00f3n (MFP) l\u00e1ser blanco y negro RICOH MP 5054 para imprimir, fotocopiar, escanear y enviar faxes (opcional) sin esfuerzo a trav\u00e9s de flujos de trabajo automatizados, controles personalizables, operaciones m\u00f3viles y m\u00e1s. Trabaja de manera r\u00e1pida y a\u00f1ade terminaci\u00f3n profesional con m\u00faltiples opciones de terminaci\u00f3n, incluidos sets de carpetas y sin grapas.<\/p>\n<h4>COMPARTE INFORMACION A ALTAS VELOCIDADES<\/h4>\n<p>Ot\u00f3rgale a tu mediana empresa lo que necesita para hacer el trabajo. Imprime y fotocopia en blanco y negro hasta 50 p\u00e1ginas por minuto (ppm) con la RICOH MP 5054. Coloca los originales hasta 11&#8243; x 17&#8243; (279 mm x 432 mm) en el Alimentador de documentos de un solo paso (SPDF) de 220 hojas para crear escaneos digitales y compartirlos al instante con una selecci\u00f3n amplia de funciones de escaneo o el env\u00edo de faxes sin papel opcional.<\/p>\n<h4>TRABAJA CON CONVENIENCIA MOVIL<\/h4>\n<p>Descarga la aplicaci\u00f3n <a href=\"http:\/\/www.ricoh.com\/software\/connector\/\" rel=\"noopener\">RICOH Smart Device Connector<\/a>\u00a0y\u00a0<a href=\"http:\/\/www.ricoh.com\/software\/printandscan\/\" rel=\"noopener\">RICOH Smart Device Print&amp;Scan<\/a> a tu smartphone o tablet para trabajar mientras viajas. Utiliza el Entorno integrado de la nube (ICE) opcional de RICOH para acceder a informaci\u00f3n desde las aplicaciones en la nube, tales como Dropbox\u2122 o Google Drive\u2122. Impr\u00edmelo o gu\u00e1rdalo en tu tel\u00e9fono celular, o imprime a trav\u00e9s de AirPrint\u00ae. Escanea originales directamente a tu equipo personal y lleva los archivos contigo. Simplemente comienza por conectar y autenticar a trav\u00e9s de la etiqueta Comunicaci\u00f3n de campo cercano (NFC).<\/p>\n<h4>IMPRESIONA A LOS DEMAS CON EL RESULTADO FINAL<\/h4>\n<p>Crea un trabajo profesional en la empresa con una resoluci\u00f3n n\u00edtida de 1200 x 1200 y m\u00faltiples opciones de finalizado. Utiliza la Unidad de plegado m\u00faltiple, que ahorra espacio, para a\u00f1adir tipos diferentes de plegados automatizados. Elige de entre otros varios finalizadores para funciones de perforado, confecci\u00f3n de cuadernillos y engrapado. Tambi\u00e9n puedes minimizar los costos de suministro y simplificar el triturado de papel con la terminaci\u00f3n sin grapas automatizada para sets de documentos de cinco o menos hojas en la Fotocopiadora RICOH MP 5054.<\/p>\n<h4>CREA TU PROPIO CAMINO HACIA LA PRODUCTIVIDAD<\/h4>\n<p>Descarga aplicaciones de flujo de trabajo desde el Sitio de aplicaciones y col\u00f3calas como accesos directos con un toque en la pantalla principal del panel de operaci\u00f3n inteligente. Como la aplicaci\u00f3n Conference Concierge para instrucciones f\u00e1ciles sobre c\u00f3mo convertir dise\u00f1os en documentos impresos precisos. O descarga la aplicaci\u00f3n de Videos instructivos para instrucciones con gu\u00eda en pantalla y resoluci\u00f3n de problemas. A\u00f1ade software como Streamline NX de RICOH \u00ae y GlobalScan\u2122 NX de RICOH para agilizar los flujos de trabajo y reducir repeticiones.[\/vc_column_text][\/vc_column][\/vc_row][vc_row css=\u00bb.vc_custom_1513651159719{margin-top: 20px !important;margin-bottom: 20px !important;}\u00bb][vc_column]<div class=\"mf-single-image align-center \"><span class=\"thumbnail\" ><img loading=\"lazy\" decoding=\"async\" src=\"https:\/\/komsa.com.ar\/tienda\/wp-content\/themes\/martfury\/images\/transparent.png\" data-original=\"https:\/\/komsa.com.ar\/tienda\/wp-content\/uploads\/2020\/05\/MP-5054-40.jpg\"  alt=\"\" class=\"lazy \" width=\"1008\" height=\"564\"><\/span><\/div>[\/vc_column][\/vc_row][vc_row][vc_column][vc_column_text]<\/p>\n<hr \/>\n<p><strong><a href=\"https:\/\/www.komsa.com.ar\/\">KOMSA<\/a>\u00a0<\/strong><\/p>\n<hr \/>\n<p>Somos los \u00fanicos Distribuidores Oficiales de la marca\u00a0<a href=\"https:\/\/www.ricoh-americalatina.com\/es-ar\/productos\" rel=\"noopener\">RICOH<\/a>\u00a0y\u00a0<a href=\"https:\/\/epson.com.ar\/workforce-pro\" rel=\"noopener\">EPSON B2B<\/a>\u00a0en el NEA con m\u00e1s de 25 a\u00f1os de permanencia en el mercado. Contamos con stock de insumos y repuestos originales. Lo invitamos a visitar nuestro amplio showroom con todos los equipos publicados exhibidos. Nuestro personal t\u00e9cnico, altamente capacitado le brindar\u00e1 el mejor servicio post venta.[\/vc_column_text][\/vc_column][\/vc_row]<\/p>\n<\/div>","protected":false},"excerpt":{"rendered":"<ul>\n<li class=\"lead\"><strong>Velocidad:<\/strong> 50 p\u00e1ginas por minuto<\/li>\n<li class=\"lead\"><strong>Ciclo Mensual:<\/strong> 45.000 p\u00e1ginas mensuales<\/li>\n<li class=\"lead\"><strong>D\u00faplex\u00a0<\/strong><b>Autom\u00e1tico<\/b>\u00a0(doble faz)<\/li>\n<li class=\"lead\"><strong>Tama\u00f1o de Papel:<\/strong> A3, A4, oficio y legal<\/li>\n<li><strong>Gramaje de Papel: <\/strong>Hasta 52 \u2013 300 g\/m\u00b2<\/li>\n<li class=\"lead\"><strong>Impresi\u00f3n desde tu celular<\/strong><\/li>\n<\/ul>\n","protected":false},"featured_media":3274,"comment_status":"open","ping_status":"closed","template":"","meta":{"_joinchat":[]},"product_cat":[15,210],"product_tag":[333,334,332,335,336,331],"class_list":{"0":"post-3263","1":"product","2":"type-product","3":"status-publish","4":"has-post-thumbnail","6":"product_brand-ricoh","7":"product_cat-fotocopiadoras","8":"product_cat-fotocopiadoras-blanco-negro","9":"product_tag-a3","10":"product_tag-a4","11":"product_tag-fotocopiadora-ricoh","12":"product_tag-multifuncion-a4","13":"product_tag-oficio","14":"product_tag-ricoh","15":"product_shipping_class-envio-gratis","17":"first","18":"outofstock","19":"shipping-taxable","20":"purchasable","21":"product-type-simple","22":"col-xs-6 col-sm-4","23":"col-md-3 col-lg-3","24":"un-4-cols"},"_links":{"self":[{"href":"https:\/\/komsa.com.ar\/tienda\/wp-json\/wp\/v2\/product\/3263","targetHints":{"allow":["GET"]}}],"collection":[{"href":"https:\/\/komsa.com.ar\/tienda\/wp-json\/wp\/v2\/product"}],"about":[{"href":"https:\/\/komsa.com.ar\/tienda\/wp-json\/wp\/v2\/types\/product"}],"replies":[{"embeddable":true,"href":"https:\/\/komsa.com.ar\/tienda\/wp-json\/wp\/v2\/comments?post=3263"}],"wp:featuredmedia":[{"embeddable":true,"href":"https:\/\/komsa.com.ar\/tienda\/wp-json\/wp\/v2\/media\/3274"}],"wp:attachment":[{"href":"https:\/\/komsa.com.ar\/tienda\/wp-json\/wp\/v2\/media?parent=3263"}],"wp:term":[{"taxonomy":"product_cat","embeddable":true,"href":"https:\/\/komsa.com.ar\/tienda\/wp-json\/wp\/v2\/product_cat?post=3263"},{"taxonomy":"product_tag","embeddable":true,"href":"https:\/\/komsa.com.ar\/tienda\/wp-json\/wp\/v2\/product_tag?post=3263"}],"curies":[{"name":"wp","href":"https:\/\/api.w.org\/{rel}","templated":true}]}}