{"id":3262,"date":"2020-05-21T12:26:34","date_gmt":"2020-05-21T12:26:34","guid":{"rendered":"http:\/\/komsa.com.ar\/tienda\/producto\/sin%20categor\u00eda\/ricoh-mp-2555sp-copy\/"},"modified":"2025-04-15T11:06:50","modified_gmt":"2025-04-15T14:06:50","slug":"ricoh-mp-4055sp","status":"publish","type":"product","link":"https:\/\/komsa.com.ar\/tienda\/producto\/ricoh-mp-4055sp\/","title":{"rendered":"RICOH MP 4055SP"},"content":{"rendered":"<div class=\"wpb-content-wrapper\"><p>[vc_row][vc_column][vc_custom_heading text=\u00bbMULTIFUNCION LASER RICOH MP 4055SP (BLANCO Y NEGRO)\u00bb font_container=\u00bbtag:h3|text_align:left|color:%233691ad\u00bb use_theme_fonts=\u00bbyes\u00bb el_class=\u00bbsemibold\u00bb][vc_column_text]<\/p>\n<h4>MUEVE LA INFORMACI\u00d3N R\u00c1PIDAMENTE EN OFICINAS MEDIANAS<\/h4>\n<p>Utiliza la fotocopiadora\u00a0<a href=\"https:\/\/www.komsa.com.ar\/profile\/ricoh-mp-4055sp\/\">RICOH MP 4055SP<\/a>\u00a0Laser Blanco y Negro y haz rendir al m\u00e1ximo un d\u00eda de trabajo ajetreado. Imprime, fotocopia, escanea y env\u00eda faxes (opcional) con velocidad y conveniencia utilizando controles personalizables, flujos de trabajo automatizados y funciones m\u00f3viles. Elige de entre opciones de terminaci\u00f3n automatizadas. A\u00f1ade seguridad y funciones ecol\u00f3gicas para ayudar a reducir los riesgos y costos.<\/p>\n<h4>LOS FLUJOS DE TRABAJO MAS R\u00c1PIDOS COMIENZAN AQU\u00cd<\/h4>\n<p>Imprime en blanco y negro hasta un total de 40 p\u00e1ginas por minuto (ppm). Utiliza el Alimentador de documentos de un solo paso (SPDF) para entregar informaci\u00f3n a\u00fan m\u00e1s r\u00e1pido. Alimenta originales impresos de una sola cara o de dos caras, digital\u00edzalos hasta 180 im\u00e1genes por minuto (ipm) y distrib\u00fayelos a trav\u00e9s de Escaneo a email, FTP, PDF, URL y m\u00e1s. Tambi\u00e9n puedes a\u00f1adir fax sin papel para enviar y recibir documentos por fax en copia electr\u00f3nica.<\/p>\n<h4><strong>FINALIZA TU TRABAJO INTERNAMENTE<\/strong><\/h4>\n<p>Elimina la subcontrataci\u00f3n con la Fotocopiadora\u00a0<a href=\"https:\/\/www.komsa.com.ar\/profile\/ricoh-mp-4055sp\/\">RICOH MP 4055SP<\/a>. La Unidad de plegado m\u00faltiple interna opcional ofrece tipos m\u00faltiples de plegados, incluidos z-, v- y tr\u00edpticos, para mejorar los email directos, las presentaciones, los men\u00fas y m\u00e1s. Elige de entre otros cinco finalizadores, incluidos un Finalizador opcional sin grapas + H\u00edbrido con grapas para 1,000 hojas que pueden crear sets de documentos con o sin grapas, dependiendo de la cantidad de p\u00e1ginas.<\/p>\n<h4>MINIMIZA EL TRABAJO MANUAL<\/h4>\n<p>Expande la capacidad del papel hasta 4,700 hojas con fuentes opcionales de papel para minimizar interrupciones. Almacena y recupera al instante hasta 3,000 documentos con el Servidor de documentos. A\u00f1ade Reconocimiento \u00f3ptico de caracteres (OCR) opcional en cada archivo PDF, de modo que puedas buscar dentro del mismo con palabras clave. A\u00f1ade software como Streamline NX de RICOH \u00ae y GlobalScan\u2122 NX de RICOH para agilizar los flujos de trabajo y para reducir los pasos que se repiten.<\/p>\n<h4>SE LIBRE, SE PRODUCTIVO<\/h4>\n<p>Trabaja en cualquier lugar. Solo descarga la aplicaci\u00f3n\u00a0<a href=\"http:\/\/www.ricoh.com\/software\/connector\/\" rel=\"noopener\">RICOH Smart Device Connector<\/a>\u00a0y\u00a0<a href=\"http:\/\/www.ricoh.com\/software\/printandscan\/\" rel=\"noopener\">RICOH Smart Device Print&Scan<\/a>\u00a0en tu smartphone o tablet para comenzar. A\u00f1ade el Entorno integrado de la nube (ICE) opcional para acceder a informaci\u00f3n desde aplicaciones en la nube e imprimirla o guardarla en tu equipo m\u00f3vil. Tambi\u00e9n puedes imprimir desde AirPrint\u00ae. O escanear originales en la Impresora multifunci\u00f3n y enviarlos a tu equipo personal para almacenamiento mientras viajas. Con\u00e9ctate f\u00e1cilmente al sostener tu equipo cerca de la etiqueta de Comunicaci\u00f3n de campo cercano (NFC) para autenticaci\u00f3n.<br \/>\n[\/vc_column_text][\/vc_column][\/vc_row][vc_row css=\u00bb.vc_custom_1513651159719{margin-top: 20px !important;margin-bottom: 20px !important;}\u00bb][vc_column]<div class=\"mf-single-image align-center \"><span class=\"thumbnail\" ><img loading=\"lazy\" decoding=\"async\" src=\"https:\/\/komsa.com.ar\/tienda\/wp-content\/themes\/martfury\/images\/transparent.png\" data-original=\"https:\/\/komsa.com.ar\/tienda\/wp-content\/uploads\/2020\/05\/banner-mp4055-1.jpg\"  alt=\"\" class=\"lazy \" width=\"1366\" height=\"624\"><\/span><\/div>[\/vc_column][\/vc_row][vc_row][vc_column][vc_column_text]<\/p>\n<hr \/>\n<p><strong><a href=\"https:\/\/www.komsa.com.ar\/\">KOMSA<\/a>\u00a0<\/strong><\/p>\n<hr \/>\n<p>Somos los \u00fanicos Distribuidores Oficiales de la marca\u00a0<a href=\"https:\/\/www.ricoh-americalatina.com\/es-ar\/productos\" rel=\"noopener\">RICOH<\/a>\u00a0y\u00a0<a href=\"https:\/\/epson.com.ar\/workforce-pro\" rel=\"noopener\">EPSON B2B<\/a>\u00a0en el NEA con m\u00e1s de 25 a\u00f1os de permanencia en el mercado. Contamos con stock de insumos y repuestos originales. Lo invitamos a visitar nuestro amplio showroom con todos los equipos publicados exhibidos. Nuestro personal t\u00e9cnico, altamente capacitado le brindar\u00e1 el mejor servicio post venta.[\/vc_column_text][\/vc_column][\/vc_row]<\/p>\n<\/div>","protected":false},"excerpt":{"rendered":"<ul>\n<li class=\"lead\"><strong>Velocidad:<\/strong> 41 p\u00e1ginas por minuto<\/li>\n<li class=\"lead\"><strong>Ciclo Mensual:<\/strong> 50.000 p\u00e1ginas mensuales<\/li>\n<li class=\"lead\"><strong>D\u00faplex\u00a0<\/strong><b>Autom\u00e1tico<\/b>\u00a0(doble faz)<\/li>\n<li class=\"lead\"><strong>Tama\u00f1o de Papel:<\/strong> A3, A4, oficio y legal<\/li>\n<li><strong>Gramaje de papel:<\/strong> Hasta 52 \u2013 300 g\/m\u00b2<\/li>\n<li class=\"lead\"><strong>Impresi\u00f3n desde tu celular<\/strong><\/li>\n<\/ul>\n","protected":false},"featured_media":3266,"comment_status":"open","ping_status":"closed","template":"","meta":{"_joinchat":[]},"product_cat":[15,210],"product_tag":[333,334,332,335,336,331],"class_list":{"0":"post-3262","1":"product","2":"type-product","3":"status-publish","4":"has-post-thumbnail","6":"product_brand-ricoh","7":"product_cat-fotocopiadoras","8":"product_cat-fotocopiadoras-blanco-negro","9":"product_tag-a3","10":"product_tag-a4","11":"product_tag-fotocopiadora-ricoh","12":"product_tag-multifuncion-a4","13":"product_tag-oficio","14":"product_tag-ricoh","15":"product_shipping_class-envio-gratis","17":"first","18":"instock","19":"shipping-taxable","20":"purchasable","21":"product-type-simple","22":"col-xs-6 col-sm-4","23":"col-md-3 col-lg-3","24":"un-4-cols"},"_links":{"self":[{"href":"https:\/\/komsa.com.ar\/tienda\/wp-json\/wp\/v2\/product\/3262","targetHints":{"allow":["GET"]}}],"collection":[{"href":"https:\/\/komsa.com.ar\/tienda\/wp-json\/wp\/v2\/product"}],"about":[{"href":"https:\/\/komsa.com.ar\/tienda\/wp-json\/wp\/v2\/types\/product"}],"replies":[{"embeddable":true,"href":"https:\/\/komsa.com.ar\/tienda\/wp-json\/wp\/v2\/comments?post=3262"}],"wp:featuredmedia":[{"embeddable":true,"href":"https:\/\/komsa.com.ar\/tienda\/wp-json\/wp\/v2\/media\/3266"}],"wp:attachment":[{"href":"https:\/\/komsa.com.ar\/tienda\/wp-json\/wp\/v2\/media?parent=3262"}],"wp:term":[{"taxonomy":"product_cat","embeddable":true,"href":"https:\/\/komsa.com.ar\/tienda\/wp-json\/wp\/v2\/product_cat?post=3262"},{"taxonomy":"product_tag","embeddable":true,"href":"https:\/\/komsa.com.ar\/tienda\/wp-json\/wp\/v2\/product_tag?post=3262"}],"curies":[{"name":"wp","href":"https:\/\/api.w.org\/{rel}","templated":true}]}}