{"id":3245,"date":"2020-05-20T13:55:29","date_gmt":"2020-05-20T13:55:29","guid":{"rendered":"http:\/\/komsa.com.ar\/tienda\/producto\/sin%20categor\u00eda\/ricoh-im-550f-copy\/"},"modified":"2025-04-07T09:55:08","modified_gmt":"2025-04-07T12:55:08","slug":"ricoh-sp-3710sf","status":"publish","type":"product","link":"https:\/\/komsa.com.ar\/tienda\/producto\/ricoh-sp-3710sf\/","title":{"rendered":"RICOH SP 3710SF"},"content":{"rendered":"<div class=\"wpb-content-wrapper\"><p>[vc_row][vc_column][vc_custom_heading text=\u00bbMULTIFUNCION LASER RICOH SP 3710SF (BLANCO Y NEGRO)\u00bb font_container=\u00bbtag:h3|text_align:left|color:%233691ad\u00bb use_theme_fonts=\u00bbyes\u00bb el_class=\u00bbsemibold\u00bb][vc_column_text]<\/p>\n<h4><strong>CUMPLA CON CADA DEMANDA Y CADA PRESUPUESTO<\/strong><\/h4>\n<p>Aproveche al m\u00e1ximo su presupuesto para compartir sus mejores ideas. Utilice la asequible fotocopiadora\u00a0<a href=\"https:\/\/www.komsa.com.ar\/profile\/sp-3710sf-ricoh\/\"><strong>RICOH SP 3710SF<\/strong>\u00a0\u00a0<\/a>laser de bajo costo para imprimir, copiar, escanear y enviar faxes con facilidad desde el escritorio. Adopte la versatilidad con m\u00faltiples opciones de conectividad, agregue impresi\u00f3n remota conveniente, maneje una amplia gama de medios y reduzca los costos de impresi\u00f3n con un cartucho de impresi\u00f3n de alto rendimiento.<\/p>\n<p>La Fotocopiadora\u00a0<strong><a href=\"https:\/\/www.komsa.com.ar\/profile\/sp-3710sf-ricoh\/\">RICOH SP 3710SF<\/a><\/strong>\u00a0ocupa poco espacio y puede situarse f\u00e1cilmente sobre un escritorio o en una esquina. Su funcionamiento es sencillo gracias a su panel t\u00e1ctil en color de 4,3 pulgadas inclinable y personalizable y sus men\u00fas animados.<\/p>\n<h4><strong>LOGRA UN DESEMPE\u00d1O MAS\u00a0<\/strong><b>R\u00c1PIDO<\/b><\/h4>\n<p>Esta vers\u00e1til fotocopiadora multifuncional re\u00fane muchas caracter\u00edsticas en un dise\u00f1o compacto. Con una velocidad de impresi\u00f3n de 34 p\u00e1ginas A4 en blanco y negro a 1200\u00d71200 dpi, la fotocopiadora\u00a0<a href=\"https:\/\/www.komsa.com.ar\/profile\/sp-3710sf-ricoh\/\"><strong>RICOH SP 3710SF<\/strong><\/a> combina velocidad con calidad de impresi\u00f3n. Con el alimentador autom\u00e1tico de documentos inverso (ARDF), la fotocopiadora multifuncional ricoh 3710sf\u00a0puede escanear ambas caras de un documento original en color, logrando una r\u00e1pida distribuci\u00f3n a email, carpeta, USB, FTP, SMB o URL. El controlador GWNX avanzado ofrece una sofisticada funcionalidad que anteriormente s\u00f3lo estaba disponible en sistemas de precio muy elevado.<\/p>\n<h4><strong>IMPRIMA DESDE CUALQUIER LUGAR<\/strong><\/h4>\n<p>Trabaje donde est\u00e9, imprima cuando quiera. Descargue la aplicaci\u00f3n\u00a0<a href=\"http:\/\/www.ricoh.com\/software\/connector\/\" rel=\"noopener\">RICOH Smart Device Connector<\/a>\u00a0y\u00a0<a href=\"http:\/\/www.ricoh.com\/software\/printandscan\/\" rel=\"noopener\">RICOH Smart Device Print&amp;Scan<\/a>\u00a0en su tel\u00e9fono inteligente o tableta iOS\u00a0<sup>\u00ae<\/sup>\u00a0o Android\u00a0<sup>\u00ae<\/sup> y capture la informaci\u00f3n de las aplicaciones de almacenamiento en la nube. Simplemente toque su dispositivo con la etiqueta Near Field Communication (NFC) en la impresora ricoh sp 3710sf en la oficina para imprimir a trav\u00e9s de Mopria<sup>\u2122<\/sup>, AirPrint\u00a0<sup>\u00ae<\/sup>\u00a0o Google Cloud Print<sup>\u2122<\/sup>*.[\/vc_column_text][\/vc_column][\/vc_row][vc_row css=\u00bb.vc_custom_1513651159719{margin-top: 20px !important;margin-bottom: 20px !important;}\u00bb][vc_column]<div class=\"mf-single-image align-center \"><span class=\"thumbnail\" ><img loading=\"lazy\" decoding=\"async\" src=\"https:\/\/komsa.com.ar\/tienda\/wp-content\/themes\/martfury\/images\/transparent.png\" data-original=\"https:\/\/komsa.com.ar\/tienda\/wp-content\/uploads\/2020\/05\/bannersp3710.jpg\"  alt=\"\" class=\"lazy \" width=\"1366\" height=\"624\"><\/span><\/div>[\/vc_column][\/vc_row][vc_row][vc_column][vc_column_text]<\/p>\n<hr \/>\n<p><strong><a href=\"https:\/\/www.komsa.com.ar\/\">KOMSA<\/a>\u00a0<\/strong><\/p>\n<hr \/>\n<p>Somos los \u00fanicos Distribuidores Oficiales de la marca\u00a0<a href=\"https:\/\/www.ricoh-americalatina.com\/es-ar\/productos\" rel=\"noopener\">RICOH<\/a>\u00a0y\u00a0<a href=\"https:\/\/epson.com.ar\/workforce-pro\" rel=\"noopener\">EPSON B2B<\/a>\u00a0en el NEA con m\u00e1s de 25 a\u00f1os de permanencia en el mercado. Contamos con stock de insumos y repuestos originales. Lo invitamos a visitar nuestro amplio showroom con todos los equipos publicados exhibidos. Nuestro personal t\u00e9cnico, altamente capacitado le brindar\u00e1 el mejor servicio post ven[\/vc_column_text][\/vc_column][\/vc_row]<\/p>\n<\/div>","protected":false},"excerpt":{"rendered":"<ul>\n<li class=\"lead\"><strong>Velocidad:<\/strong> 34 p\u00e1ginas por minuto<\/li>\n<li class=\"lead\"><strong>Ciclo Mensual:<\/strong> 5.800 p\u00e1ginas mensuales<\/li>\n<li class=\"lead\"><strong>D\u00faplex\u00a0<\/strong><b>Autom\u00e1tico<\/b>\u00a0(doble faz)<\/li>\n<li class=\"lead\"><strong>Tama\u00f1o de Papel:<\/strong> A4, oficio y legal<\/li>\n<li><strong>Gramaje de Papel:\u00a0<\/strong>Hasta 52 \u2013 162 g\/m\u00b2<\/li>\n<li class=\"lead\"><strong>Impresi\u00f3n desde tu celular<\/strong><\/li>\n<\/ul>\n","protected":false},"featured_media":3249,"comment_status":"open","ping_status":"closed","template":"","meta":{"_joinchat":[]},"product_cat":[15,210],"product_tag":[334,332,335,336,331],"class_list":{"0":"post-3245","1":"product","2":"type-product","3":"status-publish","4":"has-post-thumbnail","6":"product_brand-ricoh","7":"product_cat-fotocopiadoras","8":"product_cat-fotocopiadoras-blanco-negro","9":"product_tag-a4","10":"product_tag-fotocopiadora-ricoh","11":"product_tag-multifuncion-a4","12":"product_tag-oficio","13":"product_tag-ricoh","14":"product_shipping_class-envio-gratis","16":"first","17":"outofstock","18":"shipping-taxable","19":"purchasable","20":"product-type-simple","21":"col-xs-6 col-sm-4","22":"col-md-3 col-lg-3","23":"un-4-cols"},"_links":{"self":[{"href":"https:\/\/komsa.com.ar\/tienda\/wp-json\/wp\/v2\/product\/3245","targetHints":{"allow":["GET"]}}],"collection":[{"href":"https:\/\/komsa.com.ar\/tienda\/wp-json\/wp\/v2\/product"}],"about":[{"href":"https:\/\/komsa.com.ar\/tienda\/wp-json\/wp\/v2\/types\/product"}],"replies":[{"embeddable":true,"href":"https:\/\/komsa.com.ar\/tienda\/wp-json\/wp\/v2\/comments?post=3245"}],"wp:featuredmedia":[{"embeddable":true,"href":"https:\/\/komsa.com.ar\/tienda\/wp-json\/wp\/v2\/media\/3249"}],"wp:attachment":[{"href":"https:\/\/komsa.com.ar\/tienda\/wp-json\/wp\/v2\/media?parent=3245"}],"wp:term":[{"taxonomy":"product_cat","embeddable":true,"href":"https:\/\/komsa.com.ar\/tienda\/wp-json\/wp\/v2\/product_cat?post=3245"},{"taxonomy":"product_tag","embeddable":true,"href":"https:\/\/komsa.com.ar\/tienda\/wp-json\/wp\/v2\/product_tag?post=3245"}],"curies":[{"name":"wp","href":"https:\/\/api.w.org\/{rel}","templated":true}]}}