{"id":3085,"date":"2020-05-13T15:04:37","date_gmt":"2020-05-13T15:04:37","guid":{"rendered":"http:\/\/komsa.com.ar\/tienda\/producto\/sin%20categor\u00eda\/resma-boreal-a4-copy\/"},"modified":"2025-04-07T10:10:10","modified_gmt":"2025-04-07T13:10:10","slug":"resma-laser-a4-120gr","status":"publish","type":"product","link":"https:\/\/komsa.com.ar\/tienda\/producto\/resma-laser-a4-120gr\/","title":{"rendered":"Resma Papel Laser A4 120grs"},"content":{"rendered":"<div class=\"wpb-content-wrapper\"><p>[vc_row][vc_column][vc_column_text]<\/p>\n<h4>CARACTER\u00cdSTICAS RESMA LASER A4 120GR<\/h4>\n<ul>\n<li>Ideal para impresi\u00f3n digital en colores, impresi\u00f3n l\u00e1ser, fotocopias color.<\/li>\n<li>Superficie lisa. Efecto glossy.<\/li>\n<li>Excelente rendimiento en ambas caras.<\/li>\n<li>Producido 100% acid free, garant\u00eda de larga conservaci\u00f3n.<\/li>\n<\/ul>\n<p>[\/vc_column_text][\/vc_column][\/vc_row][vc_row][vc_column][vc_column_text]<\/p>\n<hr \/>\n<p><strong><a href=\"https:\/\/www.komsa.com.ar\/\">KOMSA<\/a>\u00a0<\/strong><\/p>\n<hr \/>\n<p>Somos los \u00fanicos Distribuidores Oficiales de la marca <a href=\"https:\/\/www.ricoh-americalatina.com\/es-ar\/productos\" rel=\"noopener\">RICOH<\/a> y EPSON B2B en el NEA con m\u00e1s de 25 a\u00f1os de permanencia en el mercado. Contamos con stock de insumos y repuestos originales. Lo invitamos a visitar nuestro amplio showroom con todos los equipos publicados exhibidos. Nuestro personal t\u00e9cnico, altamente capacitado le brindar\u00e1 el mejor servicio post venta.[\/vc_column_text][\/vc_column][\/vc_row]<\/p>\n<\/div>","protected":false},"excerpt":{"rendered":"<ul>\n<li class=\"normal-text02 art-det-caract\"><strong><label>Tama\u00f1o: <\/label><\/strong><span id=\"datoProducto01\" class=\"normal-text\">A4.<\/span><\/li>\n<li><strong>Cantidad de Hojas x Paquete: <\/strong>250 hojas.<\/li>\n<li><strong>Gramaje:<\/strong> 120 Grs.<\/li>\n<li class=\"normal-text02 art-det-caract\"><b>Tipo de Papel:\u00a0<\/b>Chambril Laser.<br \/>\n<section class=\"ui-view-more vip-section-specs main-section\">\n<div class=\"specs-wrapper\"><\/div>\n<\/section>\n<\/li>\n<\/ul>\n","protected":false},"featured_media":3090,"comment_status":"open","ping_status":"closed","template":"","meta":{"_joinchat":[]},"product_cat":[216],"product_tag":[257,255,262,261],"class_list":{"0":"post-3085","1":"product","2":"type-product","3":"status-publish","4":"has-post-thumbnail","6":"product_brand-fabriano","7":"product_cat-resmas-papel","8":"product_tag-papel-a4","9":"product_tag-resma-a4","10":"product_tag-resma-ilustracion-a4","11":"product_tag-resma-laser-a4","13":"first","14":"instock","15":"shipping-taxable","16":"purchasable","17":"product-type-simple","18":"col-xs-6 col-sm-4","19":"col-md-3 col-lg-3","20":"un-4-cols"},"_links":{"self":[{"href":"https:\/\/komsa.com.ar\/tienda\/wp-json\/wp\/v2\/product\/3085","targetHints":{"allow":["GET"]}}],"collection":[{"href":"https:\/\/komsa.com.ar\/tienda\/wp-json\/wp\/v2\/product"}],"about":[{"href":"https:\/\/komsa.com.ar\/tienda\/wp-json\/wp\/v2\/types\/product"}],"replies":[{"embeddable":true,"href":"https:\/\/komsa.com.ar\/tienda\/wp-json\/wp\/v2\/comments?post=3085"}],"wp:featuredmedia":[{"embeddable":true,"href":"https:\/\/komsa.com.ar\/tienda\/wp-json\/wp\/v2\/media\/3090"}],"wp:attachment":[{"href":"https:\/\/komsa.com.ar\/tienda\/wp-json\/wp\/v2\/media?parent=3085"}],"wp:term":[{"taxonomy":"product_cat","embeddable":true,"href":"https:\/\/komsa.com.ar\/tienda\/wp-json\/wp\/v2\/product_cat?post=3085"},{"taxonomy":"product_tag","embeddable":true,"href":"https:\/\/komsa.com.ar\/tienda\/wp-json\/wp\/v2\/product_tag?post=3085"}],"curies":[{"name":"wp","href":"https:\/\/api.w.org\/{rel}","templated":true}]}}