{"id":3062,"date":"2020-05-13T13:28:49","date_gmt":"2020-05-13T13:28:49","guid":{"rendered":"http:\/\/komsa.com.ar\/tienda\/producto\/sin%20categor\u00eda\/plastificadora-a3-lm330-copy\/"},"modified":"2025-04-07T10:10:30","modified_gmt":"2025-04-07T13:10:30","slug":"laminadora-de-papel-a3","status":"publish","type":"product","link":"https:\/\/komsa.com.ar\/tienda\/producto\/laminadora-de-papel-a3\/","title":{"rendered":"Laminadora de Papel A3"},"content":{"rendered":"<div class=\"wpb-content-wrapper\"><p>[vc_row css=\u00bb.vc_custom_1513651159719{margin-top: 20px !important;margin-bottom: 20px !important;}\u00bb][vc_column][vc_column_text]<\/p>\n<h4>CARACTERISTICAS &#8211; LAMINADORA DE PAPEL A3<\/h4>\n<p>Si buscas una\u00a0<strong>laminadora de rodillos el\u00e9ctrica para trabajar en fr\u00edo y calor, <\/strong>nuestro modelo de laminadora de papel A3 LMECO360 es sin duda, una buena soluci\u00f3n. Su precio econ\u00f3mico ayuda mucho. Pero tambi\u00e9n que es una m\u00e1quina perfecta la producci\u00f3n de dos trabajos fundamentales en talleres de impresi\u00f3n digital, fotograf\u00eda, etc:<\/p>\n<ol>\n<li>Montaje de tus trabajos impresos, sobre soportes soportes r\u00edgidos.<\/li>\n<li>Laminado (plastificado a una cara) de tus trabajos impresos.<\/li>\n<\/ol>\n<p>La serie LME son laminadoras el\u00e9ctricas (220V) capaces del montaje y laminaci\u00f3n de materiales hasta 125 micrones de grosor. Es compatible con pel\u00edculas y adhesivos de montaje fr\u00edo\/calor sensibles a la presi\u00f3n.[\/vc_column_text][\/vc_column][\/vc_row][vc_row][vc_column width=\u00bb1\/2&#8243;][vc_column_text]<\/p>\n<h4>ESPECIFICACIONES<\/h4>\n<ul>\n<li><strong>Ancho\u00a0<\/strong><b>Introducci\u00f3n<\/b>: 350mm.<\/li>\n<li><b>Espesor M\u00e1ximo de laminacion:<\/b> 180 Mic.<\/li>\n<li><strong>Velocidad<\/strong>: Fija 650mm\/min<\/li>\n<li><strong>Consumo:<\/strong> 650(W)<\/li>\n<li><strong>Reversa:<\/strong> Si<\/li>\n<li><b>Laminado en fri\u00f3:<\/b> Si<\/li>\n<li><strong>Version<\/strong>: DASA LM360Eco<\/li>\n<\/ul>\n<p>[\/vc_column_text][\/vc_column][vc_column width=\u00bb1\/2&#8243;][vc_column_text]<\/p>\n<h4>SE ENTREGA CON:<\/h4>\n<ul>\n<li>1 x Laminadora<\/li>\n<li>1 x Manual en Espa\u00f1ol<\/li>\n<\/ul>\n<p>[\/vc_column_text][\/vc_column][\/vc_row][vc_row][vc_column][vc_column_text]<\/p>\n<hr \/>\n<p><strong><a href=\"https:\/\/www.komsa.com.ar\/\">KOMSA<\/a>\u00a0<\/strong><\/p>\n<hr \/>\n<p>Somos los \u00fanicos Distribuidores Oficiales de la marca <a href=\"https:\/\/www.ricoh-americalatina.com\/es-ar\/productos\" rel=\"noopener\">RICOH<\/a> y EPSON B2B en el NEA con m\u00e1s de 25 a\u00f1os de permanencia en el mercado. Contamos con stock de insumos y repuestos originales. Lo invitamos a visitar nuestro amplio showroom con todos los equipos publicados exhibidos. Nuestro personal t\u00e9cnico, altamente capacitado le brindar\u00e1 el mejor servicio post venta.[\/vc_column_text][\/vc_column][\/vc_row]<\/p>\n<\/div>","protected":false},"excerpt":{"rendered":"<ul>\n<li>Laminadora de rollos econ\u00f3mica 360mm de ancho, espesor m\u00e1ximo 125 micrones.<\/li>\n<li>Equipo intermedio entre plastificadora y laminadora, ideal pocas tiradas.<\/li>\n<li>Laminado en caliente\/ fr\u00edo, uso cont\u00ednuo m\u00e1ximo 40 min.\/ enfriamiento 40 min.<\/li>\n<li>Regulador de temperatura electr\u00f3nico digital (0-140\u00b0C)<\/li>\n<li>Velocidad fija 650mm\/min. con reversa para evitar atasques.<\/li>\n<li>Puede calefaccionar un rodillo para laminaci\u00f3n de una cara o ambos para encapsulado.<\/li>\n<\/ul>\n","protected":false},"featured_media":3071,"comment_status":"open","ping_status":"closed","template":"","meta":{"_joinchat":[]},"product_cat":[215],"product_tag":[237,248,253,1326,1325],"class_list":{"0":"post-3062","1":"product","2":"type-product","3":"status-publish","4":"has-post-thumbnail","6":"product_brand-dasa","7":"product_cat-plastificadoras-laminadoras","8":"product_tag-dasa","9":"product_tag-laminadora","10":"product_tag-laminadora-a3","11":"product_tag-laminadora-de-papel","12":"product_tag-laminadora-de-rollos","13":"product_shipping_class-envio-gratis","15":"first","16":"outofstock","17":"sale","18":"shipping-taxable","19":"purchasable","20":"product-type-simple","21":"col-xs-6 col-sm-4","22":"col-md-3 col-lg-3","23":"un-4-cols"},"_links":{"self":[{"href":"https:\/\/komsa.com.ar\/tienda\/wp-json\/wp\/v2\/product\/3062","targetHints":{"allow":["GET"]}}],"collection":[{"href":"https:\/\/komsa.com.ar\/tienda\/wp-json\/wp\/v2\/product"}],"about":[{"href":"https:\/\/komsa.com.ar\/tienda\/wp-json\/wp\/v2\/types\/product"}],"replies":[{"embeddable":true,"href":"https:\/\/komsa.com.ar\/tienda\/wp-json\/wp\/v2\/comments?post=3062"}],"wp:featuredmedia":[{"embeddable":true,"href":"https:\/\/komsa.com.ar\/tienda\/wp-json\/wp\/v2\/media\/3071"}],"wp:attachment":[{"href":"https:\/\/komsa.com.ar\/tienda\/wp-json\/wp\/v2\/media?parent=3062"}],"wp:term":[{"taxonomy":"product_cat","embeddable":true,"href":"https:\/\/komsa.com.ar\/tienda\/wp-json\/wp\/v2\/product_cat?post=3062"},{"taxonomy":"product_tag","embeddable":true,"href":"https:\/\/komsa.com.ar\/tienda\/wp-json\/wp\/v2\/product_tag?post=3062"}],"curies":[{"name":"wp","href":"https:\/\/api.w.org\/{rel}","templated":true}]}}