{"id":3056,"date":"2020-05-13T13:21:00","date_gmt":"2020-05-13T13:21:00","guid":{"rendered":"http:\/\/komsa.com.ar\/tienda\/producto\/sin%20categor\u00eda\/plastificadora-a4-oficio-lm240-copy\/"},"modified":"2025-04-07T10:10:46","modified_gmt":"2025-04-07T13:10:46","slug":"plastificadora-a3-lm330-dasa","status":"publish","type":"product","link":"https:\/\/komsa.com.ar\/tienda\/producto\/plastificadora-a3-lm330-dasa\/","title":{"rendered":"Plastificadora A3 LM300 DASA"},"content":{"rendered":"<div class=\"wpb-content-wrapper\"><p>[vc_row][vc_column width=\u00bb1\/2\u2033][vc_column_text]<\/p>\n<h4>ESPECIFICACIONES PLASTIFICADORA A3 LM330 DASA<\/h4>\n<ul>\n<li><b>Plastificado en fri\u00f3:<\/b> Si<\/li>\n<li><strong>Ancho\u00a0<\/strong><b>Introducci\u00f3n<\/b>: 330mm.<\/li>\n<li><b>Espesor M\u00e1ximo de plastificacion:<\/b> 250 Mic.<\/li>\n<li><strong>Consumo:<\/strong> 450(W)<\/li>\n<li><strong>Reversa:<\/strong> Si<\/li>\n<li><strong>Tama\u00f1o<\/strong>: A3 \u2013 Oficio<\/li>\n<\/ul>\n<p>[\/vc_column_text][\/vc_column][vc_column width=\u00bb1\/2\u2033][vc_column_text]<\/p>\n<ul>\n<li>\n<h4>Garant\u00eda<\/h4>\n<p>1 A\u00d1O directa con nosotros.<\/p>\n<h4>Se entrega con:<\/h4>\n<ul>\n<li>1x Plastificadora<\/li>\n<li>1x Manual en espa\u00f1ol<\/li>\n<\/ul>\n<\/li>\n<\/ul>\n<p>[\/vc_column_text][\/vc_column][\/vc_row][vc_row css=\u00bb.vc_custom_1513651159719{margin-top: 20px !important;margin-bottom: 20px !important;}\u00bb][vc_column][vc_column_text]<\/p>\n<hr \/>\n<p><strong><a href=\"https:\/\/www.komsa.com.ar\/\">KOMSA<\/a>\u00a0<\/strong><\/p>\n<hr \/>\n<p>Somos los \u00fanicos Distribuidores Oficiales de la marca <a href=\"https:\/\/www.ricoh-americalatina.com\/es-ar\/productos\" rel=\"noopener\">RICOH<\/a> y EPSON B2B en el NEA con m\u00e1s de 25 a\u00f1os de permanencia en el mercado. Contamos con stock de insumos y repuestos originales. Lo invitamos a visitar nuestro amplio showroom con todos los equipos publicados exhibidos. Nuestro personal t\u00e9cnico, altamente capacitado le brindar\u00e1 el mejor servicio post venta.[\/vc_column_text][\/vc_column][\/vc_row]<\/p>\n<\/div>","protected":false},"excerpt":{"rendered":"<div class=\"short-description\">\n<div class=\"std\">\n<ul>\n<li>Tama\u00f1o A3 &#8211; Oficio<\/li>\n<li>Plastifica de manera pr\u00e1ctica fotos, credenciales, carnets, men\u00faes, y papeles.<\/li>\n<li>Regulador electr\u00f3nico de temperatura variable.<\/li>\n<li>M\u00e1xima calidad de plastificaci\u00f3n confiable en s\u00f3lo minutos.<\/li>\n<li>Sin necesidad de Carrier transportador plastifica hasta 250 mic.<\/li>\n<li>Funci\u00f3n de reversa y plastificado en Fr\u00edo.<\/li>\n<\/ul>\n<\/div>\n<\/div>\n","protected":false},"featured_media":3061,"comment_status":"open","ping_status":"closed","template":"","meta":{"_joinchat":[]},"product_cat":[215],"product_tag":[237,248,247,250,251],"class_list":{"0":"post-3056","1":"product","2":"type-product","3":"status-publish","4":"has-post-thumbnail","6":"product_brand-dasa","7":"product_cat-plastificadoras-laminadoras","8":"product_tag-dasa","9":"product_tag-laminadora","10":"product_tag-plastificadora","11":"product_tag-plastificadora-a4","12":"product_tag-plastificadora-oficio","13":"product_shipping_class-envio-gratis","15":"first","16":"instock","17":"shipping-taxable","18":"purchasable","19":"product-type-simple","20":"col-xs-6 col-sm-4","21":"col-md-3 col-lg-3","22":"un-4-cols"},"_links":{"self":[{"href":"https:\/\/komsa.com.ar\/tienda\/wp-json\/wp\/v2\/product\/3056","targetHints":{"allow":["GET"]}}],"collection":[{"href":"https:\/\/komsa.com.ar\/tienda\/wp-json\/wp\/v2\/product"}],"about":[{"href":"https:\/\/komsa.com.ar\/tienda\/wp-json\/wp\/v2\/types\/product"}],"replies":[{"embeddable":true,"href":"https:\/\/komsa.com.ar\/tienda\/wp-json\/wp\/v2\/comments?post=3056"}],"wp:featuredmedia":[{"embeddable":true,"href":"https:\/\/komsa.com.ar\/tienda\/wp-json\/wp\/v2\/media\/3061"}],"wp:attachment":[{"href":"https:\/\/komsa.com.ar\/tienda\/wp-json\/wp\/v2\/media?parent=3056"}],"wp:term":[{"taxonomy":"product_cat","embeddable":true,"href":"https:\/\/komsa.com.ar\/tienda\/wp-json\/wp\/v2\/product_cat?post=3056"},{"taxonomy":"product_tag","embeddable":true,"href":"https:\/\/komsa.com.ar\/tienda\/wp-json\/wp\/v2\/product_tag?post=3056"}],"curies":[{"name":"wp","href":"https:\/\/api.w.org\/{rel}","templated":true}]}}