{"id":3045,"date":"2020-05-13T12:17:56","date_gmt":"2020-05-13T12:17:56","guid":{"rendered":"http:\/\/komsa.com.ar\/tienda\/producto\/sin%20categor\u00eda\/cizalla-palanca-super40-copy\/"},"modified":"2025-04-07T10:11:06","modified_gmt":"2025-04-07T13:11:06","slug":"plastificadora-carnet-lm160","status":"publish","type":"product","link":"https:\/\/komsa.com.ar\/tienda\/producto\/plastificadora-carnet-lm160\/","title":{"rendered":"Plastificadora Carnet LM160"},"content":{"rendered":"<div class=\"wpb-content-wrapper\"><p>[vc_row css=\u00bb.vc_custom_1513651159719{margin-top: 20px !important;margin-bottom: 20px !important;}\u00bb][vc_column][vc_column_text]La <strong>Plastificadora Carnet LM160<\/strong> de DASA es un equipo para plastificaciones de 160mm ancho (carnets).<\/p>\n<p>Su volumen de trabajo es de 500mm por minuto en espesores de pouches de poli\u00e9ster de 70 a 250 micrones por cara.[\/vc_column_text][\/vc_column][\/vc_row][vc_row][vc_column width=\u00bb1\/2\u2033][vc_column_text]<\/p>\n<h4>ESPECIFICACIONES \u2013 PLASTIFICADORA CARNET LM160<\/h4>\n<ul>\n<li><b>Plastificado en fri\u00f3:<\/b> Si<\/li>\n<li><strong>Ancho\u00a0<\/strong><b>Introducci\u00f3n<\/b>: 160mm.<\/li>\n<li><b>Espesor M\u00e1ximo de plastificacion:<\/b> 250 Mic.<\/li>\n<li><strong>Consumo:<\/strong> 70(W)<\/li>\n<li><strong>Reversa:<\/strong> Si<\/li>\n<\/ul>\n<p>[\/vc_column_text][\/vc_column][vc_column width=\u00bb1\/2\u2033][vc_column_text]<\/p>\n<ul>\n<li>\n<h4>SE ENTREGA CON:<\/h4>\n<ul>\n<li>1 x Plastificadora Carnet<\/li>\n<li>1 x Manual en Espa\u00f1ol<\/li>\n<\/ul>\n<\/li>\n<\/ul>\n<p>[\/vc_column_text][\/vc_column][\/vc_row][vc_row][vc_column][vc_column_text]<\/p>\n<hr \/>\n<p><strong><a href=\"https:\/\/www.komsa.com.ar\/\">KOMSA<\/a>\u00a0<\/strong><\/p>\n<hr \/>\n<p>Somos los \u00fanicos Distribuidores Oficiales de la marca <a href=\"https:\/\/www.ricoh-americalatina.com\/es-ar\/productos\" rel=\"noopener\">RICOH<\/a> y EPSON B2B en el NEA con m\u00e1s de 25 a\u00f1os de permanencia en el mercado. Contamos con stock de insumos y repuestos originales. Lo invitamos a visitar nuestro amplio showroom con todos los equipos publicados exhibidos. Nuestro personal t\u00e9cnico, altamente capacitado le brindar\u00e1 el mejor servicio post venta[\/vc_column_text][\/vc_column][\/vc_row]<\/p>\n<\/div>","protected":false},"excerpt":{"rendered":"<ul>\n<li>Plastifica de manera pr\u00e1ctica fotos, credenciales, carnets y papeles hasta 160mm.<\/li>\n<li>Regulador electr\u00f3nico de temperatura variable.<\/li>\n<li>M\u00e1xima calidad de plastificaci\u00f3n confiable en s\u00f3lo minutos.<\/li>\n<li>Sin necesidad de Carrier transportador plastifica hasta 250 mic.<\/li>\n<li>Funci\u00f3n de reversa y plastificado en Fr\u00edo.<\/li>\n<\/ul>\n","protected":false},"featured_media":3049,"comment_status":"open","ping_status":"closed","template":"","meta":{"_joinchat":[]},"product_cat":[215],"product_tag":[237,248,247,249],"class_list":{"0":"post-3045","1":"product","2":"type-product","3":"status-publish","4":"has-post-thumbnail","6":"product_brand-dasa","7":"product_cat-plastificadoras-laminadoras","8":"product_tag-dasa","9":"product_tag-laminadora","10":"product_tag-plastificadora","11":"product_tag-plastificadora-carnet","13":"first","14":"instock","15":"shipping-taxable","16":"purchasable","17":"product-type-simple","18":"col-xs-6 col-sm-4","19":"col-md-3 col-lg-3","20":"un-4-cols"},"_links":{"self":[{"href":"https:\/\/komsa.com.ar\/tienda\/wp-json\/wp\/v2\/product\/3045","targetHints":{"allow":["GET"]}}],"collection":[{"href":"https:\/\/komsa.com.ar\/tienda\/wp-json\/wp\/v2\/product"}],"about":[{"href":"https:\/\/komsa.com.ar\/tienda\/wp-json\/wp\/v2\/types\/product"}],"replies":[{"embeddable":true,"href":"https:\/\/komsa.com.ar\/tienda\/wp-json\/wp\/v2\/comments?post=3045"}],"wp:featuredmedia":[{"embeddable":true,"href":"https:\/\/komsa.com.ar\/tienda\/wp-json\/wp\/v2\/media\/3049"}],"wp:attachment":[{"href":"https:\/\/komsa.com.ar\/tienda\/wp-json\/wp\/v2\/media?parent=3045"}],"wp:term":[{"taxonomy":"product_cat","embeddable":true,"href":"https:\/\/komsa.com.ar\/tienda\/wp-json\/wp\/v2\/product_cat?post=3045"},{"taxonomy":"product_tag","embeddable":true,"href":"https:\/\/komsa.com.ar\/tienda\/wp-json\/wp\/v2\/product_tag?post=3045"}],"curies":[{"name":"wp","href":"https:\/\/api.w.org\/{rel}","templated":true}]}}