{"id":3039,"date":"2020-05-12T15:11:48","date_gmt":"2020-05-12T15:11:48","guid":{"rendered":"http:\/\/komsa.com.ar\/tienda\/producto\/sin%20categor\u00eda\/cizalla-rotativa-40cm-copy\/"},"modified":"2025-02-21T12:01:37","modified_gmt":"2025-02-21T15:01:37","slug":"guillotina-palanca-oficio","status":"publish","type":"product","link":"https:\/\/komsa.com.ar\/tienda\/producto\/guillotina-palanca-oficio\/","title":{"rendered":"Guillotina Palanca Oficio Profesional"},"content":{"rendered":"<div class=\"wpb-content-wrapper\"><p>[vc_row][vc_column][vc_custom_heading text=\u00bbESPECIFICACIONES TECNICAS GUILLOTINA PALANCA OFICIO PROFESIONAL\u00bb font_container=\u00bbtag:h2|font_size:16|text_align:left\u00bb use_theme_fonts=\u00bbyes\u00bb el_class=\u00bbsemibold\u00bb][vc_column_text]<strong>\u2013\u00a0<\/strong>Guillotina Palanca Oficio Profesional DASA de alta precisi\u00f3n, dise\u00f1ada para el hogar, oficina, librerias y centros de copiado.<\/p>\n<ul>\n<li><strong>Longitud:<\/strong> Oficio Largo.<\/li>\n<li><strong>Longitud de Corte:<\/strong> 40cm.<\/li>\n<li><strong>Capacidad de Corte:<\/strong> 40 hojas.<\/li>\n<li><strong>Base totalmente met\u00e1lica con base serigrafiada.<\/strong><\/li>\n<li><strong>Alto rendimiento y durabilidad.<\/strong><\/li>\n<li><strong>M\u00e1xima precisi\u00f3n de corte.<\/strong><\/li>\n<li><strong>Corta todo tipo de papel y sus derivados.<\/strong><\/li>\n<\/ul>\n<hr \/>\n<p><strong><a href=\"https:\/\/www.komsa.com.ar\/\">KOMSA<\/a>\u00a0<\/strong><\/p>\n<hr \/>\n<p>Somos los \u00fanicos Distribuidores Oficiales de la marca <a href=\"https:\/\/www.ricoh-americalatina.com\/es-ar\/productos\" rel=\"noopener\">RICOH<\/a> y EPSON B2B en el NEA con m\u00e1s de 25 a\u00f1os de permanencia en el mercado. Contamos con stock de insumos y repuestos originales. Lo invitamos a visitar nuestro amplio showroom con todos los equipos publicados exhibidos. Nuestro personal t\u00e9cnico, altamente capacitado le brindar\u00e1 el mejor servicio post venta.[\/vc_column_text][\/vc_column][\/vc_row][vc_row css=\u00bb.vc_custom_1513651159719{margin-top: 20px !important;margin-bottom: 20px !important;}\u00bb][vc_column][\/vc_column][\/vc_row]<\/p>\n<\/div>","protected":false},"excerpt":{"rendered":"<div class=\"short-description\">\n<div class=\"std\">\n<ul>\n<li>Prensa papel autom\u00e1tico de gran presi\u00f3n corta hasta 40 hojas por vez.<\/li>\n<li>Cuchillas de acero templado 65RC rectificadas autoafilables\/ reafilables.<\/li>\n<li>Construcci\u00f3n 100% met\u00e1lica, pintura epoxy por electrodeposici\u00f3n<\/li>\n<li>Escuadra tope lateral para trabajos continuos.<\/li>\n<li>Serigrafiada con formatos de corte DIN.<\/li>\n<li>Corta papel, cart\u00f3n, cuerina, pl\u00e1sticos, foamboard fino, etc.<\/li>\n<\/ul>\n<\/div>\n<\/div>\n","protected":false},"featured_media":3042,"comment_status":"open","ping_status":"closed","template":"","meta":{"_joinchat":[]},"product_cat":[214],"product_tag":[244,237,1259,1258],"class_list":{"0":"post-3039","1":"product","2":"type-product","3":"status-publish","4":"has-post-thumbnail","6":"product_brand-dasa","7":"product_cat-guillotinas","8":"product_tag-cizalla","9":"product_tag-dasa","10":"product_tag-guillotina","11":"product_tag-guillotina-palanca","12":"product_shipping_class-envio-gratis","14":"first","15":"instock","16":"shipping-taxable","17":"purchasable","18":"product-type-simple","19":"col-xs-6 col-sm-4","20":"col-md-3 col-lg-3","21":"un-4-cols"},"_links":{"self":[{"href":"https:\/\/komsa.com.ar\/tienda\/wp-json\/wp\/v2\/product\/3039","targetHints":{"allow":["GET"]}}],"collection":[{"href":"https:\/\/komsa.com.ar\/tienda\/wp-json\/wp\/v2\/product"}],"about":[{"href":"https:\/\/komsa.com.ar\/tienda\/wp-json\/wp\/v2\/types\/product"}],"replies":[{"embeddable":true,"href":"https:\/\/komsa.com.ar\/tienda\/wp-json\/wp\/v2\/comments?post=3039"}],"wp:featuredmedia":[{"embeddable":true,"href":"https:\/\/komsa.com.ar\/tienda\/wp-json\/wp\/v2\/media\/3042"}],"wp:attachment":[{"href":"https:\/\/komsa.com.ar\/tienda\/wp-json\/wp\/v2\/media?parent=3039"}],"wp:term":[{"taxonomy":"product_cat","embeddable":true,"href":"https:\/\/komsa.com.ar\/tienda\/wp-json\/wp\/v2\/product_cat?post=3039"},{"taxonomy":"product_tag","embeddable":true,"href":"https:\/\/komsa.com.ar\/tienda\/wp-json\/wp\/v2\/product_tag?post=3039"}],"curies":[{"name":"wp","href":"https:\/\/api.w.org\/{rel}","templated":true}]}}