{"id":2994,"date":"2020-05-11T14:24:50","date_gmt":"2020-05-11T14:24:50","guid":{"rendered":"http:\/\/komsa.com.ar\/tienda\/producto\/sin%20categor\u00eda\/destructora-2310cc-dasa-copy\/"},"modified":"2025-04-07T10:12:10","modified_gmt":"2025-04-07T13:12:10","slug":"anilladora-profesional-dasa","status":"publish","type":"product","link":"https:\/\/komsa.com.ar\/tienda\/producto\/anilladora-profesional-dasa\/","title":{"rendered":"Anilladora Profesional DASA"},"content":{"rendered":"<div class=\"wpb-content-wrapper\"><p>[vc_row][vc_column][vc_custom_heading text=\u00bbESPECIFICACIONES TECNICAS\u00bb font_container=\u00bbtag:h2|font_size:16|text_align:left\u00bb use_theme_fonts=\u00bbyes\u00bb el_class=\u00bbsemibold\u00bb][vc_column_text]<\/p>\n<h4>Anilladora Profesional DASA \u2013<\/h4>\n<p>Encuadernadora EspiraDasa Pro. Perfora 20 hojas por vez, Y encuaderna hasta 500 hojas.<\/p>\n<ul>\n<li><strong>Perforaci\u00f3n m\u00e1x:<\/strong> 20 hojas (70 Grs.)<\/li>\n<li><strong>Encuadernaci\u00f3n m\u00e1x:<\/strong> 500 Hojas (Espiral Diametro 50mm)<\/li>\n<li><strong>Ancho introducci\u00f3n:<\/strong> 380 mm Oficio Largo<\/li>\n<li><strong>Medidas (mm)<\/strong>: 440 x 400 x 500 mm<\/li>\n<li><strong>Peso (Kg.):<\/strong>\u00a0\u00a017 Kg<\/li>\n<\/ul>\n<p>[\/vc_column_text][vc_empty_space height=\u00bb10px\u00bb][\/vc_column][\/vc_row][vc_row css=\u00bb.vc_custom_1513651159719{margin-top: 20px !important;margin-bottom: 20px !important;}\u00bb][vc_column][vc_column_text]<\/p>\n<hr \/>\n<p><strong><a href=\"https:\/\/www.komsa.com.ar\/\">KOMSA<\/a>\u00a0<\/strong><\/p>\n<hr \/>\n<p>Somos los \u00fanicos Distribuidores Oficiales de la marca <a href=\"https:\/\/www.ricoh-americalatina.com\/es-ar\/productos\" rel=\"noopener\">RICOH<\/a> y EPSON B2B en el NEA con m\u00e1s de 25 a\u00f1os de permanencia en el mercado. Contamos con stock de insumos y repuestos originales. Lo invitamos a visitar nuestro amplio showroom con todos los equipos publicados exhibidos. Nuestro personal t\u00e9cnico, altamente capacitado le brindar\u00e1 el mejor servicio post venta.[\/vc_column_text][\/vc_column][\/vc_row]<\/p>\n<\/div>","protected":false},"excerpt":{"rendered":"<div class=\"short-description\">\n<div class=\"std\">\n<ul>\n<li>Encuadernadora profesional para espirales oficio margen regulable.<\/li>\n<li>Perfora 20 hojas por vez, oficio largo con matriz abierta ideal calendarios.<\/li>\n<li>Elegida por encuadernadores profesionales por robustez y durabilidad.<\/li>\n<li>Perforaci\u00f3n ovalada + Formador circular, inserci\u00f3n espiral 40% m\u00e1s veloz.<\/li>\n<li>Anulador de punzones, regulador de margen y centrado del papel.<\/li>\n<li>Matriz y punzones de acero templado con posibilidad de reafilado.<\/li>\n<li>100% met\u00e1lica l base de aluminio antidesgaste I Incluye alicate.<\/li>\n<\/ul>\n<\/div>\n<\/div>\n","protected":false},"featured_media":2996,"comment_status":"open","ping_status":"closed","template":"","meta":{"_joinchat":[]},"product_cat":[212],"product_tag":[237,239,240,238],"class_list":{"0":"post-2994","1":"product","2":"type-product","3":"status-publish","4":"has-post-thumbnail","6":"product_brand-dasa","7":"product_cat-encuadernadora-anilladora","8":"product_tag-dasa","9":"product_tag-encuadernadora","10":"product_tag-encuadernadora-espiral","11":"product_tag-espiraladora","12":"product_shipping_class-envio-gratis","14":"first","15":"instock","16":"shipping-taxable","17":"purchasable","18":"product-type-simple","19":"col-xs-6 col-sm-4","20":"col-md-3 col-lg-3","21":"un-4-cols"},"_links":{"self":[{"href":"https:\/\/komsa.com.ar\/tienda\/wp-json\/wp\/v2\/product\/2994","targetHints":{"allow":["GET"]}}],"collection":[{"href":"https:\/\/komsa.com.ar\/tienda\/wp-json\/wp\/v2\/product"}],"about":[{"href":"https:\/\/komsa.com.ar\/tienda\/wp-json\/wp\/v2\/types\/product"}],"replies":[{"embeddable":true,"href":"https:\/\/komsa.com.ar\/tienda\/wp-json\/wp\/v2\/comments?post=2994"}],"wp:featuredmedia":[{"embeddable":true,"href":"https:\/\/komsa.com.ar\/tienda\/wp-json\/wp\/v2\/media\/2996"}],"wp:attachment":[{"href":"https:\/\/komsa.com.ar\/tienda\/wp-json\/wp\/v2\/media?parent=2994"}],"wp:term":[{"taxonomy":"product_cat","embeddable":true,"href":"https:\/\/komsa.com.ar\/tienda\/wp-json\/wp\/v2\/product_cat?post=2994"},{"taxonomy":"product_tag","embeddable":true,"href":"https:\/\/komsa.com.ar\/tienda\/wp-json\/wp\/v2\/product_tag?post=2994"}],"curies":[{"name":"wp","href":"https:\/\/api.w.org\/{rel}","templated":true}]}}