{"id":455,"date":"2017-12-15T10:26:40","date_gmt":"2017-12-15T10:26:40","guid":{"rendered":"http:\/\/demo2.drfuri.com\/martfury2\/?page_id=455"},"modified":"2024-11-14T09:19:59","modified_gmt":"2024-11-14T12:19:59","slug":"medios-de-pagos","status":"publish","type":"page","link":"https:\/\/komsa.com.ar\/tienda\/medios-de-pagos\/","title":{"rendered":"Medios de Pagos"},"content":{"rendered":"<div class=\"wpb-content-wrapper\"><p>[vc_row][vc_column][vc_custom_heading text=\u00bbMedios de Pagos Disponibles\u00bb font_container=\u00bbtag:h2|text_align:center|color:%231e73be\u00bb use_theme_fonts=\u00bbyes\u00bb][vc_column_text css=\u00bb\u00bb]<\/p>\n<p style=\"text-align: center;\">En\u00a0<a href=\"http:\/\/komsa.com.ar\/\"><strong data-wakoopa-seen=\"true\">KOMSA<\/strong><\/a> pag\u00e1 en cuotas con tarjetas de muchos bancos. Realiz\u00e1 tu compra en nuestra tienda, telef\u00f3nicamente al <a href=\"tel:5493625424157\">3625424157<\/a>\u00a0y en nuestra <a href=\"https:\/\/goo.gl\/maps\/AC5aVM9Atpme4xhg9\" rel=\"noopener\">sucursal<\/a> \u00a1Aprovech\u00e1 nuestra financiaci\u00f3n!<\/p>\n<p>[\/vc_column_text][vc_empty_space height=\u00bb20px\u00bb][vc_row_inner][vc_column_inner width=\u00bb1\/3&#8243;][vc_single_image image=\u00bb4124&#8243; img_size=\u00bbfull\u00bb alignment=\u00bbcenter\u00bb][\/vc_column_inner][vc_column_inner width=\u00bb1\/3&#8243;][vc_single_image image=\u00bb4125&#8243; img_size=\u00bbfull\u00bb alignment=\u00bbcenter\u00bb][vc_column_text css=\u00bb\u00bb]<\/p>\n<h3 style=\"text-align: center;\"><strong>KOMSA S.A<\/strong><\/h3>\n<p style=\"text-align: center;\"><strong>C\/C:<\/strong> 0517 &#8211; 02107875\/15<br \/>\n<strong>CBU:<\/strong> 0150517702000107875158<\/p>\n<p style=\"text-align: center;\"><strong>ALIAS:<\/strong> KOMSA.ICBC<\/p>\n<p>[\/vc_column_text][\/vc_column_inner][vc_column_inner width=\u00bb1\/3&#8243;][vc_single_image image=\u00bb4126&#8243; img_size=\u00bbfull\u00bb alignment=\u00bbcenter\u00bb][\/vc_column_inner][\/vc_row_inner][vc_empty_space height=\u00bb20px\u00bb][vc_custom_heading text=\u00bbPROMOCIONES BANCARIAS\u00bb font_container=\u00bbtag:h2|text_align:center|color:%231e73be\u00bb use_theme_fonts=\u00bbyes\u00bb][vc_empty_space height=\u00bb20px\u00bb][vc_row_inner][vc_column_inner][vc_single_image image=\u00bb5101&#8243; img_size=\u00bbmedium\u00bb alignment=\u00bbcenter\u00bb css=\u00bb\u00bb][\/vc_column_inner][\/vc_row_inner][vc_empty_space height=\u00bb20px\u00bb][vc_custom_heading text=\u00bbTODAS LAS TARJETAS DE D\u00c9BITO Y CR\u00c9DITO\u00bb font_container=\u00bbtag:h2|text_align:center|color:%231e73be\u00bb use_theme_fonts=\u00bbyes\u00bb css=\u00bb.vc_custom_1731586783330{margin-top: 30px !important;}\u00bb][vc_column_text]<\/p>\n<p style=\"text-align: center;\">Podes abonar la compra con efectivo, tarjeta de cr\u00e9dito, tarjeta de d\u00e9bito o las opciones que brinde <strong>nuestra pasarela de pago<\/strong> y <strong>Mercado Pago<\/strong>. Puede pagar tambi\u00e9n con transferencia bancaria con un 5% de descuento en cualquier articulo de la tienda.<\/p>\n<p style=\"text-align: center;\">En cuanto a la compra con tarjetas se hacen de manera segura a trav\u00e9s del mercado electr\u00f3nico nacional.<\/p>\n<p>[\/vc_column_text][vc_single_image image=\u00bb3968&#8243; img_size=\u00bbfull\u00bb alignment=\u00bbcenter\u00bb][vc_empty_space height=\u00bb20px\u00bb][vc_empty_space height=\u00bb20px\u00bb][\/vc_column][\/vc_row][vc_row][vc_column][\/vc_column][\/vc_row]<\/p>\n<\/div>","protected":false},"excerpt":{"rendered":"<p>[vc_row][vc_column][vc_custom_heading text=\u00bbMedios de Pagos Disponibles\u00bb font_container=\u00bbtag:h2|text_align:center|color:%231e73be\u00bb use_theme_fonts=\u00bbyes\u00bb][vc_column_text css=\u00bb\u00bb] En\u00a0KOMSA pag\u00e1 en cuotas con tarjetas de muchos bancos. Realiz\u00e1 tu compra en nuestra tienda, telef\u00f3nicamente al 3625424157\u00a0y en nuestra sucursal \u00a1Aprovech\u00e1 nuestra financiaci\u00f3n! [\/vc_column_text][vc_empty_space height=\u00bb20px\u00bb][vc_row_inner][vc_column_inner width=\u00bb1\/3&#8243;][vc_single_image image=\u00bb4124&#8243; img_size=\u00bbfull\u00bb alignment=\u00bbcenter\u00bb][\/vc_column_inner][vc_column_inner width=\u00bb1\/3&#8243;][vc_single_image image=\u00bb4125&#8243; img_size=\u00bbfull\u00bb alignment=\u00bbcenter\u00bb][vc_column_text css=\u00bb\u00bb] KOMSA S.A C\/C: 0517 &#8211; 02107875\/15 CBU: 0150517702000107875158 ALIAS: KOMSA.ICBC [\/vc_column_text][\/vc_column_inner][vc_column_inner width=\u00bb1\/3&#8243;][vc_single_image&hellip;<\/p>\n","protected":false},"author":1,"featured_media":0,"parent":0,"menu_order":0,"comment_status":"closed","ping_status":"closed","template":"","meta":{"_joinchat":[],"footnotes":""},"class_list":["post-455","page","type-page","status-publish","hentry"],"_links":{"self":[{"href":"https:\/\/komsa.com.ar\/tienda\/wp-json\/wp\/v2\/pages\/455","targetHints":{"allow":["GET"]}}],"collection":[{"href":"https:\/\/komsa.com.ar\/tienda\/wp-json\/wp\/v2\/pages"}],"about":[{"href":"https:\/\/komsa.com.ar\/tienda\/wp-json\/wp\/v2\/types\/page"}],"author":[{"embeddable":true,"href":"https:\/\/komsa.com.ar\/tienda\/wp-json\/wp\/v2\/users\/1"}],"replies":[{"embeddable":true,"href":"https:\/\/komsa.com.ar\/tienda\/wp-json\/wp\/v2\/comments?post=455"}],"version-history":[{"count":8,"href":"https:\/\/komsa.com.ar\/tienda\/wp-json\/wp\/v2\/pages\/455\/revisions"}],"predecessor-version":[{"id":5102,"href":"https:\/\/komsa.com.ar\/tienda\/wp-json\/wp\/v2\/pages\/455\/revisions\/5102"}],"wp:attachment":[{"href":"https:\/\/komsa.com.ar\/tienda\/wp-json\/wp\/v2\/media?parent=455"}],"curies":[{"name":"wp","href":"https:\/\/api.w.org\/{rel}","templated":true}]}}