{"id":453,"date":"2017-12-15T10:26:22","date_gmt":"2017-12-15T10:26:22","guid":{"rendered":"http:\/\/demo2.drfuri.com\/martfury2\/?page_id=453"},"modified":"2021-03-20T14:07:50","modified_gmt":"2021-03-20T14:07:50","slug":"envios","status":"publish","type":"page","link":"https:\/\/komsa.com.ar\/tienda\/envios\/","title":{"rendered":"Envios"},"content":{"rendered":"<div class=\"wpb-content-wrapper\"><p>[vc_row][vc_column][vc_custom_heading text=\u00bbMODALIDAD DE ENV\u00cdOS &#8211; TIENDA ONLINE\u00bb font_container=\u00bbtag:h2|text_align:center|color:%231e73be\u00bb use_theme_fonts=\u00bbyes\u00bb][\/vc_column][\/vc_row][vc_row][vc_column][vc_column_text]<\/p>\n<h4><strong>ENV\u00cdOS EN ARGENTINA:<\/strong><\/h4>\n<ul>\n<li type=\"square\">En KOMSA hacemos env\u00edos a todo el pa\u00eds.<\/li>\n<li type=\"square\">Ingresando el c\u00f3digo postal de tu ciudad podr\u00e1s ver la estimaci\u00f3n de costos de env\u00edo antes de confirmar la compra. Podr\u00e1s hacer el seguimiento de tu pedido desde tu cuenta de komsa en todo momento.<\/li>\n<\/ul>\n<hr \/>\n<h4><strong>ENV\u00cdOS A DOMICILIO<\/strong><\/h4>\n<p>Podr\u00e1s recibir la compra por parte nuestra en tu domicilio a trav\u00e9s de nuestra flota de veh\u00edculos. MODALIDAD SOLO ES V\u00c1LIDA EN RESISTENCIA CHACO Y CORRIENTES CAPITAL.<\/p>\n<p>EN LA REGISTRACI\u00d3N DENTRO DEL SITIO WEB EL N\u00daMERO DE CONTACTO DEBE SER EL DE LA PERSONA QUE VA A RECIBIR EL PEDIDO. SI EXISTIESE ALGUNA DEMORA O AVISO DE LLEGADA PREVIA EL CONDUCTOR DEL VEH\u00cdCULO UTILIZAR\u00c1 ESA INFORMACI\u00d3N PARA COMUNICARSE ANTE CUALQUIER NOVEDAD.<\/p>\n<hr \/>\n<h4><strong>ENV\u00cdOS POR CORREO ANDREANI O OCA<\/strong><\/h4>\n<p><strong>ENTREGA EN DOMICILIO:<\/strong><\/p>\n<p>RECIBIR\u00c1S TU PEDIDO EN EL DOMICILIO INGRESADO EN EL SITIO WEB<\/p>\n<p>-EL COSTO DEL ENV\u00cdO DEPENDER\u00c1 DE LA DISTANCIA Y EL PESO DE LOS ART\u00cdCULOS SELECCIONADOS. EL MONTO SER\u00c1 CALCULADO AUTOM\u00c1TICAMENTE EN EL CHECKOUT.<\/p>\n<p><strong>ENTREGA EN SUCURSAL ANDREANI O OCA:<\/strong><\/p>\n<p>PODRAS RECIBIR TU PEDIDO EN LA SUCURSAL DE ANDREANI O OCA MAS CERCANA A TU DOMICILIO.<\/p>\n<p>-EL COSTO DEL ENV\u00cdO DEPENDER\u00c1 DE LA DISTANCIA Y EL PESO DE LOS ART\u00cdCULOS SELECCIONADOS. EL MONTO SER\u00c1 CALCULADO AUTOM\u00c1TICAMENTE EN EL CHECKOUT.<\/p>\n<hr \/>\n<h4><strong>RETIRO EN SUCURSAL KOMSA<\/strong><\/h4>\n<p dir=\"ltr\"><strong>COSTO DEL SERVICIO: $0<\/strong><\/p>\n<p dir=\"ltr\">PODR\u00c1S SELECCIONAR EN EL PROCESO DE COMPRA RETIRAR TU PEDIDO EN NUESTRA CASA CENTRAL: JUAN DOMINGO PERON 702 DE 9 A 12 HS Y 17 A 20. UNA VEZ QUE RECIBISTE EL MAIL DE CONFIRMACI\u00d3N PODR\u00c1S IR A BUSCARLO PERSONALMENTE CON TU DNI O AUTORIZANDO A OTRA PERSONA\u00a0 ENVIANDO PREVIAMENTE UN CORREO A<a href=\"mailto:TIENDA@KOMSA.COM.AR\"> TIENDA@KOMSA.COM.AR<\/a>.<\/p>\n<hr \/>\n<h4 style=\"font-weight: 400;\"><b><strong>HORARIOS Y M\u00c1S INFORMACI\u00d3N DE ENTREGAS:<\/strong><\/b><\/h4>\n<p style=\"font-weight: 400;\">LAS ENTREGAS DE PEDIDOS A DOMICILIO SE REALIZAN DE LUNES A VIERNES DE 9 A 12HS . LOS PEDIDOS ENVIADOS A SUCURSAL ANDREANI Y OCA SE ENTREGAN DE LUNES A VIERNES DE 9 A 18HS Y S\u00c1BADOS DE 9 A 13 HS. NO SE ENTREGAN PEDIDOS DOMINGOS NI FERIADOS.<\/p>\n<p style=\"font-weight: 400;\">LA ENTREGA PUEDE SER RECIBIDA POR CUALQUIER PERSONA MAYOR DE 18 A\u00d1OS QUE SE ENCUENTRE EN TU DOMICILIO, PRESENTANDO SU DNI. SI NO TE ENCONTRAS EN TU DOMICILIO PARA RECIBIR LA ENTREGA DE TU PAQUETE, EL TRANSPORTISTA DARA AVISO VIA ONLINE CARGANDO TODO LO SUCEDIDO EN EL SEGUIMIENTO \u00a0Y SE REALIZARA UN SEGUNDO INTENTO DE VISITA EL SIGUIENTE DIA HABIL. ES POR ESO QUE EL CLIENTE DEBE REALIZAR EL SEGUIMIENTO ONLINE DEL PAQUETE PARA ESTAR INFORMADO DEL MISMO.<\/p>\n<p style=\"font-weight: 400;\">SI TANTO EN EL 1ER COMO EN EL 2DO INTENTO NO SE COMPLETA LA ENTREGA, EL PAQUETE VOLVERA A LA SUCURSAL ANDREANI\u00a0 Y SE MANTENDRA ALLI DURANTE 7 DIAS PARA QUE PUEDAS RETIRARLO. SI NO ES RETIRADO, EL PEDIDO SERA DEVUELTO A NUESTRAS OFICINAS Y TE CONTACTAREMOS PARA COORDINAR UNA NUEVA ENTREGA ABONANDO UN NUEVO COSTO DE ENVIO. DE NO REALIZARSE EL PAGO PARA EL NUEVO ENVIO DENTRO DE LOS 90 DIAS SIGUIENTES, KOMSA SE RESERVA EL DERECHO DE ANULAR EL PEDIDO.<\/p>\n<hr \/>\n<h4 style=\"font-weight: 400;\"><b><strong>ATENCI\u00d3N AL CLIENTE:\u00a0<\/strong><\/b><\/h4>\n<p style=\"font-weight: 400;\">EL HORARIO DE ATENCION AL CLIENTE Y RECEPCION DE PEDIDOS DE KOMSA ES DE 8 A 12 Y 16 A 20 HS DE LUNES A VIERNES. SABADOS DE 8:30 A 12:30<\/p>\n<p style=\"font-weight: 400;\">SI CONFIRMASTE TU PEDIDO FUERA DE ESTE HORARIO SERA PROCESADO AL SIGUIENTE DIA HABIL. LO MISMO PARA AQUELLOS QUE SE REALICEN LOS SABADOS POR LA TARDE, DOMINGOS Y FERIADOS.<\/p>\n<p style=\"font-weight: 400;\"><b><strong>TENE EN CUENTA QUE CADA PEDIDO SOLO PUEDE SER ENTREGADO EN UN SOLO LUGAR Y, UNA VEZ DESPACHADO, EL PEDIDO NO PODRA SER REDIRECCIONADO.<\/strong><\/b><\/p>\n<p style=\"font-weight: 400;\"><b><strong>SEGUIMIENTO:<\/strong><\/b><\/p>\n<p style=\"font-weight: 400;\">PODES CHEQUEAR DENTRO DE TU CUENTA LA SECCION\u00a0<a style=\"font-weight: 400;\" href=\"http:\/\/komsa.com.ar\/tienda\/tracking-de-pedidos\/\">MIS PEDIDOS<\/a>\u00a0PARA CONOCER EL ESTADO DE TU COMPRA.<\/p>\n<p style=\"font-weight: 400;\">EL NUMERO DE GUIA QUE TE ENVIAMOS POR MAIL TE PERMITIRA REALIZAR EL SEGUIMIENTO ONLINE DE TU PEDIDO UNA VEZ QUE EL MISMO FUE DESPACHADO.<\/p>\n<hr \/>\n<h4>SI TU PEDIDO SE RETRASA:<\/h4>\n<p style=\"font-weight: 400;\">ENVIANOS UN MAIL A <a href=\"mailto:TIENDA@KOMSA.COM.AR\">TIENDA@KOMSA.COM.AR<\/a> CON EL NUMERO DE PEDIDO \u00a0PARA QUE PODAMOS SOLUCIONARLO.<\/p>\n<p>*En caso de tener alguna duda o consulta escribinos a <a href=\"mailto:CONTACTO@KOMSA.COM.AR\">CONTACTO@KOMSA.COM.AR<\/a>, instagram o escribinos al <a href=\"https:\/\/bit.ly\/2Vi6E86\" rel=\"noopener\">WhatsApp<\/a>[\/vc_column_text][\/vc_column][\/vc_row]<\/p>\n<\/div>","protected":false},"excerpt":{"rendered":"<p>[vc_row][vc_column][vc_custom_heading text=\u00bbMODALIDAD DE ENV\u00cdOS &#8211; TIENDA ONLINE\u00bb font_container=\u00bbtag:h2|text_align:center|color:%231e73be\u00bb use_theme_fonts=\u00bbyes\u00bb][\/vc_column][\/vc_row][vc_row][vc_column][vc_column_text] ENV\u00cdOS EN ARGENTINA: En KOMSA hacemos env\u00edos a todo el pa\u00eds. Ingresando el c\u00f3digo postal de tu ciudad podr\u00e1s ver la estimaci\u00f3n de costos de env\u00edo antes de confirmar la compra. Podr\u00e1s hacer el seguimiento de tu pedido desde tu cuenta de komsa en todo momento.&hellip;<\/p>\n","protected":false},"author":1,"featured_media":0,"parent":0,"menu_order":0,"comment_status":"closed","ping_status":"closed","template":"","meta":{"_joinchat":[],"footnotes":""},"class_list":["post-453","page","type-page","status-publish","hentry"],"_links":{"self":[{"href":"https:\/\/komsa.com.ar\/tienda\/wp-json\/wp\/v2\/pages\/453","targetHints":{"allow":["GET"]}}],"collection":[{"href":"https:\/\/komsa.com.ar\/tienda\/wp-json\/wp\/v2\/pages"}],"about":[{"href":"https:\/\/komsa.com.ar\/tienda\/wp-json\/wp\/v2\/types\/page"}],"author":[{"embeddable":true,"href":"https:\/\/komsa.com.ar\/tienda\/wp-json\/wp\/v2\/users\/1"}],"replies":[{"embeddable":true,"href":"https:\/\/komsa.com.ar\/tienda\/wp-json\/wp\/v2\/comments?post=453"}],"version-history":[{"count":5,"href":"https:\/\/komsa.com.ar\/tienda\/wp-json\/wp\/v2\/pages\/453\/revisions"}],"predecessor-version":[{"id":4112,"href":"https:\/\/komsa.com.ar\/tienda\/wp-json\/wp\/v2\/pages\/453\/revisions\/4112"}],"wp:attachment":[{"href":"https:\/\/komsa.com.ar\/tienda\/wp-json\/wp\/v2\/media?parent=453"}],"curies":[{"name":"wp","href":"https:\/\/api.w.org\/{rel}","templated":true}]}}