{"id":451,"date":"2017-12-15T10:26:09","date_gmt":"2017-12-15T10:26:09","guid":{"rendered":"http:\/\/demo2.drfuri.com\/martfury2\/?page_id=451"},"modified":"2021-10-21T14:29:23","modified_gmt":"2021-10-21T14:29:23","slug":"terminos-y-condiciones","status":"publish","type":"page","link":"https:\/\/komsa.com.ar\/tienda\/terminos-y-condiciones\/","title":{"rendered":"Terminos y Condiciones"},"content":{"rendered":"<div class=\"wpb-content-wrapper\"><p>[vc_row][vc_column][vc_custom_heading text=\u00bbT\u00e9rminos y Condiciones\u00bb font_container=\u00bbtag:h2|text_align:center\u00bb use_theme_fonts=\u00bbyes\u00bb][vc_column_text]Bienvenidos a Tienda Online de <a href=\"https:\/\/www.komsa.com.ar\/\">KOMSA<\/a>, Mas que Servicios.. Soluciones.<br \/>\n\u00c9ste es un servicio de<a href=\"https:\/\/www.komsa.com.ar\/\"><b> KOMSA S.A<\/b><\/a>, a continuaci\u00f3n mencionamos los terminos y condiciones para el uso de este sitio.<\/p>\n<p><strong>Cobertura geogr\u00e1fica de entregas:\u00a0<\/strong><br \/>\nRealizamos env\u00edos a todo el pa\u00eds.<\/p>\n<p>Todas nuestras entregas a domicilio gratis de equipos e insumos son en las ciudades de Resistencia en la Provincia del Chaco y Corrientes Capital en la Provincia de Corrientes.<br \/>\nLas entregas GRATIS de EQUIPOS se realizan en todo el territorio Argentino.<\/p>\n<hr \/>\n<p>Te informamos que haciendo uso nuestra web est\u00e1s aceptando incondicional e irrevocablemente que toda la informaci\u00f3n las actividades que se realicen a trav\u00e9s de la misma se hallan reguladas por estos t\u00e9rminos y condiciones. Asimismo, la Tienda Online de <a href=\"https:\/\/www.komsa.com.ar\/\">KOMSA<\/a> podr\u00e1 cambiar los t\u00e9rminos y condiciones en cualquier momento y a su exclusivo criterio. En caso de no estar de acuerdo con lo anterior, te pedimos que no uses nuestra p\u00e1gina web.<\/p>\n<p>Para hacer uso de esta web debes ser mayor de 18 a\u00f1os, aquellos menores que utilicen la web estar\u00e1n a cargo de padres, tutores o responsables, haci\u00e9ndose cargo de aquellos cargos o costos que estos generen<a href=\"https:\/\/es.wikipedia.org\/wiki\/Impresora\" rel=\"noopener\">.<\/a>[\/vc_column_text][\/vc_column][\/vc_row][vc_row][vc_column width=\u00bb2\/12&#8243;][\/vc_column][vc_column width=\u00bb8\/12&#8243;][vc_empty_space][vc_toggle title=\u00bbPOL\u00cdTICA DE PRIVACIDAD\u00bb style=\u00bbtext_only\u00bb size=\u00bblg\u00bb open=\u00bbtrue\u00bb el_id=\u00bb1464939184208-3761b6d5-e09b\u00bb]Todos los datos brindados al momento de la registraci\u00f3n en nuestra web, as\u00ed como los datos solicitados\u00a0para\u00a0realizar compras, ser\u00e1n utilizados solo para las operaciones relacionadas\u00a0al cumplimiento de lo establecido en\u00a0T\u00e9rminos y Condiciones, compras on line, newsletter, etc.<br \/>\nEl banco de datos generado por nuestra tienda queda a cargo exclusivo de responsabilidad de <a href=\"https:\/\/www.komsa.com.ar\/\">KOMSA<\/a>, en ning\u00fan caso ser\u00e1n entregados a terceros, tom\u00e1ndose como confidencial la totalidad de la informaci\u00f3n. Salvo resoluci\u00f3n judicial o por una autoridad gubernamental a cargo.<\/p>\n<p>Toda la informaci\u00f3n que nos brindes debe ser ver\u00eddica\u00a0y completa. Los usuarios de la web ser\u00e1n responsables de la falsificaci\u00f3n de la informaci\u00f3n.[\/vc_toggle][vc_empty_space][vc_toggle title=\u00bbCOMPRAS ON LINE\u00bb style=\u00bbtext_only\u00bb size=\u00bblg\u00bb open=\u00bbtrue\u00bb el_id=\u00bb1466409091591-468ec8ec-870d\u00bb]Nuestros productos se encuentran sujetos a la disponibilidad de stock, las fotos son a modo de ilustraci\u00f3n, este contenido puede variar sin aviso alguno.<br \/>\nLos precios tienen incluido el IVA, sus modificaciones pueden realizarse al momento de la facturaci\u00f3n, hasta concretar la compra. Las promociones no son acumulables salvo aquellas que indiquen lo contrario.<\/p>\n<p>Estos valores son expresados en moneda de curso legal de la Rep\u00fablica Argentina.[\/vc_toggle][vc_empty_space][vc_toggle title=\u00bbMEDIOS DE PAGO\u00bb style=\u00bbtext_only\u00bb size=\u00bblg\u00bb open=\u00bbtrue\u00bb el_id=\u00bb1470367649702-23bf6af3-fbeb\u00bb]Podes abonar la compra con efectivo, tarjeta de cr\u00e9dito, tarjeta de d\u00e9bito o las opciones que brinde nuestra pasarela de pagos como Mercado Pago (cobra comisiones). Por transferencia bancaria con moneda de curso legal de la Rep\u00fablica Argentina.<\/p>\n<p>En el caso de que la entrega no se realice el d\u00eda acordado por causas ajenas al cliente, se respetar\u00e1n tanto el precio como la promoci\u00f3n.<br \/>\nEn cuanto a la compra con tarjetas se hacen de manera segura a trav\u00e9s del mercado electr\u00f3nico nacional.[\/vc_toggle][vc_empty_space][vc_toggle title=\u00bbCAMBIOS Y DEVOLUCIONES\u00bb style=\u00bbtext_only\u00bb size=\u00bblg\u00bb open=\u00bbtrue\u00bb el_id=\u00bb1470367677196-ffb46dd4-f744&#8243;]Al recibir\u00a0 tu producto, si el mismo se encuentra en malas condiciones o no est\u00e1s conforme con tu compra, podes pedir el cambio, realizando la inmediata devoluci\u00f3n al repartidor.<\/p>\n<p>Si hay alg\u00fan defecto de fabricaci\u00f3n en el producto recibido, podr\u00e1s en los posteriores 5 (cinco) d\u00edas h\u00e1biles de su recepci\u00f3n, realizar el cambio de manera gratuita comunic\u00e1ndote a trav\u00e9s de nuestros medios de contactos, acompa\u00f1ado siempre por el remito o factura, podes cambiarlo por cualquier otro producto de igual valor o varios productos que le equivalgan o abonando la diferencia.<\/p>\n<p>Para evitar inconvenientes, es muy importante que al momento de la recepci\u00f3n de la compra revises el buen estado de los productos.<br \/>\nKOMSA no realiza reembolsos de dinero, exceptuando casos en los cuales no se pueda realizar el reemplazo del producto.<\/p>\n<p>De haberse modificado el precio del Producto y estar dentro del plazo de 5 d\u00edas h\u00e1biles, se considerar\u00e1 el precio a la fecha de compra que figura en la factura.[\/vc_toggle][vc_empty_space][\/vc_column][vc_column width=\u00bb2\/12&#8243;][\/vc_column][\/vc_row]<\/p>\n<\/div>","protected":false},"excerpt":{"rendered":"<p>[vc_row][vc_column][vc_custom_heading text=\u00bbT\u00e9rminos y Condiciones\u00bb font_container=\u00bbtag:h2|text_align:center\u00bb use_theme_fonts=\u00bbyes\u00bb][vc_column_text]Bienvenidos a Tienda Online de KOMSA, Mas que Servicios.. Soluciones. \u00c9ste es un servicio de KOMSA S.A, a continuaci\u00f3n mencionamos los terminos y condiciones para el uso de este sitio. Cobertura geogr\u00e1fica de entregas:\u00a0 Realizamos env\u00edos a todo el pa\u00eds. Todas nuestras entregas a domicilio gratis de equipos e insumos&hellip;<\/p>\n","protected":false},"author":1,"featured_media":0,"parent":0,"menu_order":0,"comment_status":"closed","ping_status":"closed","template":"","meta":{"_joinchat":[],"footnotes":""},"class_list":["post-451","page","type-page","status-publish","hentry"],"_links":{"self":[{"href":"https:\/\/komsa.com.ar\/tienda\/wp-json\/wp\/v2\/pages\/451","targetHints":{"allow":["GET"]}}],"collection":[{"href":"https:\/\/komsa.com.ar\/tienda\/wp-json\/wp\/v2\/pages"}],"about":[{"href":"https:\/\/komsa.com.ar\/tienda\/wp-json\/wp\/v2\/types\/page"}],"author":[{"embeddable":true,"href":"https:\/\/komsa.com.ar\/tienda\/wp-json\/wp\/v2\/users\/1"}],"replies":[{"embeddable":true,"href":"https:\/\/komsa.com.ar\/tienda\/wp-json\/wp\/v2\/comments?post=451"}],"version-history":[{"count":4,"href":"https:\/\/komsa.com.ar\/tienda\/wp-json\/wp\/v2\/pages\/451\/revisions"}],"predecessor-version":[{"id":4669,"href":"https:\/\/komsa.com.ar\/tienda\/wp-json\/wp\/v2\/pages\/451\/revisions\/4669"}],"wp:attachment":[{"href":"https:\/\/komsa.com.ar\/tienda\/wp-json\/wp\/v2\/media?parent=451"}],"curies":[{"name":"wp","href":"https:\/\/api.w.org\/{rel}","templated":true}]}}