{"id":2623,"date":"2017-09-01T06:38:53","date_gmt":"2017-09-01T06:38:53","guid":{"rendered":"http:\/\/demo2.drfuri.com\/martfury2\/?page_id=2"},"modified":"2021-10-21T14:28:34","modified_gmt":"2021-10-21T14:28:34","slug":"politica-de-privacidad","status":"publish","type":"page","link":"https:\/\/komsa.com.ar\/tienda\/politica-de-privacidad\/","title":{"rendered":"Politica de Privacidad"},"content":{"rendered":"<div class=\"wpb-content-wrapper\"><p>[vc_row][vc_column][vc_custom_heading text=\u00bbPOL\u00cdTICA DE PRIVACIDAD \u2013 TIENDA ONLINE \u2013 KOMSA\u00bb font_container=\u00bbtag:h2|text_align:center|color:%231e73be\u00bb use_theme_fonts=\u00bbyes\u00bb][vc_empty_space height=\u00bb30px\u00bb][\/vc_column][\/vc_row][vc_row][vc_column][vc_column_text]<a href=\"https:\/\/www.komsa.com.ar\/\">KOMSA S.A<\/a>. ha desarrollado esta Pol\u00edtica de Privacidad para describir el modo en que se recopila la informaci\u00f3n y las maneras en que la informaci\u00f3n y los datos personales son tratados y compartidos. Asimismo, se se\u00f1alar\u00e1n las opciones que usted tendr\u00e1 respecto a dichos usos y divulgaciones. Al utilizar el sitio, usted est\u00e1 aceptando los t\u00e9rminos y condiciones descriptos en <a href=\"https:\/\/www.komsa.com.ar\/\">www.komsa.com.ar<\/a> y pr\u00e1cticas descriptas en esta Pol\u00edtica de Privacidad. SI USTED NO EST\u00c1 DE ACUERDO CON LOS T\u00c9RMINOS Y CONDICIONES Y\/O ESTA POL\u00cdTICA DE PRIVACIDAD, POR FAVOR NO UTILICE ESTE SITIO WEB.<\/p>\n<p>En caso de ser necesario, <a href=\"https:\/\/www.komsa.com.ar\/\">KOMSA S.A<\/a>.\u00a0 podr\u00e1 complementar la presente Pol\u00edtica de Privacidad con informaci\u00f3n y\/o t\u00e9rminos y condiciones espec\u00edficos con relaci\u00f3n a un determinado Servicio.<\/p>\n<p>Queremos proporcionar una experiencia segura para nuestros usuarios. Pondremos nuestros esfuerzos diligentemente para que vuestra informaci\u00f3n est\u00e9 protegida. En tal sentido, <a href=\"https:\/\/www.komsa.com.ar\/\">KOMSA S.A<\/a>. cumplir\u00e1 con las medidas de seguridad previstas legalmente para ayudar a proteger su informaci\u00f3n personal frente al acceso no autorizado y la divulgaci\u00f3n no permitida. Sin embargo, es dable mencionar que ning\u00fan sistema puede ser completamente seguro y que no respondemos por terceros ajenos a la empresa.<\/p>\n<p>Por lo tanto, si bien tomamos medidas razonables para proteger su informaci\u00f3n, no garantizamos, y usted no debe esperar, que su informaci\u00f3n personal, registros u otras comunicaciones gocen de seguridad inexpugnable o libre de filtraciones. Usted deber\u00e1 tener cuidado con la forma en que maneja y divulga su informaci\u00f3n personal.<\/p>\n<p>Los servicios provistos por <a href=\"https:\/\/www.komsa.com.ar\/\">KOMSA S.A<\/a>. est\u00e1n dirigidos \u00fanicamente a quienes tengan edad legal para contratar y no se encuentren inhibidos legalmente o de alg\u00fan modo vedados de ejercer actos jur\u00eddicos, derechos y\/u obligaciones. Habida cuenta de ello, los menores de 18 a\u00f1os no tienen permitido el ingreso al Sitio y\/o los servicios ni el suministro de ning\u00fan dato personal u otro tipo de informaci\u00f3n.<\/p>\n<p>Podremos recopilar y almacenar cualquier informaci\u00f3n personal que usted ingrese en el sitio o nos proporcione. Esto incluye informaci\u00f3n de identificaci\u00f3n, como su nombre, documento de identidad, condici\u00f3n fiscal, domicilio, direcci\u00f3n de correo electr\u00f3nico y n\u00famero de tel\u00e9fono y, si usted realizare transacciones comerciales con nosotros, tambi\u00e9n la informaci\u00f3n financiera.<\/p>\n<p>Utilizamos su informaci\u00f3n personal para operar el sitio, ponernos en contacto con usted a trav\u00e9s de notificaciones y alertas peri\u00f3dicas de correo electr\u00f3nico, a los fines de efectuar, ejecutar, investigar, recoger y contabilizar las transacciones relacionadas con el sitio, as\u00ed como tambi\u00e9n, estipular las ofertas de nuestros servicios y contenidos, proporcionar informaci\u00f3n a los patrocinadores, y en cualquier caso cumplir con la legislaci\u00f3n aplicable.<\/p>\n<p>Podremos recoger informaci\u00f3n sobre todos nuestros usuarios incluyendo, pero no limitado a; direcci\u00f3n IP de su equipo, tipo de navegador y el idioma seleccionado, tiempos de acceso, sistema operativo utilizado, informaci\u00f3n respecto a sus visitas frecuentes, rastreo del movimiento de usuario en el sitio, y para el supuesto en el que se accediere a nuestro sitio desde otro sitio Web, la direcci\u00f3n de este \u00faltimo.<\/p>\n<p>Utilizamos esta informaci\u00f3n para analizar tendencias y estad\u00edsticas, a efectos de contar con mayores elementos para la mejora de nuestros servicios, evitar y prevenir cualquier tipo de delito, diagnosticar problemas con el servidor y en definitiva para la comprobaci\u00f3n de la eficacia del sitio.<\/p>\n<p>Podremos proporcionar su informaci\u00f3n personal -o puede usted facilitar la informaci\u00f3n directamente- a los patrocinadores y\/o a todos aquellos que se encargan de desarrollar las aplicaciones de los servicios vinculados al sitio (por ejemplo, servidores de alojamiento de informaci\u00f3n).<\/p>\n<p>La informaci\u00f3n personal que usted proporcione deber\u00e1 ser exacta y completa, y todos los detalles del registro al sitio \u2013en su caso- deber\u00e1n contener su nombre real, direcci\u00f3n y cualquier otro dato que se solicite. En caso de que <a href=\"https:\/\/www.komsa.com.ar\/\">KOMSA S.A<\/a>. descubra o sea informada de que Ud. ha falseado alguno de los datos brindados al registrarse o uno de ellos no es cierto, la empresa podr\u00e1 dar de baja su perfil de usuario.<\/p>\n<p>Podremos ofrecer enlaces a otros sitios Web que consideramos eventualmente pudieran ofrecer informaci\u00f3n \u00fatil para usted. No obstante ello, es menester que Ud. acepte que no somos ni seremos responsables de los contenidos ni las pol\u00edticas de privacidad de tales sitios ni de la forma de tratamiento de los datos personales de dichos sitios o terceros relacionados a los mismos. Le recomendamos que analice las pol\u00edticas de privacidad de los sitios a los que accede y se interiorice respecto a sus pr\u00e1cticas de recolecci\u00f3n de datos.<\/p>\n<p>Cuando usted accede al sitio, podemos activar una \u201ccookie\u201d. Una cookie es un peque\u00f1o archivo de texto mediante el cual se puede identificar en forma exclusiva un navegador de internet y que suele ser instalado, enviado o escrito en el ordenador de los usuarios de internet, cuando los mismos ingresan a determinados sitios Web, a efectos de obtener autom\u00e1ticamente informaci\u00f3n acerca de la conducta de los Usuarios cuando navegan por dichos sitios.<\/p>\n<p>En este sentido, podemos asignar al ordenador una o m\u00e1s cookies, para facilitar el acceso a nuestro sitio y para personalizar su experiencia en l\u00ednea. A trav\u00e9s del uso de esta funci\u00f3n, tambi\u00e9n autom\u00e1ticamente recopilaremos informaci\u00f3n acerca de su actividad en l\u00ednea en nuestro sitio, como ser las p\u00e1ginas Web que usted visita, la hora y la fecha de su visita, los v\u00ednculos en los que hace clic y las b\u00fasquedas que usted realiza en nuestro sitio.<\/p>\n<p>La mayor\u00eda de los navegadores aceptan autom\u00e1ticamente las cookies, pero usted puede modificar la configuraci\u00f3n del explorador para rechazar y desactivar esta funci\u00f3n. Al hacer esto, sin embargo, le informamos que factiblemente afectar\u00e1 el rendimiento en l\u00ednea y ello podr\u00e1 producir un impacto negativo en su experiencia en nuestro sitio.<\/p>\n<p>El sitio puede almacenar y divulgar informaci\u00f3n personal -seg\u00fan lo permita o requiera la ley aplicable vigente- incluyendo, pero no limitado a; hacer declaraciones que sean necesarias o convenientes para: (a) cumplir con requerimientos legales o judiciales -de cumplimiento de un proceso legal-; y proteger (b) los derechos, la seguridad o la propiedad de <a href=\"https:\/\/www.komsa.com.ar\/\">KOMSA S.A<\/a>. -incluyendo, pero no limitado a casa matriz, filiales o subsidiarias, patrocinadores, usuarios o p\u00fablico en general-.<\/p>\n<p>En caso de que la cuenta o los servicios sean cerrados y\/o finalizados, podremos retener cierta informaci\u00f3n y datos personales asociados a su cuenta para fines anal\u00edticos, evitar y prevenir fraudes, cobrar tarifas debidas, hacer cumplir nuestros T\u00e9rminos y Condiciones, tomar las acciones que consideremos necesarias para proteger la integridad de nuestros usuarios y patrocinadores, o en general realizar cualquier otra acci\u00f3n permitida por la ley.<\/p>\n<p>Del mismo modo, si cierta informaci\u00f3n ya hubiera sido proporcionada a terceros como se describe m\u00e1s arriba en esta Pol\u00edtica de Privacidad, la retenci\u00f3n de dicha informaci\u00f3n estar\u00e1 sujeta a los t\u00e9rminos de dichas pol\u00edticas y al marco normativo aplicable.<\/p>\n<p>Usted puede administrar sus preferencias de marketing poni\u00e9ndose en contacto con nosotros a la siguiente casilla de correo electr\u00f3nico <a href=\"mailto:contacto@komsa.com.ar\">contacto@komsa.com.ar<\/a><\/p>\n<p>Toda modificaci\u00f3n a la presente Pol\u00edtica de Privacidad ser\u00e1 previamente notificada v\u00eda correo electr\u00f3nico a la direcci\u00f3n de correo por Ud. informada. En tal caso, se le proporcionar\u00e1 a usted la oportunidad de brindar su consentimiento -en tiempo y forma- a las nuevas modalidades dispuestas, respecto a los usos y pr\u00e1cticas de tratamiento de su informaci\u00f3n personal. En caso de no estar de acuerdo con dichas modificaciones Ud. deber\u00e1 abstenerse de seguir utilizando los servicios provistos por <a href=\"https:\/\/www.komsa.com.ar\/\">KOMSA S.A<\/a>. y la cuenta ser\u00e1 dada de baja.<\/p>\n<p>Los usuarios de <a href=\"https:\/\/www.komsa.com.ar\/\">www.komsa.com.ar<\/a> deber\u00e1n hacer uso responsable de su cuenta y los servicios provistos por <a href=\"https:\/\/www.komsa.com.ar\/\">KOMSA S.A<\/a>. . En cualquier momento, Ud. podr\u00e1 solicitar la baja como usuario y la eliminaci\u00f3n de su cuenta e informaci\u00f3n de la base de datos de la empresa, como as\u00ed tambi\u00e9n acceder y actualizar a sus datos personales<a href=\"https:\/\/es.wikipedia.org\/wiki\/Impresora\" rel=\"noopener\">.<\/a><\/p>\n<p>\u201cEL TITULAR DE LOS DATOS PERSONALES TIENE LA FACULTAD DE EJERCER EL DERECHO DE ACCESO A LOS MISMOS EN FORMA GRATUITA A INTERVALOS NO INFERIORES A SEIS MESES, SALVO QUE SE ACREDITE UN INTER\u00c9S LEG\u00cdTIMO AL EFECTO CONFORME LO ESTABLECIDO EN EL ART\u00cdCULO 14, INCISO 3 DE LA LEY N\u00ba 25.326 DE LA REPUBLICA ARGENTINA.\u201d<\/p>\n<p>\u201cLA AUTORIDAD DE APLICACI\u00d3N, LA DIRECCI\u00d3N NACIONAL DE PROTECCI\u00d3N DE DATOS PERSONALES, \u00d3RGANO DE CONTROL DE LA LEY N\u00ba 25.326, TIENE LA ATRIBUCI\u00d3N DE ATENDER LAS DENUNCIAS Y RECLAMOS QUE SE INTERPONGAN CON RELACI\u00d3N AL INCUMPLIMIENTO DE LAS NORMAS SOBRE PROTECCI\u00d3N DE DATOS PERSONALES.\u201d<\/p>\n<p>Para contactar a la Direcci\u00f3n Nacional de Protecci\u00f3n de Datos Personales:<\/p>\n<p>L. N. Alem 116 \u2013 Resistencia<\/p>\n<p>TEL. 0362 444-5021<\/p>\n<p>WWW.JUS.GOV.AR\/DATOSPERSONALES<\/p>\n<p>INFODNPDP@JUS.GOV.AR[\/vc_column_text][\/vc_column][\/vc_row]<\/p>\n<\/div>","protected":false},"excerpt":{"rendered":"<p>[vc_row][vc_column][vc_custom_heading text=\u00bbPOL\u00cdTICA DE PRIVACIDAD \u2013 TIENDA ONLINE \u2013 KOMSA\u00bb font_container=\u00bbtag:h2|text_align:center|color:%231e73be\u00bb use_theme_fonts=\u00bbyes\u00bb][vc_empty_space height=\u00bb30px\u00bb][\/vc_column][\/vc_row][vc_row][vc_column][vc_column_text]KOMSA S.A. ha desarrollado esta Pol\u00edtica de Privacidad para describir el modo en que se recopila la informaci\u00f3n y las maneras en que la informaci\u00f3n y los datos personales son tratados y compartidos. Asimismo, se se\u00f1alar\u00e1n las opciones que usted tendr\u00e1 respecto a dichos&hellip;<\/p>\n","protected":false},"author":1,"featured_media":0,"parent":0,"menu_order":0,"comment_status":"closed","ping_status":"closed","template":"","meta":{"_joinchat":[],"footnotes":""},"class_list":["post-2623","page","type-page","status-publish","hentry"],"_links":{"self":[{"href":"https:\/\/komsa.com.ar\/tienda\/wp-json\/wp\/v2\/pages\/2623","targetHints":{"allow":["GET"]}}],"collection":[{"href":"https:\/\/komsa.com.ar\/tienda\/wp-json\/wp\/v2\/pages"}],"about":[{"href":"https:\/\/komsa.com.ar\/tienda\/wp-json\/wp\/v2\/types\/page"}],"author":[{"embeddable":true,"href":"https:\/\/komsa.com.ar\/tienda\/wp-json\/wp\/v2\/users\/1"}],"replies":[{"embeddable":true,"href":"https:\/\/komsa.com.ar\/tienda\/wp-json\/wp\/v2\/comments?post=2623"}],"version-history":[{"count":4,"href":"https:\/\/komsa.com.ar\/tienda\/wp-json\/wp\/v2\/pages\/2623\/revisions"}],"predecessor-version":[{"id":4668,"href":"https:\/\/komsa.com.ar\/tienda\/wp-json\/wp\/v2\/pages\/2623\/revisions\/4668"}],"wp:attachment":[{"href":"https:\/\/komsa.com.ar\/tienda\/wp-json\/wp\/v2\/media?parent=2623"}],"curies":[{"name":"wp","href":"https:\/\/api.w.org\/{rel}","templated":true}]}}